{"id":8,"date":"2016-03-28T03:11:14","date_gmt":"2016-03-28T03:11:14","guid":{"rendered":"https:\/\/haciendadelossantos.com\/wp2\/?page_id=8"},"modified":"2023-11-16T14:17:57","modified_gmt":"2023-11-16T21:17:57","slug":"home","status":"publish","type":"page","link":"https:\/\/haciendadelossantos.com\/wp2\/","title":{"rendered":"Home"},"content":{"rendered":"<p>\n<div id=\"rev_slider_4_1_wrapper\" class=\"rev_slider_wrapper fullwidthbanner-container\" style=\"margin:0px auto;background-color:transparent;padding:0px;margin-top:0px;margin-bottom:0px;\">\n<!-- START REVOLUTION SLIDER 5.2.6 fullwidth mode -->\n\t<div id=\"rev_slider_4_1\" class=\"rev_slider fullwidthabanner tp-overflow-hidden\" style=\"display:none;\" data-version=\"5.2.6\">\n<ul>\t<!-- SLIDE  -->\n\t<li data-index=\"rs-16\" data-transition=\"fade\" data-slotamount=\"default\" data-hideafterloop=\"0\" data-hideslideonmobile=\"off\"  data-easein=\"default\" data-easeout=\"default\" data-masterspeed=\"600\"  data-thumb=\"\"  data-delay=\"19680\"  data-rotate=\"0\"  data-saveperformance=\"off\"  data-title=\"Slide\" data-param1=\"\" data-param2=\"\" data-param3=\"\" data-param4=\"\" data-param5=\"\" data-param6=\"\" data-param7=\"\" data-param8=\"\" data-param9=\"\" data-param10=\"\" data-description=\"\">\n\t\t<!-- MAIN IMAGE -->\n\t\t<img decoding=\"async\" src=\"https:\/\/haciendadelossantos.com\/wp2\/wp-content\/plugins\/revslider\/admin\/assets\/images\/dummy.png\"  alt=\"\" title=\"Home\"  data-lazyload=\"https:\/\/haciendadelossantos.com\/wp2\/wp-content\/plugins\/revslider\/admin\/assets\/images\/transparent.png\" data-bgposition=\"center center\" data-bgfit=\"cover\" data-bgrepeat=\"no-repeat\" class=\"rev-slidebg\" data-no-retina>\n\t\t<!-- LAYERS -->\n\n\t\t<!-- LAYER NR. 1 -->\n\t\t<div class=\"tp-caption   tp-resizeme\" \n\t\t\t id=\"slide-16-layer-4\" \n\t\t\t data-x=\"['center','center','center','center']\" data-hoffset=\"['0','0','0','0']\" \n\t\t\t data-y=\"['top','top','top','top']\" data-voffset=\"['0','0','0','0']\" \n\t\t\t\t\t\tdata-width=\"full-proportional\"\n\t\t\tdata-height=\"full-proportional\"\n\t\t\tdata-whitespace=\"nowrap\"\n\t\t\tdata-transform_idle=\"o:1;\"\n \n\t\t\t data-transform_in=\"opacity:0;s:2;e:Power2.easeInOut;\" \n\t\t\t data-transform_out=\"opacity:0;s:100;\" \n\t\t\tdata-start=\"0\" \n\t\t\tdata-responsive_offset=\"on\" \n\n\t\t\t data-end=\"10400\" \n\n\t\t\tstyle=\"z-index: 5;text-transform:left;background-color:rgba(234, 0, 242, 1.00);\">\n<div class=\"rs-looped rs-slideloop\"  data-easing=\"linearEaseNone\" data-speed=\"2\" data-xs=\"0\" data-xe=\"0\" data-ys=\"0\" data-ye=\"0\"><img loading=\"lazy\" decoding=\"async\" src=\"https:\/\/haciendadelossantos.com\/wp2\/wp-content\/plugins\/revslider\/admin\/assets\/images\/dummy.png\" alt=\"\" width=\"1062\" height=\"705\" data-ww=\"['full-proportional','full-proportional','full-proportional','full-proportional']\" data-hh=\"['full-proportional','full-proportional','full-proportional','full-proportional']\" data-lazyload=\"https:\/\/haciendadelossantos.com\/wp2\/wp-content\/uploads\/2016\/09\/1.jpg\" data-no-retina> <\/div><\/div>\n\n\t\t<!-- LAYER NR. 2 -->\n\t\t<div class=\"tp-caption   tp-resizeme\" \n\t\t\t id=\"slide-16-layer-5\" \n\t\t\t data-x=\"['center','center','center','center']\" data-hoffset=\"['0','0','0','0']\" \n\t\t\t data-y=\"['top','top','top','top']\" data-voffset=\"['0','0','0','0']\" \n\t\t\t\t\t\tdata-width=\"full-proportional\"\n\t\t\tdata-height=\"full-proportional\"\n\t\t\tdata-whitespace=\"nowrap\"\n\t\t\tdata-transform_idle=\"o:1;\"\n \n\t\t\t data-transform_in=\"opacity:0;s:120;e:Power2.easeInOut;\" \n\t\t\t data-transform_out=\"opacity:0;s:220;\" \n\t\t\tdata-start=\"4540\" \n\t\t\tdata-responsive_offset=\"on\" \n\n\t\t\t data-end=\"13040\" \n\n\t\t\tstyle=\"z-index: 6;text-transform:left;\">\n<div class=\"rs-looped rs-slideloop\"  data-easing=\"Power1.easeOut\" data-speed=\"2\" data-xs=\"0\" data-xe=\"0\" data-ys=\"0\" data-ye=\"0\"><img loading=\"lazy\" decoding=\"async\" src=\"https:\/\/haciendadelossantos.com\/wp2\/wp-content\/plugins\/revslider\/admin\/assets\/images\/dummy.png\" alt=\"\" width=\"1062\" height=\"705\" data-ww=\"['full-proportional','full-proportional','full-proportional','full-proportional']\" data-hh=\"['full-proportional','full-proportional','full-proportional','full-proportional']\" data-lazyload=\"https:\/\/haciendadelossantos.com\/wp2\/wp-content\/uploads\/2016\/09\/2.jpg\" data-no-retina> <\/div><\/div>\n\n\t\t<!-- LAYER NR. 3 -->\n\t\t<div class=\"tp-caption   tp-resizeme\" \n\t\t\t id=\"slide-16-layer-6\" \n\t\t\t data-x=\"['center','center','center','center']\" data-hoffset=\"['0','0','0','0']\" \n\t\t\t data-y=\"['top','top','top','top']\" data-voffset=\"['0','0','0','0']\" \n\t\t\t\t\t\tdata-width=\"full-proportional\"\n\t\t\tdata-height=\"full-proportional\"\n\t\t\tdata-whitespace=\"nowrap\"\n\t\t\tdata-transform_idle=\"o:1;\"\n \n\t\t\t data-transform_in=\"opacity:0;s:240;e:Power2.easeInOut;\" \n\t\t\t data-transform_out=\"opacity:0;s:300;\" \n\t\t\tdata-start=\"8510\" \n\t\t\tdata-responsive_offset=\"on\" \n\n\t\t\t data-end=\"15110\" \n\n\t\t\tstyle=\"z-index: 7;text-transform:left;\">\n<div class=\"rs-looped rs-slideloop\"  data-easing=\"linearEaseNone\" data-speed=\"2\" data-xs=\"0\" data-xe=\"0\" data-ys=\"0\" data-ye=\"0\"><img loading=\"lazy\" decoding=\"async\" src=\"https:\/\/haciendadelossantos.com\/wp2\/wp-content\/plugins\/revslider\/admin\/assets\/images\/dummy.png\" alt=\"\" width=\"1059\" height=\"705\" data-ww=\"['full-proportional','full-proportional','full-proportional','full-proportional']\" data-hh=\"['full-proportional','full-proportional','full-proportional','full-proportional']\" data-lazyload=\"https:\/\/haciendadelossantos.com\/wp2\/wp-content\/uploads\/2016\/09\/3.jpg\" data-no-retina> <\/div><\/div>\n\n\t\t<!-- LAYER NR. 4 -->\n\t\t<div class=\"tp-caption   tp-resizeme\" \n\t\t\t id=\"slide-16-layer-7\" \n\t\t\t data-x=\"['center','center','center','center']\" data-hoffset=\"['0','0','0','0']\" \n\t\t\t data-y=\"['top','top','top','top']\" data-voffset=\"['0','0','0','0']\" \n\t\t\t\t\t\tdata-width=\"full-proportional\"\n\t\t\tdata-height=\"full-proportional\"\n\t\t\tdata-whitespace=\"nowrap\"\n\t\t\tdata-transform_idle=\"o:1;\"\n \n\t\t\t data-transform_in=\"opacity:0;s:320;e:Power2.easeInOut;\" \n\t\t\t data-transform_out=\"opacity:0;s:1.875;\" \n\t\t\tdata-start=\"12100\" \n\t\t\tdata-responsive_offset=\"on\" \n\n\t\t\t data-end=\"18458.125\" \n\n\t\t\tstyle=\"z-index: 8;text-transform:left;\">\n<div class=\"rs-looped rs-slideloop\"  data-easing=\"linearEaseNone\" data-speed=\"2\" data-xs=\"0\" data-xe=\"0\" data-ys=\"0\" data-ye=\"0\"><img loading=\"lazy\" decoding=\"async\" src=\"https:\/\/haciendadelossantos.com\/wp2\/wp-content\/plugins\/revslider\/admin\/assets\/images\/dummy.png\" alt=\"\" width=\"1062\" height=\"705\" data-ww=\"['full-proportional','full-proportional','full-proportional','full-proportional']\" data-hh=\"['full-proportional','full-proportional','full-proportional','full-proportional']\" data-lazyload=\"https:\/\/haciendadelossantos.com\/wp2\/wp-content\/uploads\/2016\/09\/4.jpg\" data-no-retina> <\/div><\/div>\n\n\t\t<!-- LAYER NR. 5 -->\n\t\t<div class=\"tp-caption   tp-resizeme\" \n\t\t\t id=\"slide-16-layer-11\" \n\t\t\t data-x=\"['center','center','center','center']\" data-hoffset=\"['0','0','0','0']\" \n\t\t\t data-y=\"['top','top','top','top']\" data-voffset=\"['-103','-103','-103','-103']\" \n\t\t\t\t\t\tdata-width=\"full-proportional\"\n\t\t\tdata-height=\"full-proportional\"\n\t\t\tdata-whitespace=\"nowrap\"\n\t\t\tdata-transform_idle=\"o:1;\"\n \n\t\t\t data-transform_in=\"opacity:0;s:300;e:Power2.easeInOut;\" \n\t\t\t data-transform_out=\"opacity:0;s:300;\" \n\t\t\tdata-start=\"15580\" \n\t\t\tdata-responsive_offset=\"on\" \n\n\t\t\t\n\t\t\tstyle=\"z-index: 9;text-transform:left;\">\n<div class=\"rs-looped rs-slideloop\"  data-easing=\"linearEaseNone\" data-speed=\"2\" data-xs=\"0\" data-xe=\"0\" data-ys=\"0\" data-ye=\"0\"><img loading=\"lazy\" decoding=\"async\" src=\"https:\/\/haciendadelossantos.com\/wp2\/wp-content\/plugins\/revslider\/admin\/assets\/images\/dummy.png\" alt=\"\" width=\"1386\" height=\"913\" data-ww=\"['full-proportional','full-proportional','full-proportional','full-proportional']\" data-hh=\"['full-proportional','full-proportional','full-proportional','full-proportional']\" data-lazyload=\"https:\/\/haciendadelossantos.com\/wp2\/wp-content\/uploads\/2016\/10\/slider5.jpg\" data-no-retina> <\/div><\/div>\n\t<\/li>\n\t<!-- SLIDE  -->\n\t<li data-index=\"rs-16-1\" data-transition=\"fade\" data-slotamount=\"default\" data-hideafterloop=\"0\" data-hideslideonmobile=\"off\"  data-easein=\"default\" data-easeout=\"default\" data-masterspeed=\"600\"  data-thumb=\"\"  data-delay=\"19680\"  data-rotate=\"0\"  data-saveperformance=\"off\"  data-title=\"Slide\" data-param1=\"\" data-param2=\"\" data-param3=\"\" data-param4=\"\" data-param5=\"\" data-param6=\"\" data-param7=\"\" data-param8=\"\" data-param9=\"\" data-param10=\"\" data-description=\"\">\n\t\t<!-- MAIN IMAGE -->\n\t\t<img decoding=\"async\" src=\"https:\/\/haciendadelossantos.com\/wp2\/wp-content\/plugins\/revslider\/admin\/assets\/images\/dummy.png\"  alt=\"\" title=\"Home\"  data-lazyload=\"https:\/\/haciendadelossantos.com\/wp2\/wp-content\/plugins\/revslider\/admin\/assets\/images\/transparent.png\" data-bgposition=\"center center\" data-bgfit=\"cover\" data-bgrepeat=\"no-repeat\" class=\"rev-slidebg\" data-no-retina>\n\t\t<!-- LAYERS -->\n\n\t\t<!-- LAYER NR. 1 -->\n\t\t<div class=\"tp-caption   tp-resizeme\" \n\t\t\t id=\"slide-161-layer-4\" \n\t\t\t data-x=\"['center','center','center','center']\" data-hoffset=\"['0','0','0','0']\" \n\t\t\t data-y=\"['top','top','top','top']\" data-voffset=\"['0','0','0','0']\" \n\t\t\t\t\t\tdata-width=\"full-proportional\"\n\t\t\tdata-height=\"full-proportional\"\n\t\t\tdata-whitespace=\"nowrap\"\n\t\t\tdata-transform_idle=\"o:1;\"\n \n\t\t\t data-transform_in=\"opacity:0;s:2;e:Power2.easeInOut;\" \n\t\t\t data-transform_out=\"opacity:0;s:100;\" \n\t\t\tdata-start=\"0\" \n\t\t\tdata-responsive_offset=\"on\" \n\n\t\t\t data-end=\"10400\" \n\n\t\t\tstyle=\"z-index: 5;text-transform:left;background-color:rgba(234, 0, 242, 1.00);\">\n<div class=\"rs-looped rs-slideloop\"  data-easing=\"linearEaseNone\" data-speed=\"2\" data-xs=\"0\" data-xe=\"0\" data-ys=\"0\" data-ye=\"0\"><img loading=\"lazy\" decoding=\"async\" src=\"https:\/\/haciendadelossantos.com\/wp2\/wp-content\/plugins\/revslider\/admin\/assets\/images\/dummy.png\" alt=\"\" width=\"1062\" height=\"705\" data-ww=\"['full-proportional','full-proportional','full-proportional','full-proportional']\" data-hh=\"['full-proportional','full-proportional','full-proportional','full-proportional']\" data-lazyload=\"https:\/\/haciendadelossantos.com\/wp2\/wp-content\/uploads\/2016\/09\/1.jpg\" data-no-retina> <\/div><\/div>\n\n\t\t<!-- LAYER NR. 2 -->\n\t\t<div class=\"tp-caption   tp-resizeme\" \n\t\t\t id=\"slide-161-layer-5\" \n\t\t\t data-x=\"['center','center','center','center']\" data-hoffset=\"['0','0','0','0']\" \n\t\t\t data-y=\"['top','top','top','top']\" data-voffset=\"['0','0','0','0']\" \n\t\t\t\t\t\tdata-width=\"full-proportional\"\n\t\t\tdata-height=\"full-proportional\"\n\t\t\tdata-whitespace=\"nowrap\"\n\t\t\tdata-transform_idle=\"o:1;\"\n \n\t\t\t data-transform_in=\"opacity:0;s:120;e:Power2.easeInOut;\" \n\t\t\t data-transform_out=\"opacity:0;s:220;\" \n\t\t\tdata-start=\"4540\" \n\t\t\tdata-responsive_offset=\"on\" \n\n\t\t\t data-end=\"13040\" \n\n\t\t\tstyle=\"z-index: 6;text-transform:left;\">\n<div class=\"rs-looped rs-slideloop\"  data-easing=\"Power1.easeOut\" data-speed=\"2\" data-xs=\"0\" data-xe=\"0\" data-ys=\"0\" data-ye=\"0\"><img loading=\"lazy\" decoding=\"async\" src=\"https:\/\/haciendadelossantos.com\/wp2\/wp-content\/plugins\/revslider\/admin\/assets\/images\/dummy.png\" alt=\"\" width=\"1062\" height=\"705\" data-ww=\"['full-proportional','full-proportional','full-proportional','full-proportional']\" data-hh=\"['full-proportional','full-proportional','full-proportional','full-proportional']\" data-lazyload=\"https:\/\/haciendadelossantos.com\/wp2\/wp-content\/uploads\/2016\/09\/2.jpg\" data-no-retina> <\/div><\/div>\n\n\t\t<!-- LAYER NR. 3 -->\n\t\t<div class=\"tp-caption   tp-resizeme\" \n\t\t\t id=\"slide-161-layer-6\" \n\t\t\t data-x=\"['center','center','center','center']\" data-hoffset=\"['0','0','0','0']\" \n\t\t\t data-y=\"['top','top','top','top']\" data-voffset=\"['0','0','0','0']\" \n\t\t\t\t\t\tdata-width=\"full-proportional\"\n\t\t\tdata-height=\"full-proportional\"\n\t\t\tdata-whitespace=\"nowrap\"\n\t\t\tdata-transform_idle=\"o:1;\"\n \n\t\t\t data-transform_in=\"opacity:0;s:240;e:Power2.easeInOut;\" \n\t\t\t data-transform_out=\"opacity:0;s:300;\" \n\t\t\tdata-start=\"8510\" \n\t\t\tdata-responsive_offset=\"on\" \n\n\t\t\t data-end=\"15110\" \n\n\t\t\tstyle=\"z-index: 7;text-transform:left;\">\n<div class=\"rs-looped rs-slideloop\"  data-easing=\"linearEaseNone\" data-speed=\"2\" data-xs=\"0\" data-xe=\"0\" data-ys=\"0\" data-ye=\"0\"><img loading=\"lazy\" decoding=\"async\" src=\"https:\/\/haciendadelossantos.com\/wp2\/wp-content\/plugins\/revslider\/admin\/assets\/images\/dummy.png\" alt=\"\" width=\"1059\" height=\"705\" data-ww=\"['full-proportional','full-proportional','full-proportional','full-proportional']\" data-hh=\"['full-proportional','full-proportional','full-proportional','full-proportional']\" data-lazyload=\"https:\/\/haciendadelossantos.com\/wp2\/wp-content\/uploads\/2016\/09\/3.jpg\" data-no-retina> <\/div><\/div>\n\n\t\t<!-- LAYER NR. 4 -->\n\t\t<div class=\"tp-caption   tp-resizeme\" \n\t\t\t id=\"slide-161-layer-7\" \n\t\t\t data-x=\"['center','center','center','center']\" data-hoffset=\"['0','0','0','0']\" \n\t\t\t data-y=\"['top','top','top','top']\" data-voffset=\"['0','0','0','0']\" \n\t\t\t\t\t\tdata-width=\"full-proportional\"\n\t\t\tdata-height=\"full-proportional\"\n\t\t\tdata-whitespace=\"nowrap\"\n\t\t\tdata-transform_idle=\"o:1;\"\n \n\t\t\t data-transform_in=\"opacity:0;s:320;e:Power2.easeInOut;\" \n\t\t\t data-transform_out=\"opacity:0;s:1.875;\" \n\t\t\tdata-start=\"12100\" \n\t\t\tdata-responsive_offset=\"on\" \n\n\t\t\t data-end=\"18458.125\" \n\n\t\t\tstyle=\"z-index: 8;text-transform:left;\">\n<div class=\"rs-looped rs-slideloop\"  data-easing=\"linearEaseNone\" data-speed=\"2\" data-xs=\"0\" data-xe=\"0\" data-ys=\"0\" data-ye=\"0\"><img loading=\"lazy\" decoding=\"async\" src=\"https:\/\/haciendadelossantos.com\/wp2\/wp-content\/plugins\/revslider\/admin\/assets\/images\/dummy.png\" alt=\"\" width=\"1062\" height=\"705\" data-ww=\"['full-proportional','full-proportional','full-proportional','full-proportional']\" data-hh=\"['full-proportional','full-proportional','full-proportional','full-proportional']\" data-lazyload=\"https:\/\/haciendadelossantos.com\/wp2\/wp-content\/uploads\/2016\/09\/4.jpg\" data-no-retina> <\/div><\/div>\n\n\t\t<!-- LAYER NR. 5 -->\n\t\t<div class=\"tp-caption   tp-resizeme\" \n\t\t\t id=\"slide-161-layer-11\" \n\t\t\t data-x=\"['center','center','center','center']\" data-hoffset=\"['0','0','0','0']\" \n\t\t\t data-y=\"['top','top','top','top']\" data-voffset=\"['-103','-103','-103','-103']\" \n\t\t\t\t\t\tdata-width=\"full-proportional\"\n\t\t\tdata-height=\"full-proportional\"\n\t\t\tdata-whitespace=\"nowrap\"\n\t\t\tdata-transform_idle=\"o:1;\"\n \n\t\t\t data-transform_in=\"opacity:0;s:300;e:Power2.easeInOut;\" \n\t\t\t data-transform_out=\"opacity:0;s:300;\" \n\t\t\tdata-start=\"15580\" \n\t\t\tdata-responsive_offset=\"on\" \n\n\t\t\t\n\t\t\tstyle=\"z-index: 9;text-transform:left;\">\n<div class=\"rs-looped rs-slideloop\"  data-easing=\"linearEaseNone\" data-speed=\"2\" data-xs=\"0\" data-xe=\"0\" data-ys=\"0\" data-ye=\"0\"><img loading=\"lazy\" decoding=\"async\" src=\"https:\/\/haciendadelossantos.com\/wp2\/wp-content\/plugins\/revslider\/admin\/assets\/images\/dummy.png\" alt=\"\" width=\"1386\" height=\"913\" data-ww=\"['full-proportional','full-proportional','full-proportional','full-proportional']\" data-hh=\"['full-proportional','full-proportional','full-proportional','full-proportional']\" data-lazyload=\"https:\/\/haciendadelossantos.com\/wp2\/wp-content\/uploads\/2016\/10\/slider5.jpg\" data-no-retina> <\/div><\/div>\n\t<\/li>\n<\/ul>\n<script>var htmlDiv = document.getElementById(\"rs-plugin-settings-inline-css\"); var htmlDivCss=\"\";\r\n\t\t\t\t\t\tif(htmlDiv) {\r\n\t\t\t\t\t\t\thtmlDiv.innerHTML = htmlDiv.innerHTML + htmlDivCss;\r\n\t\t\t\t\t\t}else{\r\n\t\t\t\t\t\t\tvar htmlDiv = document.createElement(\"div\");\r\n\t\t\t\t\t\t\thtmlDiv.innerHTML = \"<style>\" + htmlDivCss + \"<\/style>\";\r\n\t\t\t\t\t\t\tdocument.getElementsByTagName(\"head\")[0].appendChild(htmlDiv.childNodes[0]);\r\n\t\t\t\t\t\t}\r\n\t\t\t\t\t<\/script>\n<div class=\"tp-bannertimer tp-bottom\" style=\"visibility: hidden !important;\"><\/div>\t<\/div>\n<script>var htmlDiv = document.getElementById(\"rs-plugin-settings-inline-css\"); var htmlDivCss=\"\";\r\n\t\t\t\tif(htmlDiv) {\r\n\t\t\t\t\thtmlDiv.innerHTML = htmlDiv.innerHTML + htmlDivCss;\r\n\t\t\t\t}else{\r\n\t\t\t\t\tvar htmlDiv = document.createElement(\"div\");\r\n\t\t\t\t\thtmlDiv.innerHTML = \"<style>\" + htmlDivCss + \"<\/style>\";\r\n\t\t\t\t\tdocument.getElementsByTagName(\"head\")[0].appendChild(htmlDiv.childNodes[0]);\r\n\t\t\t\t}\r\n\t\t\t<\/script>\n\t\t<script type=\"text\/javascript\">\r\n\t\t\t\t\t\t\/******************************************\r\n\t\t\t\t-\tPREPARE PLACEHOLDER FOR SLIDER\t-\r\n\t\t\t******************************************\/\r\n\r\n\t\t\tvar setREVStartSize=function(){\r\n\t\t\t\ttry{var e=new Object,i=jQuery(window).width(),t=9999,r=0,n=0,l=0,f=0,s=0,h=0;\r\n\t\t\t\t\te.c = jQuery('#rev_slider_4_1');\r\n\t\t\t\t\te.responsiveLevels = [1240,1024,778,480];\r\n\t\t\t\t\te.gridwidth = [1440,1024,778,480];\r\n\t\t\t\t\te.gridheight = [800,600,500,400];\r\n\t\t\t\t\t\t\t\r\n\t\t\t\t\te.sliderLayout = \"fullwidth\";\r\n\t\t\t\t\tif(e.responsiveLevels&&(jQuery.each(e.responsiveLevels,function(e,f){f>i&&(t=r=f,l=e),i>f&&f>r&&(r=f,n=e)}),t>r&&(l=n)),f=e.gridheight[l]||e.gridheight[0]||e.gridheight,s=e.gridwidth[l]||e.gridwidth[0]||e.gridwidth,h=i\/s,h=h>1?1:h,f=Math.round(h*f),\"fullscreen\"==e.sliderLayout){var u=(e.c.width(),jQuery(window).height());if(void 0!=e.fullScreenOffsetContainer){var c=e.fullScreenOffsetContainer.split(\",\");if (c) jQuery.each(c,function(e,i){u=jQuery(i).length>0?u-jQuery(i).outerHeight(!0):u}),e.fullScreenOffset.split(\"%\").length>1&&void 0!=e.fullScreenOffset&&e.fullScreenOffset.length>0?u-=jQuery(window).height()*parseInt(e.fullScreenOffset,0)\/100:void 0!=e.fullScreenOffset&&e.fullScreenOffset.length>0&&(u-=parseInt(e.fullScreenOffset,0))}f=u}else void 0!=e.minHeight&&f<e.minHeight&&(f=e.minHeight);e.c.closest(\".rev_slider_wrapper\").css({height:f})\r\n\t\t\t\t\t\r\n\t\t\t\t}catch(d){console.log(\"Failure at Presize of Slider:\"+d)}\r\n\t\t\t};\r\n\t\t\t\r\n\t\t\tsetREVStartSize();\r\n\t\t\t\r\n\t\t\t\t\t\tvar tpj=jQuery;\r\n\t\t\t\r\n\t\t\tvar revapi4;\r\n\t\t\ttpj(document).ready(function() {\n\t\t\t\tif(tpj(\"#rev_slider_4_1\").revolution == undefined){\n\t\t\t\t\trevslider_showDoubleJqueryError(\"#rev_slider_4_1\");\n\t\t\t\t}else{\n\t\t\t\t\trevapi4 = tpj(\"#rev_slider_4_1\").show().revolution({\n\t\t\t\t\t\tsliderType:\"standard\",\njsFileLocation:\"\/\/haciendadelossantos.com\/wp2\/wp-content\/plugins\/revslider\/public\/assets\/js\/\",\n\t\t\t\t\t\tsliderLayout:\"fullwidth\",\n\t\t\t\t\t\tdottedOverlay:\"none\",\n\t\t\t\t\t\tdelay:19000,\n\t\t\t\t\t\tnavigation: {\n\t\t\t\t\t\t\tkeyboardNavigation:\"off\",\n\t\t\t\t\t\t\tkeyboard_direction: \"horizontal\",\n\t\t\t\t\t\t\tmouseScrollNavigation:\"off\",\n \t\t\t\t\t\t\tmouseScrollReverse:\"default\",\n\t\t\t\t\t\t\tonHoverStop:\"off\",\n\t\t\t\t\t\t\ttouch:{\n\t\t\t\t\t\t\t\ttouchenabled:\"on\",\n\t\t\t\t\t\t\t\tswipe_threshold: 75,\n\t\t\t\t\t\t\t\tswipe_min_touches: 50,\n\t\t\t\t\t\t\t\tswipe_direction: \"horizontal\",\n\t\t\t\t\t\t\t\tdrag_block_vertical: false\n\t\t\t\t\t\t\t}\n\t\t\t\t\t\t\t,\n\t\t\t\t\t\t\tbullets: {\n\t\t\t\t\t\t\t\tenable:true,\n\t\t\t\t\t\t\t\thide_onmobile:false,\n\t\t\t\t\t\t\t\thide_over:200,\n\t\t\t\t\t\t\t\tstyle:\"hephaistos\",\n\t\t\t\t\t\t\t\thide_onleave:false,\n\t\t\t\t\t\t\t\tdirection:\"horizontal\",\n\t\t\t\t\t\t\t\th_align:\"center\",\n\t\t\t\t\t\t\t\tv_align:\"bottom\",\n\t\t\t\t\t\t\t\th_offset:0,\n\t\t\t\t\t\t\t\tv_offset:30,\n\t\t\t\t\t\t\t\tspace:5,\n\t\t\t\t\t\t\t\ttmp:''\n\t\t\t\t\t\t\t}\n\t\t\t\t\t\t},\n\t\t\t\t\t\tresponsiveLevels:[1240,1024,778,480],\n\t\t\t\t\t\tvisibilityLevels:[1240,1024,778,480],\n\t\t\t\t\t\tgridwidth:[1440,1024,778,480],\n\t\t\t\t\t\tgridheight:[800,600,500,400],\n\t\t\t\t\t\tlazyType:\"smart\",\n\t\t\t\t\t\tshadow:0,\n\t\t\t\t\t\tspinner:\"off\",\n\t\t\t\t\t\tstopLoop:\"off\",\n\t\t\t\t\t\tstopAfterLoops:-1,\n\t\t\t\t\t\tstopAtSlide:-1,\n\t\t\t\t\t\tshuffle:\"off\",\n\t\t\t\t\t\tautoHeight:\"off\",\n\t\t\t\t\t\tdisableProgressBar:\"on\",\n\t\t\t\t\t\thideThumbsOnMobile:\"off\",\n\t\t\t\t\t\thideSliderAtLimit:0,\n\t\t\t\t\t\thideCaptionAtLimit:0,\n\t\t\t\t\t\thideAllCaptionAtLilmit:0,\n\t\t\t\t\t\tdebugMode:false,\n\t\t\t\t\t\tfallbacks: {\n\t\t\t\t\t\t\tsimplifyAll:\"off\",\n\t\t\t\t\t\t\tnextSlideOnWindowFocus:\"on\",\n\t\t\t\t\t\t\tdisableFocusListener:true,\n\t\t\t\t\t\t}\n\t\t\t\t\t});\n\t\t\t\t}\n\t\t\t});\t\/*ready*\/\n\t\t<\/script>\r\n\t\t<script>\r\n\t\t\t\t\tvar htmlDivCss = unescape(\".hephaistos%20.tp-bullet%20%7B%0A%09width%3A12px%3B%0A%09height%3A12px%3B%0A%09position%3Aabsolute%3B%0A%09background%3Argba%28153%2C%20153%2C%20153%2C%201%29%3B%0A%09border%3A3px%20solid%20rgba%28255%2C255%2C255%2C0.9%29%3B%0A%09border-radius%3A50%25%3B%0A%09cursor%3A%20pointer%3B%0A%09box-sizing%3Acontent-box%3B%0A%20%20%20%20box-shadow%3A%200px%200px%202px%201px%20rgba%28130%2C130%2C130%2C%200.3%29%3B%0A%7D%0A.hephaistos%20.tp-bullet%3Ahover%2C%0A.hephaistos%20.tp-bullet.selected%20%7B%0A%09background%3Argba%28255%2C%20255%2C%20255%2C%201%29%3B%0A%20%20%20%20border-color%3Argba%280%2C%200%2C%200%2C%201%29%3B%0A%7D%0A\");\r\n\t\t\t\t\tvar htmlDiv = document.getElementById('rs-plugin-settings-inline-css');\r\n\t\t\t\t\tif(htmlDiv) {\r\n\t\t\t\t\t\thtmlDiv.innerHTML = htmlDiv.innerHTML + htmlDivCss;\r\n\t\t\t\t\t}\r\n\t\t\t\t\telse{\r\n\t\t\t\t\t\tvar htmlDiv = document.createElement('div');\r\n\t\t\t\t\t\thtmlDiv.innerHTML = '<style>' + htmlDivCss + '<\/style>';\r\n\t\t\t\t\t\tdocument.getElementsByTagName('head')[0].appendChild(htmlDiv.childNodes[0]);\r\n\t\t\t\t\t}\r\n\t\t\t\t  <\/script>\r\n\t\t\t\t<\/div><!-- END REVOLUTION SLIDER --><\/p>\n<p>After a meticulous 24-year-long renovation, three Spanish Colonial mansions and one sugar mill\u2014all located in the heart of the picturesque town of Alamos\u2014were gorgeously transformed into a luxurious boutique hotel that transports its guests to a gentler, kinder era, when smiles were plentiful and the service as exquisite as the bed linens. Connected by stone walkways, brick passageways and a stone footbridge, the buildings are now decorated with hand-carved antiques, period pieces and an impressive array of original artwork and Spanish Colonial art, including a tasteful collection of saints, altarpieces and votive offerings, which gave rise to this unique getaway\u2019s name: Hacienda de los Santos<sup>\u00ae<\/sup> (House of the Saints).<\/p>\n<p>&nbsp;<\/p>\n<div style=\"overflow: hidden; height: 1px;\">Nuestra farmacia online le ofrece  a precios asequibles. Tenemos la licencia necesaria para vender y para hacer pedidos, todo lo que tiene que hacer es crear una cuenta online en nuestro sitio web. La opci\u00f3n de  en l\u00ednea es muy \u00fatil cuando su salud y una vida sexual plena se convierten en una prioridad. \u00a1Es hora de salir de su zona de confort!<\/div>\n<p>Today, Hacienda de los Santos<sup>\u00ae<\/sup> offers its guests\u00a032\u00a0<strong><a title=\"Accommodations\" href=\"https:\/\/haciendadelossantos.com\/wp2\/accomodations\/\">guestroom, suites and villas<\/a><\/strong>; superb gourmet <strong><a title=\"Dining\" href=\"https:\/\/haciendadelossantos.com\/wp2\/dinning\/\">dining<\/a><\/strong>; an onsite <a title=\"Spa\" href=\"http:\/\/haciendadelossantos.com\/site\/spa\">Spa<\/a> and much, much more. We invite you to explore our website\u2026 And begin to immerse yourself in your next\u2014and most extraordinary\u2014vacation experience.<\/p>\n<p>&nbsp;<\/p>","protected":false},"excerpt":{"rendered":"<p>\nAfter a meticulous 24-year-long renovation, three Spanish Colonial mansions and one sugar mill\u2014all located in the heart of the <\/p>\n","protected":false},"author":1,"featured_media":0,"parent":0,"menu_order":0,"comment_status":"closed","ping_status":"closed","template":"page-templates\/homepage.php","meta":{"footnotes":""},"class_list":["post-8","page","type-page","status-publish","hentry"],"_links":{"self":[{"href":"https:\/\/haciendadelossantos.com\/wp2\/wp-json\/wp\/v2\/pages\/8","targetHints":{"allow":["GET"]}}],"collection":[{"href":"https:\/\/haciendadelossantos.com\/wp2\/wp-json\/wp\/v2\/pages"}],"about":[{"href":"https:\/\/haciendadelossantos.com\/wp2\/wp-json\/wp\/v2\/types\/page"}],"author":[{"embeddable":true,"href":"https:\/\/haciendadelossantos.com\/wp2\/wp-json\/wp\/v2\/users\/1"}],"replies":[{"embeddable":true,"href":"https:\/\/haciendadelossantos.com\/wp2\/wp-json\/wp\/v2\/comments?post=8"}],"version-history":[{"count":9,"href":"https:\/\/haciendadelossantos.com\/wp2\/wp-json\/wp\/v2\/pages\/8\/revisions"}],"predecessor-version":[{"id":1096,"href":"https:\/\/haciendadelossantos.com\/wp2\/wp-json\/wp\/v2\/pages\/8\/revisions\/1096"}],"wp:attachment":[{"href":"https:\/\/haciendadelossantos.com\/wp2\/wp-json\/wp\/v2\/media?parent=8"}],"curies":[{"name":"wp","href":"https:\/\/api.w.org\/{rel}","templated":true}]}}