{"id":170,"date":"2016-09-09T21:46:03","date_gmt":"2016-09-10T04:46:03","guid":{"rendered":"https:\/\/haciendadelossantos.com\/wp2\/?page_id=170"},"modified":"2022-12-04T16:04:20","modified_gmt":"2022-12-04T23:04:20","slug":"hacienda-spa","status":"publish","type":"page","link":"https:\/\/haciendadelossantos.com\/wp2\/es\/spa\/hacienda-spa\/","title":{"rendered":"Hacienda Spa"},"content":{"rendered":"<p><\/p>\n<div class=\"entry-text\">\n<div class=\"entry-text\">\n<p><strong>Pedicura Hacienda<\/strong><\/p>\n<p>60 minutos de tratamiento de sus pies que incluyen exfoliaci\u00f3n, desintoxicaci\u00f3n, mascarilla, masaje y polish. $1,000.00 Pesos<\/p>\n<p>&nbsp;<\/p>\n<p><strong>Manicura SPA<\/strong><\/p>\n<p>45 minutos de cuidado de sus manos, incluye mascarilla, masaje y polish $750.00 pesos<\/p>\n<p><em>Citas con estilistas para el arreglo del cabello est\u00e1n disponibles s\u00f3lo por reservaci\u00f3n previa.<\/em><\/p>\n<\/div>\n<\/div>\n<p><\/p>","protected":false},"excerpt":{"rendered":"<p>\nPedicura Hacienda<br \/>\n60 minutos de tratamiento de sus pies que incluyen exfoliaci\u00f3n, desintoxicaci\u00f3n, mascarilla, masaje y polish. <\/p>\n","protected":false},"author":1,"featured_media":0,"parent":107,"menu_order":0,"comment_status":"closed","ping_status":"closed","template":"","meta":{"footnotes":""},"class_list":["post-170","page","type-page","status-publish","hentry"],"_links":{"self":[{"href":"https:\/\/haciendadelossantos.com\/wp2\/es\/wp-json\/wp\/v2\/pages\/170","targetHints":{"allow":["GET"]}}],"collection":[{"href":"https:\/\/haciendadelossantos.com\/wp2\/es\/wp-json\/wp\/v2\/pages"}],"about":[{"href":"https:\/\/haciendadelossantos.com\/wp2\/es\/wp-json\/wp\/v2\/types\/page"}],"author":[{"embeddable":true,"href":"https:\/\/haciendadelossantos.com\/wp2\/es\/wp-json\/wp\/v2\/users\/1"}],"replies":[{"embeddable":true,"href":"https:\/\/haciendadelossantos.com\/wp2\/es\/wp-json\/wp\/v2\/comments?post=170"}],"version-history":[{"count":6,"href":"https:\/\/haciendadelossantos.com\/wp2\/es\/wp-json\/wp\/v2\/pages\/170\/revisions"}],"predecessor-version":[{"id":1031,"href":"https:\/\/haciendadelossantos.com\/wp2\/es\/wp-json\/wp\/v2\/pages\/170\/revisions\/1031"}],"up":[{"embeddable":true,"href":"https:\/\/haciendadelossantos.com\/wp2\/es\/wp-json\/wp\/v2\/pages\/107"}],"wp:attachment":[{"href":"https:\/\/haciendadelossantos.com\/wp2\/es\/wp-json\/wp\/v2\/media?parent=170"}],"curies":[{"name":"wp","href":"https:\/\/api.w.org\/{rel}","templated":true}]}}