{"id":139,"date":"2016-09-07T21:31:10","date_gmt":"2016-09-08T04:31:10","guid":{"rendered":"https:\/\/haciendadelossantos.com\/wp2\/?page_id=139"},"modified":"2026-03-18T22:13:08","modified_gmt":"2026-03-19T05:13:08","slug":"christmas-eve-experience-2020","status":"publish","type":"page","link":"https:\/\/haciendadelossantos.com\/wp2\/es\/36-2\/holidays-at-the-hacienda\/christmas-eve-experience-2020\/","title":{"rendered":"Noche Buena 2025"},"content":{"rendered":"<p>Nuestra Posada comienza a las 6:30 pm a la luz de la luna mientras caminamos por el barrio Tacubaya siguiendo a Mar\u00eda y \u00a0Jos\u00e9 montada en su burro, les acompa\u00f1aremos a pedir posada en cada hogar, pidiendo un rinc\u00f3n para poder descansar.<\/p>\n<p>El tr\u00edo Los Hacendados nos acompa\u00f1ar\u00e1, tocando hermosa m\u00fasica navide\u00f1a. al llegar a la Hacienda, se abrir\u00e1n las enormes puertas de madera, aqu\u00ed s\u00ed hay lugar para el ni\u00f1o Dios y para ustedes tambi\u00e9n. la magia de la noche invade nuestros corazones con esta representaci\u00f3n de este evento inolvidable. Reyes, Pastores y Angeles rodean al ni\u00f1o Jes\u00fas, mientras le cantan una hermosa rendici\u00f3n del ave Mar\u00eda a su Santa Madre, seguido de nuestra versi\u00f3n de feliz navidad.<\/p>\n<p>Brindaremos juntos con una copa helada de Champ\u00e1n y proseguimos a nuestra cena navide\u00f1a. aqu\u00ed siempre tenemos una mesa comunal para aqu\u00e9llos que quieran conocer nuevas amistades y compartir en grupo. Tambi\u00e9n ofrecemos mesas privadas para dos o para familias que prefieren cenar juntas.<\/p>\n<p><strong>\u00a0<\/strong><\/p>\n<p style=\"text-align: center;\"><b>Men\u00fa de la cena de Nochebuena<\/b><\/p>\n<p style=\"text-align: center;\">Copa de Champagne<\/p>\n<p style=\"text-align: center;\">Coctel de Camar\u00f3n<\/p>\n<p style=\"text-align: center;\">Pan de la Hacienda Reci\u00e9n Horneado<\/p>\n<p style=\"text-align: center;\">Ensalada de Espinacas<br \/>\ncon Cebolla Verda, Tocino &amp; Aderezo Agridulce<br \/>\n\u00f3<br \/>\nSopa de Tomate<br \/>\ncon Chile Chipotle y Tocino<\/p>\n<p style=\"text-align: center;\">Filete Mignon a la Parrilla con<br \/>\nSalsa de Pimienta &amp; Romero<br \/>\n\u00f3<br \/>\nPavo Rostizado con Relleno<br \/>\n&amp; Gravy de Compota de Ar\u00e1ndanos<\/p>\n<p style=\"text-align: center;\">Ejotes con Tocino &amp; Cebolla Morada Caramelizada<\/p>\n<p style=\"text-align: center;\">Pur\u00e9 de Papa Tradicional<\/p>\n<p style=\"text-align: center;\">Pastel Red Velvet<br \/>\n\u00f3<br \/>\nPay de Nuez con Nieve de Vainilla<\/p>\n<p style=\"text-align: center;\">Caf\u00e9 \u00f3 Te<\/p>\n<p style=\"text-align: left;\">Precio:<br \/>\nAdultos $ 950.00 pesos con copa de champagne;<br \/>\n$ 850.00 pesos sin copa de champagne<br \/>\nNi\u00f1os (Menores de 12 A\u00f1os) $ 500.00 pesos<\/p>\n<p><\/p>","protected":false},"excerpt":{"rendered":"<p>Nuestra Posada comienza a las 6:30 pm a la luz de la luna mientras caminamos por el barrio Tacubaya siguiendo <\/p>\n","protected":false},"author":1,"featured_media":0,"parent":129,"menu_order":0,"comment_status":"closed","ping_status":"closed","template":"","meta":{"footnotes":""},"class_list":["post-139","page","type-page","status-publish","hentry"],"_links":{"self":[{"href":"https:\/\/haciendadelossantos.com\/wp2\/es\/wp-json\/wp\/v2\/pages\/139","targetHints":{"allow":["GET"]}}],"collection":[{"href":"https:\/\/haciendadelossantos.com\/wp2\/es\/wp-json\/wp\/v2\/pages"}],"about":[{"href":"https:\/\/haciendadelossantos.com\/wp2\/es\/wp-json\/wp\/v2\/types\/page"}],"author":[{"embeddable":true,"href":"https:\/\/haciendadelossantos.com\/wp2\/es\/wp-json\/wp\/v2\/users\/1"}],"replies":[{"embeddable":true,"href":"https:\/\/haciendadelossantos.com\/wp2\/es\/wp-json\/wp\/v2\/comments?post=139"}],"version-history":[{"count":25,"href":"https:\/\/haciendadelossantos.com\/wp2\/es\/wp-json\/wp\/v2\/pages\/139\/revisions"}],"predecessor-version":[{"id":1169,"href":"https:\/\/haciendadelossantos.com\/wp2\/es\/wp-json\/wp\/v2\/pages\/139\/revisions\/1169"}],"up":[{"embeddable":true,"href":"https:\/\/haciendadelossantos.com\/wp2\/es\/wp-json\/wp\/v2\/pages\/129"}],"wp:attachment":[{"href":"https:\/\/haciendadelossantos.com\/wp2\/es\/wp-json\/wp\/v2\/media?parent=139"}],"curies":[{"name":"wp","href":"https:\/\/api.w.org\/{rel}","templated":true}]}}