{"id":120,"date":"2016-09-07T21:10:02","date_gmt":"2016-09-08T04:10:02","guid":{"rendered":"https:\/\/haciendadelossantos.com\/wp2\/?page_id=120"},"modified":"2026-03-18T22:02:32","modified_gmt":"2026-03-19T05:02:32","slug":"rates","status":"publish","type":"page","link":"https:\/\/haciendadelossantos.com\/wp2\/es\/36-2\/rates\/","title":{"rendered":"Tarifas"},"content":{"rendered":"<p><\/p>\n<h2>Hacienda de los Santos Resort &amp; Spa.<\/h2>\n<div>\n<table border=\"0\" width=\"350\" cellspacing=\"0\" cellpadding=\"0\">\n<tbody>\n<tr>\n<td width=\"22\"><strong>\u00a0<\/strong><\/td>\n<td width=\"203\"><strong>\u00a0<\/strong><\/td>\n<td width=\"113\"><strong>Regular Rate<\/strong><\/td>\n<\/tr>\n<tr>\n<td><\/td>\n<td><strong>Hacienda Guest Room King \/ Doble<i>\u00a0<\/i><\/strong><\/td>\n<td>$299.<sup>00<\/sup><\/td>\n<\/tr>\n<tr>\n<td><\/td>\n<td><strong>Estate Suite King \/ Doble\u00a0<\/strong><\/td>\n<td>$349.<sup>00<\/sup><\/td>\n<\/tr>\n<tr>\n<td><\/td>\n<td><strong>Master Suite King \/ Double<\/strong><\/td>\n<td>$399.<sup>00<\/sup><\/td>\n<\/tr>\n<tr>\n<td><\/td>\n<td><strong>Suit<i>e Governador<\/i><\/strong><\/td>\n<td>$399.<sup>00<\/sup><\/td>\n<\/tr>\n<tr>\n<td><\/td>\n<td><strong>Presidential Suite<\/strong><\/td>\n<td>$649.<sup>00<\/sup><\/td>\n<\/tr>\n<tr>\n<td><\/td>\n<td><b>Mansi\u00f3n Villa<\/b><\/td>\n<td>$949.<sup>00<\/sup><\/td>\n<\/tr>\n<\/tbody>\n<\/table>\n<\/div>\n<div>\n<h2><\/h2>\n<p class=\"x_MsoNormal\"><em><span lang=\"EN-US\">Los precios est\u00e1n cotizados en d\u00f3lares, No Incluyen el 19% de Impuestos. Son tarifas diarias\u00a0para uno o dos hu\u00e9spedes por noche.<\/span><\/em><\/p>\n<\/div>\n<div><strong>Check-In:<\/strong> 2:00\u00a0p.m.<\/div>\n<div><strong>Registro Anticipado:<\/strong> 25 USD.<\/div>\n<div><strong>Check out:<\/strong> 12:00\u00a0p.m.<\/div>\n<div><\/div>\n<ul>\n<li><em>No hay cargos extras por el servicio de Internet, uso del Teatro\/Cine, uso de las bicicletas (no el\u00e9ctricas), uso de las piscinas, Transportaci\u00f3n del Aeropuerto de \u00c1lamos y algunos otros servicios.<\/em><\/li>\n<li><em>Las habitaciones est\u00e1n disponibles con una cama King Size o dos camas Queen Size.<\/em><\/li>\n<li><em>Las tarifas de las habitaciones est\u00e1n\u00a0cotizadas en Dolares Americanos, estas\u00a0son\u00a0para una o dos personas. La conversi\u00f3n\u00a0de dolares a pesos se har\u00e1\u00a0al tipo de cambio vigente en el banco el d\u00eda\u00a0de llegada al el hotel.<\/em><\/li>\n<li><em>El desayuno continental est\u00e1 incluido en la tarifa de la habitaci\u00f3n. Incluye: pan dulce, roles de canela o pan tostado con mermelada de mango, acompa\u00f1ado con jugo fresco de naranja, fruta fresca y caf\u00e9.\u00a0The meal plan also includes an upgrade from the Continental Breakfast to a &#8216;Full Menu All Selection Breakfast&#8217; in the Cafe Agave.<\/em>\u00a0<strong><em>El plan de comidas tambi\u00e9n incluye una mejora del desayuno continental a un \u00abdesayuno de men\u00fa completo con todas las opciones\u00bb en el Caf\u00e9 Agave.<\/em><\/strong><\/li>\n<li><em>**Men\u00fa del desayuno completo est\u00e1 disponible con costo adicional**<\/em><\/li>\n<li><em>El plan Americano de comidas est\u00e1 disponible a tan s\u00f3lo $ 95.00 USD\u00a0 por d\u00eda, por persona, el cual incluye todas las opciones de men\u00fa para el almuerzo en el Caf\u00e9 Agave y todas las opciones de men\u00fa en el restaurante \u2018Santiago&#8217;s\u2019, no incluye bebidas.<\/em><\/li>\n<li><em>La tercera \u00a0y\/o cuarta persona que se hospede en una habitaci\u00f3n pagar\u00e1 un adicional de $35\u00a0USD por noche, incluye desayuno continental.<\/em><\/li>\n<li><em>Solo se admiten personas extras en las habitaciones con dos camas.<\/em><\/li>\n<li><em>Todas nuestras habitaciones y portales son para no fumadores.<\/em><\/li>\n<li><em>Las mascotas solo se permiten en ciertas habitaciones del hotel, espec\u00edficamente en el \u00e1rea\u00a0de \u201c Casa Spa\u00bb , se cobra un cargo adicional \u00a0$35 USD por d\u00eda por las mascotas, \u00e9stas no deben ser de un peso mayor de 5kg. Avisar al momento de realizar la reservaci\u00f3n que desea traer mascotas, de lo contrario no se permitir\u00e1 el acceso a las instalaciones de la misma.<\/em><\/li>\n<li><em>Se admiten ni\u00f1os en las instalaciones, las instalaciones est\u00e1n orientadas y dise\u00f1adas para adultos y no tanto para la recreaci\u00f3n de los ni\u00f1os. En caso de venir acompa\u00f1ado de ni\u00f1os los adultos son responsables de los da\u00f1os que los menores puedan ocasionar a las instalaciones \u00a0y de su seguridad ya que hay muchas antig\u00fcedades adornando el lugar y si no hay cuidado las podr\u00edan da\u00f1ar.<\/em><\/li>\n<\/ul>\n<div>\n<p><strong>Pol\u00edtica sobre cancelaciones de Reservaciones de Hacienda de los Santos:<\/strong><\/p>\n<ul>\n<li><em>Todas las reservaciones regulares requieren un dep\u00f3sito del monto de una habitaci\u00f3n para una noche que se deber\u00e1 pagar a m\u00e1s tardar 30 d\u00edas antes de la fecha de la reservaci\u00f3n. Cualquiera cancelaci\u00f3n hecha faltando 14 d\u00edas o m\u00e1s para la fecha de la reservaci\u00f3n, resultar\u00e1 en un reembolso del 100% al hu\u00e9sped. Cualquiera cancelaci\u00f3n hecha 14-7 d\u00edas antes de la fecha de la reservaci\u00f3n resultar\u00e1 en un reembolso del 50% al hu\u00e9sped del dep\u00f3sito de una noche. Cualquiera cancelaci\u00f3n hecha en menos de 7 d\u00edas antes de la fecha de la reservaci\u00f3n resultar\u00e1 en la p\u00e9rdida total del dep\u00f3sito de una noche.<\/em><em>Todas las bodas, eventos especiales y festivales requieren un dep\u00f3sito del monto de una habitaci\u00f3n para una noche que se deber\u00e1 pagar a m\u00e1s tardar un mes antes de la fecha de la reservaci\u00f3n. Cualquiera cancelaci\u00f3n hecha 14 d\u00edas o m\u00e1s antes de la fecha de la reservaci\u00f3n resultar\u00e1 en un reembolso del 100% al hu\u00e9sped. Cualquiera cancelaci\u00f3n hecha en menos de 14 d\u00edas antes resultar\u00e1 en la p\u00e9rdida total de la cantidad del dep\u00f3sito de la habitaci\u00f3n para una noche.<\/em><\/li>\n<li><em><span style=\"font-size: medium;\">Para grupos con 10 o mas habitaciones reservadas<\/span><span style=\"font-size: medium;\">, las\u00a0<\/span>cancelaci\u00f3n<span style=\"font-size: medium;\">\u00a0se deben realizar con 30 d\u00edas de anticipaci\u00f3n de lo contrario se le cobrara un porcentaje de hasta el 50% del total del monto total de las habitaciones.<\/span><\/em><\/li>\n<li><em><span style=\"font-size: medium;\">Para cancelaciones de Eventos (Bodas,\u00a0Convenciones, Etc.), las cancelaciones se deben realizar con un\u00a0plazo de 3 meses de\u00a0anticipaci\u00f3n, si no se\u00a0cancela en ese\u00a0plazo, se le\u00a0cobra un porcentaje del monto total del evento (Este puede variar del 20% hasta el 50% dependiendo del tiempo con el que se realice y las solicitudes especiales que se le\u00a0solicitaron al hotel que\u00a0causaron gastos extras a la empresa).<\/span><\/em><\/li>\n<\/ul>\n<\/div>\n<div><\/div>\n<div><\/div>\n<div><\/div>\n<div><em>\u00a0<\/em><\/div>\n<p><\/p>","protected":false},"excerpt":{"rendered":"<p>\nHacienda de los Santos Resort &amp; Spa.<\/p>\n<p>\n\u00a0<br \/>\n\u00a0<br \/>\nRegular Rate<\/p>\n<p>Hacienda <\/p>\n","protected":false},"author":1,"featured_media":0,"parent":36,"menu_order":2,"comment_status":"closed","ping_status":"closed","template":"","meta":{"footnotes":""},"class_list":["post-120","page","type-page","status-publish","hentry"],"_links":{"self":[{"href":"https:\/\/haciendadelossantos.com\/wp2\/es\/wp-json\/wp\/v2\/pages\/120","targetHints":{"allow":["GET"]}}],"collection":[{"href":"https:\/\/haciendadelossantos.com\/wp2\/es\/wp-json\/wp\/v2\/pages"}],"about":[{"href":"https:\/\/haciendadelossantos.com\/wp2\/es\/wp-json\/wp\/v2\/types\/page"}],"author":[{"embeddable":true,"href":"https:\/\/haciendadelossantos.com\/wp2\/es\/wp-json\/wp\/v2\/users\/1"}],"replies":[{"embeddable":true,"href":"https:\/\/haciendadelossantos.com\/wp2\/es\/wp-json\/wp\/v2\/comments?post=120"}],"version-history":[{"count":74,"href":"https:\/\/haciendadelossantos.com\/wp2\/es\/wp-json\/wp\/v2\/pages\/120\/revisions"}],"predecessor-version":[{"id":1168,"href":"https:\/\/haciendadelossantos.com\/wp2\/es\/wp-json\/wp\/v2\/pages\/120\/revisions\/1168"}],"up":[{"embeddable":true,"href":"https:\/\/haciendadelossantos.com\/wp2\/es\/wp-json\/wp\/v2\/pages\/36"}],"wp:attachment":[{"href":"https:\/\/haciendadelossantos.com\/wp2\/es\/wp-json\/wp\/v2\/media?parent=120"}],"curies":[{"name":"wp","href":"https:\/\/api.w.org\/{rel}","templated":true}]}}