{"id":99,"date":"2016-09-04T21:45:06","date_gmt":"2016-09-05T04:45:06","guid":{"rendered":"https:\/\/haciendadelossantos.com\/wp2\/?page_id=99"},"modified":"2016-09-18T14:29:04","modified_gmt":"2016-09-18T21:29:04","slug":"villas","status":"publish","type":"page","link":"https:\/\/haciendadelossantos.com\/wp2\/es\/accomodations\/villas\/","title":{"rendered":"Villas"},"content":{"rendered":"<p><\/p>\n<p class=\"titles\"><strong>La Villa Mansi\u00f3n<\/strong><\/p>\n<p>La magn\u00edfica Villa Mansi\u00f3n est\u00e1 decorada con obras de arte originales, antig\u00fcedades y unas vistas panor\u00e1micas. La rec\u00e1mara principal (Master) cuenta con una cama King y la segunda rec\u00e1mara tiene una c\u00f3moda cama matrimonial; ambas camas tienen lujosas s\u00e1banas de 600 hilos. La sala de estar es amplia, con dos chimeneas. Hay una terraza en el techo del tama\u00f1o entero de la villa, adem\u00e1s de dos terrazas privadas con vista a las monta\u00f1as y a los jardines. El cuarto de ba\u00f1o es grande y tiene dos niveles. La suite cuenta adem\u00e1s con un enorme televisor de pantalla plana con sistema de DVD. Un ascensor privado lo llevar\u00e1 al techo. La Suite cuenta con 125 metros cuadrados de espacio, m\u00e1s 140 metros cuadrados adicionales de patio privado.<\/p>\n<p>&nbsp;<\/p>\n<p class=\"titles\"><strong>La Villa Presidencial <\/strong><\/p>\n<p>La Villa Presidencial cuenta con una cama King vestida con lujosas s\u00e1banas de 600 hilos, una sala de estar separada y un \u00e1rea de jard\u00edn privado. Dos ba\u00f1os en suite, uno con tina estilo Jacuzzi decorada con azulejos de estilo colonial. La villa tiene cuatro chimeneas, cuatro tel\u00e9fonos de discado directo, un enorme televisor de pantalla plana con DVD\/VCR y en la entrada un porche privado con vista a la alberca. Un arco estilo Morisco y dos columnas de piedra dividen la sala-habitaci\u00f3n y la rec\u00e1mara en esta suite de 400 mts2.<\/p>","protected":false},"excerpt":{"rendered":"<p>\nLa Villa Mansi\u00f3n<br \/>\nLa magn\u00edfica Villa Mansi\u00f3n est\u00e1 decorada con obras de arte originales, antig\u00fcedades y unas vistas panor\u00e1micas. <\/p>\n","protected":false},"author":1,"featured_media":0,"parent":33,"menu_order":0,"comment_status":"closed","ping_status":"closed","template":"","meta":{"footnotes":""},"class_list":["post-99","page","type-page","status-publish","hentry"],"_links":{"self":[{"href":"https:\/\/haciendadelossantos.com\/wp2\/es\/wp-json\/wp\/v2\/pages\/99","targetHints":{"allow":["GET"]}}],"collection":[{"href":"https:\/\/haciendadelossantos.com\/wp2\/es\/wp-json\/wp\/v2\/pages"}],"about":[{"href":"https:\/\/haciendadelossantos.com\/wp2\/es\/wp-json\/wp\/v2\/types\/page"}],"author":[{"embeddable":true,"href":"https:\/\/haciendadelossantos.com\/wp2\/es\/wp-json\/wp\/v2\/users\/1"}],"replies":[{"embeddable":true,"href":"https:\/\/haciendadelossantos.com\/wp2\/es\/wp-json\/wp\/v2\/comments?post=99"}],"version-history":[{"count":0,"href":"https:\/\/haciendadelossantos.com\/wp2\/es\/wp-json\/wp\/v2\/pages\/99\/revisions"}],"up":[{"embeddable":true,"href":"https:\/\/haciendadelossantos.com\/wp2\/es\/wp-json\/wp\/v2\/pages\/33"}],"wp:attachment":[{"href":"https:\/\/haciendadelossantos.com\/wp2\/es\/wp-json\/wp\/v2\/media?parent=99"}],"curies":[{"name":"wp","href":"https:\/\/api.w.org\/{rel}","templated":true}]}}