{"id":95,"date":"2016-09-04T21:40:17","date_gmt":"2016-09-05T04:40:17","guid":{"rendered":"https:\/\/haciendadelossantos.com\/wp2\/?page_id=95"},"modified":"2016-09-18T14:27:15","modified_gmt":"2016-09-18T21:27:15","slug":"suites","status":"publish","type":"page","link":"https:\/\/haciendadelossantos.com\/wp2\/es\/accomodations\/suites\/","title":{"rendered":"Suites"},"content":{"rendered":"<p><\/p>\n<p class=\"titles\"><strong>Estate Suites (7)<\/strong><\/p>\n<p>Nuestras Suites de lujo tienen o una cama King o dos c\u00f3modas camas Queen con vista al patio y a los jardines. Comparten el patio y tienen un ba\u00f1o amplio en suite con tina, superficies con azulejos de Talavera y la regadera por separado. Est\u00e1n decorados con antig\u00fcedades y obras de arte originales. Los pisos son de cantera, tienen chimenea, un dispensador de agua filtrada, un refrigerador, tel\u00e9fono de discado directo, caja de seguridad y controles individuales para el aire acondicionado. El \u00e1rea para cenar en exteriores aumenta el \u00e1rea a m\u00e1s de 150 mts.2.<\/p>\n<p>&nbsp;<\/p>\n<p><strong>Master Suites (7)<\/strong><\/p>\n<p>Nuestras elegantes Master Suites ofrecen una cama King o dos camas Queen con sala de estar separada y un \u00e1rea para leer con chimenea propia. Todas tienen un amplio ba\u00f1o en suite con su tina, las superficies con azulejos de Talavera y la regadera por separado. Los techos son altos con vigas. Est\u00e1n decorados con antig\u00fcedades y obras de arte originales. Tienen un dispensador de agua filtrada, tel\u00e9fono de discado directo, caja de seguridad, controles individuales para el aire acondicionado y un \u00e1rea afuera para cenar. El espacio para cenar en exteriores aumenta el \u00e1rea 200 mts2.<\/p>\n<p>&nbsp;<\/p>\n<p><strong>Suite del Gobernador<\/strong><\/p>\n<p>Esta exquisita suite privada est\u00e1 decorada con antig\u00fcedades y obras de arte de la \u00e9poca Colonial; se llega mediante una escalera de piedra o un ascensor privado. Las ventanas abren directamente a un Nacapul, el lugar predilecto de los pericos y otras aves cuando sus frutos est\u00e1n maduros. Tiene un patio privado perfecto para acomodar a cuatro personas en una cena \u00edntima, al igual que un columpio para dos con una vista rom\u00e1ntica de los jardines y las estrellas. Esta suite tiene un televisor de pantalla plana con sistema de DVD, un refrigerador para vinos, una caja de seguridad, un vestidor y un segundo comedor. La cama King es alta y tiene una peque\u00f1a escalera para subir en ella. El ba\u00f1o cuenta con una tina estilo Jacuzzi, una regadera de m\u00e1rmol de Tikal, un tocador para maquillarse y dos sanitarios.<\/p>","protected":false},"excerpt":{"rendered":"<p>\nEstate Suites (7)<br \/>\nNuestras Suites de lujo tienen o una cama King o dos c\u00f3modas camas Queen con vista <\/p>\n","protected":false},"author":1,"featured_media":0,"parent":33,"menu_order":0,"comment_status":"closed","ping_status":"closed","template":"","meta":{"footnotes":""},"class_list":["post-95","page","type-page","status-publish","hentry"],"_links":{"self":[{"href":"https:\/\/haciendadelossantos.com\/wp2\/es\/wp-json\/wp\/v2\/pages\/95","targetHints":{"allow":["GET"]}}],"collection":[{"href":"https:\/\/haciendadelossantos.com\/wp2\/es\/wp-json\/wp\/v2\/pages"}],"about":[{"href":"https:\/\/haciendadelossantos.com\/wp2\/es\/wp-json\/wp\/v2\/types\/page"}],"author":[{"embeddable":true,"href":"https:\/\/haciendadelossantos.com\/wp2\/es\/wp-json\/wp\/v2\/users\/1"}],"replies":[{"embeddable":true,"href":"https:\/\/haciendadelossantos.com\/wp2\/es\/wp-json\/wp\/v2\/comments?post=95"}],"version-history":[{"count":0,"href":"https:\/\/haciendadelossantos.com\/wp2\/es\/wp-json\/wp\/v2\/pages\/95\/revisions"}],"up":[{"embeddable":true,"href":"https:\/\/haciendadelossantos.com\/wp2\/es\/wp-json\/wp\/v2\/pages\/33"}],"wp:attachment":[{"href":"https:\/\/haciendadelossantos.com\/wp2\/es\/wp-json\/wp\/v2\/media?parent=95"}],"curies":[{"name":"wp","href":"https:\/\/api.w.org\/{rel}","templated":true}]}}