{"id":86,"date":"2016-09-04T21:26:09","date_gmt":"2016-09-05T04:26:09","guid":{"rendered":"https:\/\/haciendadelossantos.com\/wp2\/?page_id=86"},"modified":"2022-03-21T16:30:44","modified_gmt":"2022-03-21T23:30:44","slug":"directions","status":"publish","type":"page","link":"https:\/\/haciendadelossantos.com\/wp2\/es\/home\/about-us\/directions\/","title":{"rendered":"Direcciones"},"content":{"rendered":"<p><\/p>\n<div class=\"entry-text\">\n<p><strong>\u00bfC\u00f3mo llego? <\/strong><\/p>\n<p><strong>En carro:<\/strong> Tome la Carretera Federal 15 hacia el Sur saliendo de Nogales, Arizona, o del Norte saliendo de Mazatl\u00e1n, Sinaloa, camino a Navojoa. Esta carretera de cuatro carriles est\u00e1 en buen estado, con estaciones de gasolina en el camino y ba\u00f1os y m\u00e1quinas expendedoras de botanas en las casetas de cuota. Cuando llegue a Navojoa, vire hacia el Este en la intersecci\u00f3n en d\u00f3nde hay un concesionario de Toyota en la esquina Suroeste, al Norte del concesionario de la Volkswagen, y maneje unas 35 millas. Esta carretera de dos carriles lo llevar\u00e1 al centro de \u00c1lamos. La Hacienda de los Santos<sup>\u00ae<\/sup> queda a dos cuadras pasando la Plaza y la Catedral.<\/p>\n<p>Para obtener m\u00e1s informaci\u00f3n sobre viajar en M\u00e9xico aqu\u00ed hay un buen sitio que sugerimos:\u00a0<a href=\"https:\/\/www.mexperience.com\/transport\/driving-in-mexico\/?fbclid=IwAR3vVnOvTbE31DFblPf8-thbzjuc_6P6lXql5E8ETXORP0lsMBJ2D0E8tM0\">https:\/\/www.mexperience.com\/transport\/driving-in-mexico\/?fbclid=IwAR3vVnOvTbE31DFblPf8-thbzjuc_6P6lXql5E8ETXORP0lsMBJ2D0E8tM0<\/a><\/p>\n<\/div>\n<p>&nbsp;<\/p>\n<p>Direcccion detallada para cruzar de US \/ A la frontera de Nogales Mexico. (<a href=\"https:\/\/travelinginrvandlivinginlasvegas.blogspot.com\/2020\/11\/into-mexico-using-mariposa-truck-route.html?fbclid=IwAR29id6pAe-GKBdUlP65c8k7jy3odDS-MmQK2irmOr1AYdc5jntU_U7hFv4\">Click Aqui!<\/a>).<\/p>\n<p>&nbsp;<\/p>\n<p><strong>Informacion para visitantes manejando de Arizona a Alamos.\u00a0 Guia paso a paso para arrivar a Alamos el en el menor tiempo posible:\u00a0<a href=\"https:\/\/haciendadelossantos.com\/wp2\/wp-content\/uploads\/pdf\/Driving-Instructions.pdf\" target=\"_blank\">guia completa dando click aqui<\/a><\/strong><\/p>\n<div class=\"entry-text\">\n<p>&nbsp;<\/p>\n<p><strong>En cami\u00f3n<\/strong>: Este m\u00e9todo de transportaci\u00f3n es el m\u00e1s econ\u00f3mico de todos. Las l\u00edneas es Tufesa, tiene servicio directo desde Phoenix y Tucson hasta Navojoa Sonora.<\/p>\n<p><strong>Alquiler de coches desde Tucson:<\/strong> hay dos compa\u00f1\u00edas que alquilan autos para M\u00e9xico. Budget Rent-a-Car tiene una oficina en Tucson que alquila autos de pasajeros y camionetas Chevrolet. Adem\u00e1s, para obtener una excelente camioneta Ford de \u00faltimo modelo (hasta 15 pasajeros), comun\u00edquese con Adobe Car Rental en: http:\/\/www.adobetransportation.com\/<\/p>\n<p>&nbsp;<\/p>\n<p><strong>En avi\u00f3n (l\u00ednea comercial)<\/strong>: El aeropuerto comercial m\u00e1s cercano a \u00c1lamos es el de la Cd. Obreg\u00f3n, Sonora. Tambi\u00e9n puede obtener vuelos a trav\u00e9s de Aerom\u00e9xico saliendo de Phoenix, parando en Hermosillo con el destino final en Cd. Obreg\u00f3n. Otras aerol\u00edneas con servicio al Aeropuerto Internacional de la Cd. Obreg\u00f3n incluyen a Interjet, VivaAerobus y Aerocalafia. M\u00e1s de 70 vuelos al d\u00eda est\u00e1n disponibles a Cabo San Lucas desde los Estados Unidos con escala en Cd. Obreg\u00f3n. Hay servicio de taxi disponible en el Aeropuerto Internacional de la Cd. Obreg\u00f3n y muchos de los paquetes que ofrece la Hacienda de los Santos<sup>\u00ae<\/sup> incluye transportaci\u00f3n ida y vuelta en una camioneta del hotel con conductor privado. La mayor\u00eda de los hu\u00e9spedes encuentran que no tienen necesidad de su coche una vez que llegan a \u00c1lamos.<\/p>\n<p>Si vuela desde Nueva York \/ Costa Este y Chicago \/ Medio \u2013 oeste, viajar sin escalas a la Ciudad de M\u00e9xico y luego en Aerom\u00e9xico a Ciudad Obregon. Las alternativas incluyen volar a Phoenix el America West y luego sin parar al aeropuerto de Guaymas o Hermosillo y Ciudad Obreg\u00f3n Aeropuertos .<\/p>\n<p>Para las salidas estadounidenses de las \u00e1reas del este y sureste del pa\u00eds, le sugerimos verificar vuelos a Ciudad de M\u00e9xico por parte de Volaris , Interjet y Aerom\u00e9xico , por \u00faltimo, (por lo general mucho m\u00e1s costoso ) .<\/p>\n<p>Desde el oeste de los EE.UU. , para las conexiones a Los Cabos y un cambio de plano a Cd . Obreg\u00f3n , por lo general a tasas muy atractivas que sugerir\u00eda el uso de \u2018<a title=\"Spirit\" href=\"ttps:\/\/www.spirit.com\/Default.aspx#book-travel\">Spirit<\/a>\u2018 y luego conectar con \u2018<a title=\"AeroCalafia\" href=\"http:\/\/www.aereocalafia.com.mx\/es\/\">AeroCalafia<\/a>\u2018 a ??la parte continental de M\u00e9xico. Los sitios web son para Spirit Tambi\u00e9n, para AeroCalafia<\/p>\n<p>No se recomienda el uso de Hermosillo ( HMO ) como su aeropuerto de llegada ya que la unidad de Alamos es de m\u00e1s de 225 millas . Cd . Obreg\u00f3n Internacional ( CEN ) es s\u00f3lo un poco m\u00e1s de una hora en coche de \u00c1lamos.<\/p>\n<p>&nbsp;<\/p>\n<p><a href=\"http:\/\/clubpilotos.com\">Haga clic aqu\u00ed<\/a> para un mapa Aerom\u00e9xico con las conexiones entre EEUU y Cd. Obreg\u00f3n.<\/p>\n<p>&nbsp;<\/p>\n<p><strong>En avi\u00f3n privado:<\/strong><\/p>\n<p><em>Nota: Si est\u00e1 planeando volar o necesita informaci\u00f3n general de aviaci\u00f3n, favor de <a href=\"http:\/\/clubpilotos.com\/\">hacer clic aqu\u00ed<\/a> para descargar informaci\u00f3n y detalles que pueda imprimir.<\/em><\/p>\n<p>En \u00c1lamos contamos con una pista de aterrizaje nueva con 5 mil pies de largo, la cual puede aceptar aviones de turboh\u00e9lice o de motor a reacci\u00f3n. El \u00e1rea de estacionamiento tambi\u00e9n ha sido ampliado y puede acomodar m\u00e1s de 50 aviones. Tambi\u00e9n contamos con un hangar para naves de un solo motor con pistones. El aeropuerto de \u00c1lamos es muy seguro y cuenta con una presencia militar y de un equipo de seguridad las 24 horas al d\u00eda, 7 d\u00edas a la semana.<\/p>\n<p>El espacio del hangar se ofrece de manera gratuita por orden de llegada para aviones de un solo motor. La transportaci\u00f3n vuelta redonda entre el resort y el aeropuerto (MM-45) tambi\u00e9n es gratis, siempre y cuando se nos notifique.<\/p>\n<\/div>\n<p><\/p>","protected":false},"excerpt":{"rendered":"<p>\u00bfC\u00f3mo llego? <br \/>\nEn carro: Tome la Carretera Federal 15 hacia el Sur saliendo de Nogales, Arizona, o <\/p>\n","protected":false},"author":1,"featured_media":0,"parent":21,"menu_order":0,"comment_status":"closed","ping_status":"closed","template":"","meta":{"footnotes":""},"class_list":["post-86","page","type-page","status-publish","hentry"],"_links":{"self":[{"href":"https:\/\/haciendadelossantos.com\/wp2\/es\/wp-json\/wp\/v2\/pages\/86","targetHints":{"allow":["GET"]}}],"collection":[{"href":"https:\/\/haciendadelossantos.com\/wp2\/es\/wp-json\/wp\/v2\/pages"}],"about":[{"href":"https:\/\/haciendadelossantos.com\/wp2\/es\/wp-json\/wp\/v2\/types\/page"}],"author":[{"embeddable":true,"href":"https:\/\/haciendadelossantos.com\/wp2\/es\/wp-json\/wp\/v2\/users\/1"}],"replies":[{"embeddable":true,"href":"https:\/\/haciendadelossantos.com\/wp2\/es\/wp-json\/wp\/v2\/comments?post=86"}],"version-history":[{"count":9,"href":"https:\/\/haciendadelossantos.com\/wp2\/es\/wp-json\/wp\/v2\/pages\/86\/revisions"}],"predecessor-version":[{"id":959,"href":"https:\/\/haciendadelossantos.com\/wp2\/es\/wp-json\/wp\/v2\/pages\/86\/revisions\/959"}],"up":[{"embeddable":true,"href":"https:\/\/haciendadelossantos.com\/wp2\/es\/wp-json\/wp\/v2\/pages\/21"}],"wp:attachment":[{"href":"https:\/\/haciendadelossantos.com\/wp2\/es\/wp-json\/wp\/v2\/media?parent=86"}],"curies":[{"name":"wp","href":"https:\/\/api.w.org\/{rel}","templated":true}]}}