{"id":78,"date":"2016-09-04T21:15:34","date_gmt":"2016-09-05T04:15:34","guid":{"rendered":"https:\/\/haciendadelossantos.com\/wp2\/?page_id=78"},"modified":"2016-09-18T13:51:06","modified_gmt":"2016-09-18T20:51:06","slug":"the-setting","status":"publish","type":"page","link":"https:\/\/haciendadelossantos.com\/wp2\/es\/home\/about-us\/the-setting\/","title":{"rendered":"El Entorno"},"content":{"rendered":"<p><\/p>\n<div class=\"entry-text\">\n<p>Localizado al pie de la Sierra Madre Occidental en el estado de Sonora, \u00c1lamos es uno de los pueblos coloniales m\u00e1s espl\u00e9ndidos de M\u00e9xico. Su historia es un tapiz creado por los conquistadores espa\u00f1oles, los magnates de la miner\u00eda, los imperialistas y los revolucionarios, donde cada cual ha dejado una huella indeleble. A su llegada al pueblo, usted se remontar\u00e1 a otra era: cierre los ojos y d\u00e9jese seducir por el romanticismo de Espa\u00f1a y la dulzura del M\u00e9xico de ayer\u2026 Y es que \u00c1lamos ha logrado mantener su herencia intacta, pues a pesar de que aqu\u00ed viven algunos ciudadanos extranjeros, esa comunidad realmente est\u00e1 en la minor\u00eda. As\u00ed, sus visitantes pueden disfrutar a plenitud de una cultura propiamente sonorense.<\/p>\n<p>El pueblo cuenta con una poblaci\u00f3n de alrededor de 15.000 ciudadanos, con otros 4.000 m\u00e1s o menos que viven en las afueras de la peque\u00f1a ciudad.<\/p>\n<p>Aqu\u00ed todos se conocen, en gran parte gracias a su reducido tama\u00f1o, su aspecto peatonal y el clima divino y nada extremoso, que incluye una \u00e9poca espectacular de lluvias durante los meses de julio y agosto. En \u00c1lamos se sentir\u00e1 como en su casa, donde todos le saludar\u00e1n a su paso por la banqueta.<\/p>\n<p>\u00c1lamos es una ciudad limpia, el orgullo de sus ciudadanos por su belleza y su tranquilidad. Los conquistadores espa\u00f1oles que la crearon hace m\u00e1s de 350 a\u00f1os lo hicieron en la imagen de Andaluc\u00eda, una de las ciudades m\u00e1s gloriosas de Espa\u00f1a y la cuna de muchos de sus fundadores.<\/p>\n<p>Hoy en d\u00eda le ofrece al visitante un sinn\u00famero de atractivos, fiestas y actividades, incluyendo la observaci\u00f3n de aves, visitas a pueblos ind\u00edgenas, cabalgatas, historia, fotograf\u00eda y mucho m\u00e1s. Este pueblo encantado ha sido declarado monumento hist\u00f3rico nacional y estatal, y est\u00e1 bajo consideraci\u00f3n como Patrimonio Mundial por la UNESCO.<\/p>\n<\/div>\n<p><\/p>","protected":false},"excerpt":{"rendered":"<p>Localizado al pie de la Sierra Madre Occidental en el estado de Sonora, \u00c1lamos es uno de los <\/p>\n","protected":false},"author":1,"featured_media":0,"parent":21,"menu_order":0,"comment_status":"closed","ping_status":"closed","template":"","meta":{"footnotes":""},"class_list":["post-78","page","type-page","status-publish","hentry"],"_links":{"self":[{"href":"https:\/\/haciendadelossantos.com\/wp2\/es\/wp-json\/wp\/v2\/pages\/78","targetHints":{"allow":["GET"]}}],"collection":[{"href":"https:\/\/haciendadelossantos.com\/wp2\/es\/wp-json\/wp\/v2\/pages"}],"about":[{"href":"https:\/\/haciendadelossantos.com\/wp2\/es\/wp-json\/wp\/v2\/types\/page"}],"author":[{"embeddable":true,"href":"https:\/\/haciendadelossantos.com\/wp2\/es\/wp-json\/wp\/v2\/users\/1"}],"replies":[{"embeddable":true,"href":"https:\/\/haciendadelossantos.com\/wp2\/es\/wp-json\/wp\/v2\/comments?post=78"}],"version-history":[{"count":0,"href":"https:\/\/haciendadelossantos.com\/wp2\/es\/wp-json\/wp\/v2\/pages\/78\/revisions"}],"up":[{"embeddable":true,"href":"https:\/\/haciendadelossantos.com\/wp2\/es\/wp-json\/wp\/v2\/pages\/21"}],"wp:attachment":[{"href":"https:\/\/haciendadelossantos.com\/wp2\/es\/wp-json\/wp\/v2\/media?parent=78"}],"curies":[{"name":"wp","href":"https:\/\/api.w.org\/{rel}","templated":true}]}}