{"id":74,"date":"2016-09-04T21:31:11","date_gmt":"2016-09-05T04:31:11","guid":{"rendered":"https:\/\/haciendadelossantos.com\/wp2\/?page_id=74"},"modified":"2023-07-16T15:11:49","modified_gmt":"2023-07-16T22:11:49","slug":"rooms","status":"publish","type":"page","link":"https:\/\/haciendadelossantos.com\/wp2\/es\/accomodations\/rooms\/","title":{"rendered":"Habitaciones"},"content":{"rendered":"<p><\/p>\n<div class=\"entry-text\">\u00a0<strong><span style=\"font-family: 'Georgia',serif; color: #333333;\">Hacienda Guest Rooms<\/span><\/strong><\/div>\n<div class=\"entry-text\">\n<p class=\"titles\" style=\"text-align: justify;\"><span style=\"font-family: 'Georgia',serif; color: #333333;\">En la mayor\u00eda de las habitaciones al salir de ellas lo primero que observaras ser\u00e1 el jard\u00edn interior y la piscina. Cada habitaci\u00f3n fue decorada con muebles a medida, alfombras tribales sobre suelos de cantera, con artefactos y antig\u00fcedades que datan de los siglos 18 y 19, todo hecho a mano. En las noches de fr\u00edo podr\u00e1s disfrutar de una chimenea de le\u00f1a y en los d\u00edas c\u00e1lidos de aire acondicionado.<\/span><\/p>\n<p class=\"titles\" style=\"text-align: justify;\"><span style=\"font-family: 'Georgia',serif; color: #333333;\">Nuestras 10 habitaciones categor\u00eda \u00abHacienda\u00bb disponen de una cama tama\u00f1o King Size o dos camas tama\u00f1o Queen Size (Cada habitaci\u00f3n es de 400 a 500 metros cuadrados).<\/span><\/p>\n<p class=\"titles\" style=\"text-align: justify;\"><strong><span style=\"font-family: 'Georgia',serif; color: #333333;\">Servicios de las habitaciones:<\/span><\/strong><span style=\"font-family: 'Georgia',serif; color: #333333;\">\u00a0Cuarto de ba\u00f1o (ducha), tel\u00e9fono directo, caja fuerte , enfriador de agua filtrada, servi-bar, plancha, cafetera, secados de cabello y\u00a0 Wifi gratuito.<\/span><\/p>\n<\/div>\n<p class=\"titles\"><strong>Casa Spa Guest Rooms<\/strong><\/p>\n<p class=\"titles\">En algunas habitaciones al observar por la ventana te dar\u00e1s cuenta que dan a un peque\u00f1o arroyo, el cual en tiempo de lluvia te permite contemplar el agua fluir, hay otras habitaciones con vista a la calle la cual te muestra la fachada de las casas t\u00edpicas de los barrios de \u00c1lamos, Sonora (las ventanas tienen vidrio especializado para la reducci\u00f3n de ruido externo). Estas habitaciones manejan una decoraci\u00f3n r\u00fastica pero con una gran cantidad de encanto,\u00a0todas las habitaciones de esta \u00e1rea tienen chimenea de le\u00f1a , las cuales en temporada de fr\u00edo proveer\u00e1n de calor, para la temporada de verano podr\u00e1s\u00a0disponer de aire acondicionado.<\/p>\n<p>Nuestras 7\u00a0habitaciones categor\u00eda \u00abCasa spa\u00bb disponen de una cama tama\u00f1o King, una cama tama\u00f1o Queen o dos camas Queen.<\/p>\n<p><strong>Servicios de las habitaciones:<\/strong>\u00a0Cuarto de ba\u00f1o (ducha), tel\u00e9fono directo, caja fuerte , enfriador de agua filtrada, servi-bar, plancha, cafetera, secados de cabello y\u00a0 Wifi gratuito.<\/p>","protected":false},"excerpt":{"rendered":"<p>\n\u00a0Hacienda Guest Rooms<\/p>\n<p>En la mayor\u00eda de las habitaciones al salir de ellas lo primero que observaras ser\u00e1 <\/p>\n","protected":false},"author":1,"featured_media":0,"parent":33,"menu_order":0,"comment_status":"closed","ping_status":"closed","template":"","meta":{"footnotes":""},"class_list":["post-74","page","type-page","status-publish","hentry"],"_links":{"self":[{"href":"https:\/\/haciendadelossantos.com\/wp2\/es\/wp-json\/wp\/v2\/pages\/74","targetHints":{"allow":["GET"]}}],"collection":[{"href":"https:\/\/haciendadelossantos.com\/wp2\/es\/wp-json\/wp\/v2\/pages"}],"about":[{"href":"https:\/\/haciendadelossantos.com\/wp2\/es\/wp-json\/wp\/v2\/types\/page"}],"author":[{"embeddable":true,"href":"https:\/\/haciendadelossantos.com\/wp2\/es\/wp-json\/wp\/v2\/users\/1"}],"replies":[{"embeddable":true,"href":"https:\/\/haciendadelossantos.com\/wp2\/es\/wp-json\/wp\/v2\/comments?post=74"}],"version-history":[{"count":7,"href":"https:\/\/haciendadelossantos.com\/wp2\/es\/wp-json\/wp\/v2\/pages\/74\/revisions"}],"predecessor-version":[{"id":1062,"href":"https:\/\/haciendadelossantos.com\/wp2\/es\/wp-json\/wp\/v2\/pages\/74\/revisions\/1062"}],"up":[{"embeddable":true,"href":"https:\/\/haciendadelossantos.com\/wp2\/es\/wp-json\/wp\/v2\/pages\/33"}],"wp:attachment":[{"href":"https:\/\/haciendadelossantos.com\/wp2\/es\/wp-json\/wp\/v2\/media?parent=74"}],"curies":[{"name":"wp","href":"https:\/\/api.w.org\/{rel}","templated":true}]}}