{"id":604,"date":"2016-10-10T20:43:35","date_gmt":"2016-10-11T03:43:35","guid":{"rendered":"https:\/\/haciendadelossantos.com\/wp2\/?page_id=604"},"modified":"2022-11-26T15:26:43","modified_gmt":"2022-11-26T22:26:43","slug":"the-experience","status":"publish","type":"page","link":"https:\/\/haciendadelossantos.com\/wp2\/es\/36-2\/holidays-at-the-hacienda\/new-years-eve-gala-2020\/the-experience\/","title":{"rendered":"La Experiencia"},"content":{"rendered":"<p>La terapia de masajes tiene muchos beneficios m\u00e1s all\u00e1 de un simple consentimiento. Un buen masaje puede ayudar a:<\/p>\n<ul>\n<li>Eliminar los dolores de cabeza causados por la tensi\u00f3n<\/li>\n<li>Aliviar el estr\u00e9s<\/li>\n<li>Mejorar la postura<\/li>\n<li>Bajar la presi\u00f3n arterial<\/li>\n<li>Mejorar el tono muscular<\/li>\n<li>Aumentar la circulaci\u00f3n<\/li>\n<li>Fortalecer el sistema inmunol\u00f3gico<\/li>\n<li>Reducir el dolor<\/li>\n<\/ul>\n<p><strong>Su primer masaje<\/strong><\/p>\n<p>En la Dulce Vida pensamos que todos deben tomar ventaja de los beneficios terap\u00e9uticos y anti-estr\u00e9s que ofrecen los masajes. Si es su primera visita a nuestro SPA o jam\u00e1s ha recibido un masaje, quisi\u00e9ramos explicarle un poco acerca de lo que le espera (le recomendamos no hacer una cita en el SPA si no se siente del todo bien).<\/p>\n<p><strong>El recibimiento<\/strong><\/p>\n<p>A su llegada a la Dulce Vida Spa, favor de tomar asiento en la mesa del portal. La Coordinadora del SPA le dar\u00e1 la bienvenida y le har\u00e1 algunas preguntas sobre su visita, como por ejemplo, el por qu\u00e9 desea un masaje, su condici\u00f3n f\u00edsica actual, las \u00e1reas especificas donde se sienta alg\u00fan dolor o aquellas \u00e1reas donde le gustar\u00eda que se enfocara la terapeuta durante la sesi\u00f3n del masaje. Entonces le presentar\u00e1n a su terapeuta. (Cabe mencionar que las terapeutas por lo general hablan muy poco ingl\u00e9s.)<\/p>\n<p><strong><br \/>\n<\/strong><strong>Cuarto de tratamiento<\/strong><\/p>\n<p>La terapeuta lo llevara a la tranquila habitaci\u00f3n asignada para el tratamiento, donde le espera un camastro para masajes con suaves sabanas limpias y una linda cobija. Le mostrar\u00e1n donde poner sus pertenencias principales; tambi\u00e9n habr\u00e1 una silla para su uso.<\/p>\n<p>La terapeuta saldr\u00e1 de la habitaci\u00f3n unos minutos en lo que usted se desviste (la mayor\u00eda de los clientes prefieren desvestirse por completo, otros se dejan algunas prendas puestas; queda a su discreci\u00f3n). Cuando termine, recu\u00e9stese en el camastro boca abajo debajo de la s\u00e1bana. La terapeuta le dar\u00e1 el tiempo que usted necesite para acomodarse; cuando ella cree prudente, tocar\u00e1 en la puerta a ver si usted est\u00e1 listo antes de entrar.<\/p>\n<p>Durante el masaje su cuerpo permanecer\u00e1 cubierto con la s\u00e1bana y una cobija adicional si as\u00ed lo desea. La terapeuta s\u00f3lo destapar\u00e1 la parte del cuerpo en la que est\u00e1 trabajando, asegur\u00e1ndose de que su privacidad sea bien respetada en cada momento. Usted sentir\u00e1 un ambiente tranquilo y c\u00f3modo durante su masaje. El camastro cuenta con una cobija acojinada con calefacci\u00f3n, misma que puede adaptarse a su preferencia. Habr\u00e1 m\u00fasica relajante, al menos que usted prefiera lo contrario.<\/p>\n<p><strong>Su comodidad es primordial<\/strong><\/p>\n<p>Antes de iniciar la sesi\u00f3n de tratamiento, la terapeuta le pedir\u00e1 que le deje saber si en alg\u00fan momento durante el masaje usted siente dolor o se siente inc\u00f3modo. Seg\u00fan lo que usted requiera o pida, la terapeuta realizar\u00e1 o un masaje de cuerpo entero modificado para sus necesidades (relajaci\u00f3n general, reducci\u00f3n de estr\u00e9s, etc.) o enfocar\u00e1 el tratamiento en las partes espec\u00edficas del cuerpo que usted desee. En La Dulce Vida SPA s\u00f3lo utilizamos productos de la m\u00e1s alta calidad, incluyendo lociones de masaje hipoalerg\u00e9nicas (Biotone).<\/p>\n<p><strong>Un para\u00edso terrenal<\/strong><\/p>\n<p>La mayor\u00eda de las sesiones de masaje duran una hora. Esto incluye 5 minutos para desvestirse y acomodarse en el camastro para masaje, 50 minutos para el tratamiento en s\u00ed y 5 minutos para volverse a vestir al final del masaje.<\/p>\n<p>Cuando se termine la sesi\u00f3n, su terapeuta saldr\u00e1 de la habitaci\u00f3n para que usted se incorpore y se vista sin prisa. Su terapeuta lo esperar\u00e1 afuera de la habitaci\u00f3n para acompa\u00f1arlo a la entrada del SPA. Despu\u00e9s de un tratamiento, quiz\u00e1s quiera prolongar los efectos tom\u00e1ndose una siesta en la tranquilidad de su suite.<\/p>","protected":false},"excerpt":{"rendered":"<p>La terapia de masajes tiene muchos beneficios m\u00e1s all\u00e1 de un simple consentimiento. Un buen masaje puede ayudar a:<br \/>\n<br \n<\/p>\n","protected":false},"author":1,"featured_media":0,"parent":136,"menu_order":0,"comment_status":"closed","ping_status":"closed","template":"","meta":{"footnotes":""},"class_list":["post-604","page","type-page","status-publish","hentry"],"_links":{"self":[{"href":"https:\/\/haciendadelossantos.com\/wp2\/es\/wp-json\/wp\/v2\/pages\/604","targetHints":{"allow":["GET"]}}],"collection":[{"href":"https:\/\/haciendadelossantos.com\/wp2\/es\/wp-json\/wp\/v2\/pages"}],"about":[{"href":"https:\/\/haciendadelossantos.com\/wp2\/es\/wp-json\/wp\/v2\/types\/page"}],"author":[{"embeddable":true,"href":"https:\/\/haciendadelossantos.com\/wp2\/es\/wp-json\/wp\/v2\/users\/1"}],"replies":[{"embeddable":true,"href":"https:\/\/haciendadelossantos.com\/wp2\/es\/wp-json\/wp\/v2\/comments?post=604"}],"version-history":[{"count":1,"href":"https:\/\/haciendadelossantos.com\/wp2\/es\/wp-json\/wp\/v2\/pages\/604\/revisions"}],"predecessor-version":[{"id":605,"href":"https:\/\/haciendadelossantos.com\/wp2\/es\/wp-json\/wp\/v2\/pages\/604\/revisions\/605"}],"up":[{"embeddable":true,"href":"https:\/\/haciendadelossantos.com\/wp2\/es\/wp-json\/wp\/v2\/pages\/136"}],"wp:attachment":[{"href":"https:\/\/haciendadelossantos.com\/wp2\/es\/wp-json\/wp\/v2\/media?parent=604"}],"curies":[{"name":"wp","href":"https:\/\/api.w.org\/{rel}","templated":true}]}}