{"id":49,"date":"2016-05-05T22:04:04","date_gmt":"2016-05-06T05:04:04","guid":{"rendered":"https:\/\/haciendadelossantos.com\/wp2\/?page_id=49"},"modified":"2026-02-15T17:19:05","modified_gmt":"2026-02-16T00:19:05","slug":"awards","status":"publish","type":"page","link":"https:\/\/haciendadelossantos.com\/wp2\/es\/awards\/","title":{"rendered":"Premios"},"content":{"rendered":"<p><\/p>\n<h3><\/h3>\n<h3>Historic Hotels Worldwide <strong>(350 Hotels in 50 countries)<\/strong><\/h3>\n<ul>\n<li>The Top 25 Historic Hotels Worldwide &#8216;Most Historic Bars\/Lounges&#8217; #2, 2025<\/li>\n<li>The Top 25 Historic Hotels Worldwide &#8216;Holiday Traditions &amp; Spectacular Displays&#8217;, #4, 2024<\/li>\n<li>The Top 25 Historic Hotels Worldwide &#8216;Most Magnificent Gardens&#8217;, 2024<\/li>\n<li>The Top 25 Historic Hotels Worldwide &#8216;Most Magnificent Art Collections&#8217;, 2022<\/li>\n<li>The Top 25 Historic Hotels Worldwide &#8216;Most Romantic&#8217;, 2022 &amp; 2026<\/li>\n<li>The Top 25 Historic Hotels Worldwide &#8216;Best Hotel in the Americas&#8217; (Excluding USA), #1, 2021<\/li>\n<li>The Top 25 Historic Hotels Worldwide &#8216;International Award of Excellence&#8217; 2021<\/li>\n<li>Fodor&#8217;s Choice 2026<\/li>\n<li>Booking.Com 4.9 (Excellent Rating)<\/li>\n<\/ul>\n<ul id=\"bullets4\"><\/ul>\n<h3>CONDE NAST<\/h3>\n<ul>\n<li>Conde Nast Traveler &#8216;Winner&#8217; Mexico, 2021<\/li>\n<\/ul>\n<h3>Trip Advisor (47,655 Hotels in Mexico)<\/h3>\n<ul id=\"bullets4\">\n<li>Traveler&#8217;s Choice Award as Best of the Best Hotels in Mexico, 2021, 2022,\u00a02024<\/li>\n<li>#1 Small Hotel in Mexico<\/li>\n<li>Top 5 Luxury Hotels in Mexico<\/li>\n<\/ul>\n<ul id=\"bullets4\"><\/ul>\n<h3>Other Awards<\/h3>\n<ul>\n<li><a href=\"https:\/\/www.facebook.com\/838199476317510\/posts\/2111988425605269\/\">The 8 most spectacular hacienda hotels in Mexico. (click here)<\/a><\/li>\n<li><a href=\"http:\/\/www.sopitas.com\/350088-los-10-mejores-hoteles-lujosos-de-mexico-segun-los-huespedes\/\">Top 10 luxury hotels in Mexico (click here)<\/a><\/li>\n<li>Fodor\u2019s Choice 15 Consecutive Years<\/li>\n<li>#1 Hacienda Hotel in Mexico, \u2018Estilo DF\u2019 Magazine<\/li>\n<li>AAA Four Diamond for 23 Years<\/li>\n<li>Best Hotel in Mexico\u201d by Jeffrey Davidow, U.S. Ambassador to Mexico<\/li>\n<li>Featured in the following \u00a0publications: &#8216;Architectural Digest&#8217;, &#8216;AOPA&#8217; (Aircraft Owners &amp; Pilot&#8217;s Association), Tucson Lifestyle, Phoenix Home &amp; Garden, Tucson Home &amp; Garden, Desert Leaf, \u00a0Miami Herald, New York Times and Contrails (Jet Owner&#8217;s magazine) &amp; the following quality magazines in Mexico (Imagenes, Estilo, &#8216;Oui&#8217; &amp; Casa y Gente.<\/li>\n<li>Filming Location for portions of 184 episodes of \u2018La Fuerza del Destino\u2019, Mexico\u2019s #1 Televisa Series<\/li>\n<li>Filming Location for 18 Endemol Reality TV Series \u2018Who Will She Choose\u2019 (European)<\/li>\n<li>Filming Location for VW and Mitubishi National Advertisements for Mexico<\/li>\n<li>Site of an National Governor\u2019s Conference of Mexico (CONAGO)<\/li>\n<li>Site of 30 Semi-Annual Pilot Fly-Ins in Private Aircraft<\/li>\n<li>Site of Mexico-Arizona Commission Conference<\/li>\n<li><a href=\"http:\/\/blog.mexicodestinos.com\/2015\/12\/20-hoteles-en-mexico-que-deberias-conocer\/\">20 Hotels in Mexico that You Should Experience at Least Once in your Life (click here)<\/a><\/li>\n<li>&#8216;<a href=\"https:\/\/www.facebook.com\/mexicodesconocido\/videos\/10155432065663743\/\">M\u00e9xico Desconocido &#8216;, una de las principales revistas de M\u00e9xico en noviembre de 2017, calific\u00f3 a Alamos como el # 2 Pueblo M\u00e1gico<\/a>.<\/li>\n<\/ul>\n<div><\/div>\n<div><strong>Premios Alamos?<\/strong><\/div>\n<div>\u00a0Alamos fue el Pueblo M\u00e1gico n\u00famero 17 en M\u00e9xico de m\u00e1s de 100. Algunas revistas lo han calificado como el Pueblo M\u00e1gico # 1, bas\u00e1ndose en el hecho de que todav\u00eda se parece mucho al pueblo que era en el siglo XVIII. Alamos est\u00e1 catalogado por el gobierno federal como Monumento Nacional y ha sido la ubicaci\u00f3n de varias series de televisi\u00f3n. <a href=\"https:\/\/www.liveandinvestoverseas.com\/retirement-living\/best-retirement-destination-for-single-women-overseas\/\">Por favor, consulte este art\u00edculo.<\/a><\/div>\n<div>\n<p><a href=\"https:\/\/wemagazineforwomen.com\/best-destinations-for-single-women-moving-abroad\/\">Adem\u00e1s, si desea saber un poco m\u00e1s sobre el pueblo de Alamos y la seguridad \/ amabilidad \/ etc., aqu\u00ed hay dos art\u00edculos de noticias de EE. UU.<\/a><br \/>\nadem\u00e1s de una <a href=\"https:\/\/youtu.be\/QwxsQBkJ49g\">noticia de CBS sobre que es la ubicaci\u00f3n n\u00famero uno del mundo para mujeres solteras.<\/a><\/p>\n<\/div>\n<div><\/div>\n<p><\/p>","protected":false},"excerpt":{"rendered":"<p>Historic Hotels Worldwide (350 Hotels in 50 countries)<\/p>\n<p>The Top 25 Historic Hotels Worldwide &#8216;Most Historic Bars\/Lounges&#8217; <\/p>\n","protected":false},"author":1,"featured_media":1116,"parent":0,"menu_order":0,"comment_status":"closed","ping_status":"closed","template":"","meta":{"footnotes":""},"class_list":["post-49","page","type-page","status-publish","has-post-thumbnail","hentry"],"_links":{"self":[{"href":"https:\/\/haciendadelossantos.com\/wp2\/es\/wp-json\/wp\/v2\/pages\/49","targetHints":{"allow":["GET"]}}],"collection":[{"href":"https:\/\/haciendadelossantos.com\/wp2\/es\/wp-json\/wp\/v2\/pages"}],"about":[{"href":"https:\/\/haciendadelossantos.com\/wp2\/es\/wp-json\/wp\/v2\/types\/page"}],"author":[{"embeddable":true,"href":"https:\/\/haciendadelossantos.com\/wp2\/es\/wp-json\/wp\/v2\/users\/1"}],"replies":[{"embeddable":true,"href":"https:\/\/haciendadelossantos.com\/wp2\/es\/wp-json\/wp\/v2\/comments?post=49"}],"version-history":[{"count":31,"href":"https:\/\/haciendadelossantos.com\/wp2\/es\/wp-json\/wp\/v2\/pages\/49\/revisions"}],"predecessor-version":[{"id":1167,"href":"https:\/\/haciendadelossantos.com\/wp2\/es\/wp-json\/wp\/v2\/pages\/49\/revisions\/1167"}],"wp:featuredmedia":[{"embeddable":true,"href":"https:\/\/haciendadelossantos.com\/wp2\/es\/wp-json\/wp\/v2\/media\/1116"}],"wp:attachment":[{"href":"https:\/\/haciendadelossantos.com\/wp2\/es\/wp-json\/wp\/v2\/media?parent=49"}],"curies":[{"name":"wp","href":"https:\/\/api.w.org\/{rel}","templated":true}]}}