{"id":40,"date":"2016-05-05T21:59:54","date_gmt":"2016-05-06T04:59:54","guid":{"rendered":"https:\/\/haciendadelossantos.com\/wp2\/?page_id=40"},"modified":"2022-12-04T16:07:54","modified_gmt":"2022-12-04T23:07:54","slug":"dinning","status":"publish","type":"page","link":"https:\/\/haciendadelossantos.com\/wp2\/es\/dinning\/","title":{"rendered":"La Buena Mesa"},"content":{"rendered":"<p><\/p>\n<div class=\"entry-text\">\n<p><strong>La buena mesa<\/strong><\/p>\n<p>En la Hacienda de los Santos<sup>\u00ae<\/sup>, la buena mesa atrae a los cinco sentidos:<\/p>\n<ul>\n<li><strong>Sus ojos <\/strong>se deleitar\u00e1n con los bellos platillos servidos en mesas con manteles coloridos y flores frescas\u2026<\/li>\n<\/ul>\n<ul>\n<li><strong>El suave murmullo<\/strong> de las guitarras del Tr\u00edo Los Hacendados es un placer\u2026<\/li>\n<\/ul>\n<ul>\n<li><strong>Los aromas <\/strong>que emanan de la cocina y de su propio platillo gourmet le har\u00e1 la boca agua\u2026<\/li>\n<\/ul>\n<ul>\n<li><strong>El sabor <\/strong>de los ingredientes y las exquisitas combinaciones que saltan de la imaginaci\u00f3n del Chef es realmente divino\u2026<\/li>\n<\/ul>\n<ul>\n<li><strong>Sus manos <\/strong>estar\u00e1n ocupadas con el tenedor y el cuchillo, y luego la cuchara para el postre y el caf\u00e9, sin olvidar la copa de vino que acompa\u00f1ar\u00e1 su cena\u2026<\/li>\n<\/ul>\n<p>La Hacienda de los Santos<sup>\u00ae<\/sup> ofrece a sus hu\u00e9spedes una gran variedad de opciones para comer, incluyendo la de cenar en sus espaciosas habitaciones con chimenea o en cualquiera de los \u00edntimos rincones con vista a las albercas o los jardines.<\/p>\n<p>Grupos privados pueden optar por cenar en el <strong>Treetop Grill <\/strong>en el techo de la hacienda. En la temporada de invierno, los hu\u00e9spedes pueden visitar el <strong>Agave Caf\u00e9 &amp; Galer\u00eda <\/strong>para el desayuno y la comida, y disfrutar de una cena gourmet en las noches afuera de la <strong>Cantina de Zapata. <\/strong> Tambi\u00e9n puede cenar en una atm\u00f3sfera m\u00e1s casual dentro de la Cantina.<\/p>\n<p>Durante el verano el servicio de comidas es en el nuevo <strong>Bistro Santiago\u2019s<\/strong>, con salida hacia la calle en donde las tropas del Emperador Maximiliano pelearon en el 1860. Santiago\u2019s tiene una barra completa y adem\u00e1s sirven una selecci\u00f3n deliciosa de diferentes caf\u00e9s, incluyendo espresso, capuchino, lattes y americanos, hechos con granos frescos de caf\u00e9 de Chiapas.<\/p>\n<p>Los men\u00fas para la cena cambian a diario y siempre hay tres opciones para el plato fuerte. El men\u00fa de la noche cambia cada d\u00eda, siempre con tres opciones en el platillo de entrada. Muchas de las verduras frescas y frutas son tra\u00eddas del rancho de la Hacienda, donde son org\u00e1nicamente fertilizadas. Si\u00e9ntase en la libertad de discutir con el chef sobre necesidades personales de alguna dieta especial o preferencias culinarias.<\/p>\n<p>El saz\u00f3n de la cocina de la Hacienda es de nueva cocina americana y sonorense.<\/p>\n<p>Los planes de alimentos est\u00e1n disponibles para hu\u00e9spedes registrados solo a $ 60.00 USD por persona por d\u00eda. Esto incluye una mejora en el desayuno a todas las opciones del men\u00fa, m\u00e1s lo mismo para el men\u00fa del almuerzo en el Caf\u00e9 Agave, y todas las opciones del men\u00fa en Santiago&#8217;s para la cena.<\/p>\n<\/div>\n<p><\/p>","protected":false},"excerpt":{"rendered":"<p>La buena mesa<br \/>\nEn la Hacienda de los Santos\u00ae, la buena mesa atrae a los cinco sentidos:<br \/>\n<br \n<\/p>\n","protected":false},"author":1,"featured_media":0,"parent":0,"menu_order":0,"comment_status":"closed","ping_status":"closed","template":"","meta":{"footnotes":""},"class_list":["post-40","page","type-page","status-publish","hentry"],"_links":{"self":[{"href":"https:\/\/haciendadelossantos.com\/wp2\/es\/wp-json\/wp\/v2\/pages\/40","targetHints":{"allow":["GET"]}}],"collection":[{"href":"https:\/\/haciendadelossantos.com\/wp2\/es\/wp-json\/wp\/v2\/pages"}],"about":[{"href":"https:\/\/haciendadelossantos.com\/wp2\/es\/wp-json\/wp\/v2\/types\/page"}],"author":[{"embeddable":true,"href":"https:\/\/haciendadelossantos.com\/wp2\/es\/wp-json\/wp\/v2\/users\/1"}],"replies":[{"embeddable":true,"href":"https:\/\/haciendadelossantos.com\/wp2\/es\/wp-json\/wp\/v2\/comments?post=40"}],"version-history":[{"count":2,"href":"https:\/\/haciendadelossantos.com\/wp2\/es\/wp-json\/wp\/v2\/pages\/40\/revisions"}],"predecessor-version":[{"id":1034,"href":"https:\/\/haciendadelossantos.com\/wp2\/es\/wp-json\/wp\/v2\/pages\/40\/revisions\/1034"}],"wp:attachment":[{"href":"https:\/\/haciendadelossantos.com\/wp2\/es\/wp-json\/wp\/v2\/media?parent=40"}],"curies":[{"name":"wp","href":"https:\/\/api.w.org\/{rel}","templated":true}]}}