{"id":36,"date":"2016-05-05T21:58:07","date_gmt":"2016-05-06T04:58:07","guid":{"rendered":"https:\/\/haciendadelossantos.com\/wp2\/?page_id=36"},"modified":"2024-10-11T11:00:49","modified_gmt":"2024-10-11T18:00:49","slug":"36-2","status":"publish","type":"page","link":"https:\/\/haciendadelossantos.com\/wp2\/es\/36-2\/","title":{"rendered":"Tarifas &#038; Paquetes"},"content":{"rendered":"<p>En la Hacienda de los Santos<sup>\u00ae<\/sup> su reservaci\u00f3n viene acompa\u00f1ada del mejor servicio de M\u00e9xico. Le invitamos a ver nuestros Paquetes para ayudarle a celebrar una variedad de ocasiones especiales.<\/p>","protected":false},"excerpt":{"rendered":"<p>En la Hacienda de los Santos\u00ae su reservaci\u00f3n viene acompa\u00f1ada del mejor servicio de M\u00e9xico. Le invitamos a ver nuestros <\/p>\n","protected":false},"author":1,"featured_media":0,"parent":0,"menu_order":0,"comment_status":"closed","ping_status":"closed","template":"","meta":{"footnotes":""},"class_list":["post-36","page","type-page","status-publish","hentry"],"_links":{"self":[{"href":"https:\/\/haciendadelossantos.com\/wp2\/es\/wp-json\/wp\/v2\/pages\/36","targetHints":{"allow":["GET"]}}],"collection":[{"href":"https:\/\/haciendadelossantos.com\/wp2\/es\/wp-json\/wp\/v2\/pages"}],"about":[{"href":"https:\/\/haciendadelossantos.com\/wp2\/es\/wp-json\/wp\/v2\/types\/page"}],"author":[{"embeddable":true,"href":"https:\/\/haciendadelossantos.com\/wp2\/es\/wp-json\/wp\/v2\/users\/1"}],"replies":[{"embeddable":true,"href":"https:\/\/haciendadelossantos.com\/wp2\/es\/wp-json\/wp\/v2\/comments?post=36"}],"version-history":[{"count":1,"href":"https:\/\/haciendadelossantos.com\/wp2\/es\/wp-json\/wp\/v2\/pages\/36\/revisions"}],"predecessor-version":[{"id":1133,"href":"https:\/\/haciendadelossantos.com\/wp2\/es\/wp-json\/wp\/v2\/pages\/36\/revisions\/1133"}],"wp:attachment":[{"href":"https:\/\/haciendadelossantos.com\/wp2\/es\/wp-json\/wp\/v2\/media?parent=36"}],"curies":[{"name":"wp","href":"https:\/\/api.w.org\/{rel}","templated":true}]}}