{"id":33,"date":"2016-05-05T21:56:41","date_gmt":"2016-05-06T04:56:41","guid":{"rendered":"https:\/\/haciendadelossantos.com\/wp2\/?page_id=33"},"modified":"2024-12-30T09:51:22","modified_gmt":"2024-12-30T16:51:22","slug":"accomodations","status":"publish","type":"page","link":"https:\/\/haciendadelossantos.com\/wp2\/es\/accomodations\/","title":{"rendered":"Alojamiento"},"content":{"rendered":"<p><\/p>\n<div class=\"entry-text\">\n<p><a href=\"https:\/\/haciendadelossantos.com\/wp2\/es\/accommodations\/rooms\"><img loading=\"lazy\" decoding=\"async\" class=\"alignleft size-medium wp-image-816\" title=\"accommodations\" src=\"https:\/\/haciendadelossantos.com\/wp2\/wp-content\/uploads\/2011\/05\/accommodations-300x200.jpg\" alt=\"\" width=\"300\" height=\"200\" \/><\/a>Cada habitaci\u00f3n, cada suite y cada villa en la Hacienda de los Santos<sup>\u00ae<\/sup> ha sido decorada primorosamente con antig\u00fcedades restauradas, obras de arte \u00fanicas y, por supuesto, parte de nuestra colecci\u00f3n de santos. Aqu\u00ed su confort es la clave: unas s\u00e1banas blancas, planchadas y delicadamente almidonadas, una cobija pr\u00edstina y unas almohadas perfectamente acomodadas le esperan cada noche; notas musicales llenan la habitaci\u00f3n de su m\u00fasica predilecta y los productos de aseo\u2014tra\u00eddos directamente de nuestro SPA\u2014 aguardan para perfumar su ba\u00f1o.<\/p>\n<p>Haga clic en cada categor\u00eda bajo el men\u00fa de \u201cAlojamiento\u201d para m\u00e1s detalles.<\/p>\n<p>&nbsp;<\/p>\n<p><strong>Detalles de las\u00a0<\/strong><b>habitaciones:<\/b><\/p>\n<p>\u2022 120 A \/ C.<br \/>\n\u2022 Se proh\u00edbe fumar en todas las habitaciones y en \u00e1reas comunes (por disposici\u00f3n oficial del Gobierno Mexicano).<br \/>\n\u2022 Aire acondicionado (con control individual).<br \/>\n\u2022 Agua embotellada.<br \/>\n\u2022 Flores frescas.<br \/>\n\u2022 Televisi\u00f3n de pantalla plana en la mayor\u00eda de las habitaciones (algunas suites tienen DVD\/VCR).<br \/>\n\u2022 No hay sat\u00e9lite o cable.<br \/>\n\u2022 Caja de seguridad electr\u00f3nica.<br \/>\n\u2022 Chimeneas de le\u00f1a (una o m\u00e1s).<br \/>\n\u2022 Espejo de cuerpo entero (en la mayor\u00eda de las habitaciones).<br \/>\n\u2022 Secador de pelo.<br \/>\n\u2022 Art\u00edculos de aseo de lujo.<br \/>\n\u2022 Espejo para maquillaje.<br \/>\n\u2022 Patio.<br \/>\n\u2022 Tinas y regaderas separadas (en las suites).<br \/>\n\u2022 Uno o dos ba\u00f1os (en algunas habitaciones).<\/p>\n<\/div>\n<p><\/p>","protected":false},"excerpt":{"rendered":"<p>Cada habitaci\u00f3n, cada suite y cada villa en la Hacienda de los Santos\u00ae ha sido decorada primorosamente con <\/p>\n","protected":false},"author":1,"featured_media":53,"parent":0,"menu_order":0,"comment_status":"closed","ping_status":"closed","template":"","meta":{"footnotes":""},"class_list":["post-33","page","type-page","status-publish","has-post-thumbnail","hentry"],"_links":{"self":[{"href":"https:\/\/haciendadelossantos.com\/wp2\/es\/wp-json\/wp\/v2\/pages\/33","targetHints":{"allow":["GET"]}}],"collection":[{"href":"https:\/\/haciendadelossantos.com\/wp2\/es\/wp-json\/wp\/v2\/pages"}],"about":[{"href":"https:\/\/haciendadelossantos.com\/wp2\/es\/wp-json\/wp\/v2\/types\/page"}],"author":[{"embeddable":true,"href":"https:\/\/haciendadelossantos.com\/wp2\/es\/wp-json\/wp\/v2\/users\/1"}],"replies":[{"embeddable":true,"href":"https:\/\/haciendadelossantos.com\/wp2\/es\/wp-json\/wp\/v2\/comments?post=33"}],"version-history":[{"count":4,"href":"https:\/\/haciendadelossantos.com\/wp2\/es\/wp-json\/wp\/v2\/pages\/33\/revisions"}],"predecessor-version":[{"id":1142,"href":"https:\/\/haciendadelossantos.com\/wp2\/es\/wp-json\/wp\/v2\/pages\/33\/revisions\/1142"}],"wp:featuredmedia":[{"embeddable":true,"href":"https:\/\/haciendadelossantos.com\/wp2\/es\/wp-json\/wp\/v2\/media\/53"}],"wp:attachment":[{"href":"https:\/\/haciendadelossantos.com\/wp2\/es\/wp-json\/wp\/v2\/media?parent=33"}],"curies":[{"name":"wp","href":"https:\/\/api.w.org\/{rel}","templated":true}]}}