{"id":29,"date":"2016-05-05T21:50:33","date_gmt":"2016-05-06T04:50:33","guid":{"rendered":"https:\/\/haciendadelossantos.com\/wp2\/?page_id=29"},"modified":"2017-01-26T19:56:44","modified_gmt":"2017-01-27T02:56:44","slug":"location","status":"publish","type":"page","link":"https:\/\/haciendadelossantos.com\/wp2\/es\/home\/location\/","title":{"rendered":"Ubicacion"},"content":{"rendered":"<p><\/p>\n<div class=\"entry-text\">\n<p>La ciudad colonial m\u00e1s norte\u00f1a en todo M\u00e9xico, \u00c1lamos est\u00e1 ubicado en el punto medio entre las hermosas playas de San Carlos y las despampanantes Barrancas del Cobre. Escondido en las faldas de la Sierra Madre, el pueblo queda a menos de 500 millas de Tucson, Arizona. Las \u00faltimas 40 millas de camino a \u00c1lamos se recorren sobre una carretera bien pavimentada\u00a0 de dos carriles.<\/p>\n<p>Desde la frontera con Estados Unidos se llega f\u00e1cilmente a \u00c1lamos en unas 7 horas, ya sea en cami\u00f3n (existen l\u00edneas que conectan directamente desde Tucson o Nogales); por vuelo comercial hasta la Cd. Obreg\u00f3n (a poco m\u00e1s de una hora de \u00c1lamos) o Los Mochis (a 2.5 horas de \u00c1lamos); o en avi\u00f3n privado, los cuales pueden aterrizar sin problemas en la pista de \u00c1lamos.<\/p>\n<p>Para cartas privadas de vuelo de Jet the Estados Unidos a M\u00e9xico le recomendamos ampliamente \u201cPacific jet Charters\u201d. Ellos tienen pilotos altamente capacitados, equipo excelente; Visita Hacienda de los Santos<sup>\u00ae<\/sup> para bases regulares. Para mas informaci\u00f3n \u201c<a href=\"http:\/\/www.pacificjet.com\/\" target=\"_blank\">Click aqui.<\/a>\u201d<\/p>\n<p>&nbsp;<\/p>\n<p><em>Nota: Si est\u00e1 planeando volar o necesita informaci\u00f3n general de aviaci\u00f3n, favor de <a title=\"Club Pilotos\" href=\"http:\/\/clubpilotos.com\/site\/\">hacer clic aqu\u00ed<\/a> para ser direccionado al sitio de aviaci\u00f3n para m\u00e1s informacion.<\/em><\/p>\n<p><a href=\"http:\/\/maps.google.com\/maps?f=q&amp;source=s_q&amp;hl=es&amp;geocode=&amp;q=Alamos,+Sonora,+M%C3%A9xico%3B+hacienda+de+los+santos&amp;sll=27.02266,-108.934808&amp;sspn=0.019192,0.038581&amp;ie=UTF8&amp;hq=hacienda+de+los+santos&amp;hnear=Alamos,+Sonora,+M%C3%A9xico&amp;ll=27.02266,-108.934808&amp;spn=0.019192,0.038581&amp;z=15&amp;iwloc=A\"><img loading=\"lazy\" decoding=\"async\" class=\"size-full wp-image-837 aligncenter\" title=\"location_map\" src=\"https:\/\/haciendadelossantos.com\/wp2\/wp-content\/uploads\/2011\/06\/location_map.gif\" alt=\"\" width=\"448\" height=\"446\" \/><\/a><\/p>\n<p>&nbsp;<\/p>\n<\/div>\n<p><\/p>","protected":false},"excerpt":{"rendered":"<p>La ciudad colonial m\u00e1s norte\u00f1a en todo M\u00e9xico, \u00c1lamos est\u00e1 ubicado en el punto medio entre las hermosas <\/p>\n","protected":false},"author":1,"featured_media":0,"parent":8,"menu_order":0,"comment_status":"closed","ping_status":"closed","template":"","meta":{"footnotes":""},"class_list":["post-29","page","type-page","status-publish","hentry"],"_links":{"self":[{"href":"https:\/\/haciendadelossantos.com\/wp2\/es\/wp-json\/wp\/v2\/pages\/29","targetHints":{"allow":["GET"]}}],"collection":[{"href":"https:\/\/haciendadelossantos.com\/wp2\/es\/wp-json\/wp\/v2\/pages"}],"about":[{"href":"https:\/\/haciendadelossantos.com\/wp2\/es\/wp-json\/wp\/v2\/types\/page"}],"author":[{"embeddable":true,"href":"https:\/\/haciendadelossantos.com\/wp2\/es\/wp-json\/wp\/v2\/users\/1"}],"replies":[{"embeddable":true,"href":"https:\/\/haciendadelossantos.com\/wp2\/es\/wp-json\/wp\/v2\/comments?post=29"}],"version-history":[{"count":1,"href":"https:\/\/haciendadelossantos.com\/wp2\/es\/wp-json\/wp\/v2\/pages\/29\/revisions"}],"predecessor-version":[{"id":649,"href":"https:\/\/haciendadelossantos.com\/wp2\/es\/wp-json\/wp\/v2\/pages\/29\/revisions\/649"}],"up":[{"embeddable":true,"href":"https:\/\/haciendadelossantos.com\/wp2\/es\/wp-json\/wp\/v2\/pages\/8"}],"wp:attachment":[{"href":"https:\/\/haciendadelossantos.com\/wp2\/es\/wp-json\/wp\/v2\/media?parent=29"}],"curies":[{"name":"wp","href":"https:\/\/api.w.org\/{rel}","templated":true}]}}