{"id":174,"date":"2016-09-09T21:48:45","date_gmt":"2016-09-10T04:48:45","guid":{"rendered":"https:\/\/haciendadelossantos.com\/wp2\/?page_id=174"},"modified":"2018-09-16T17:36:13","modified_gmt":"2018-09-17T00:36:13","slug":"gentlemens-specialties","status":"publish","type":"page","link":"https:\/\/haciendadelossantos.com\/wp2\/es\/spa\/gentlemens-specialties\/","title":{"rendered":"Para Caballeros"},"content":{"rendered":"<p><\/p>\n<div class=\"entry-text\">\n<p><strong>SPA para caballeros<\/strong><\/p>\n<p>Disfrute de media hora de masaje con especial atenci\u00f3n a los hombros, la espalda y la cabeza, seguido de un tratamiento para las manos para reducir lo aspereza de la piel (es una manicura sencilla sin esmalte).<\/p>\n<p><strong>Facial para caballeros<\/strong><br \/>\nFacial de limpieza profunda dise\u00f1ado para el cuidado de la piel masculina, especialmente aquellos con piel sensible que presente problemas al momento de afeitarse (recomendamos no afeitarse antes del facial).<\/p>\n<p><strong>Pedicura para caballeros<\/strong><br \/>\nEste tratamiento se lleva a cabo en las sillas Jacuzzi y es ideal para suavizar la piel mediante el uso de exfoliantes y suavizantes.<\/p>\n<p>&nbsp;<\/p>\n<p><strong>Tratamiento antiestr\u00e9s<\/strong> (dos horas)<br \/>\nEste tratamiento comienza con un masaje vigoroso, ideal para liberar el estr\u00e9s y la tensi\u00f3n del cuerpo, prestando atenci\u00f3n especial al \u00e1rea de la cabeza, la espalda y el cuello, usando para esto lociones herbales que suavizan la piel. A esto le sigue un facial para caballeros, para finalizar con un relajante masaje de pies y manos los cuales.<\/p>\n<p>(Nuestros precios son en pesos e incuyen impuestos.)<\/p>\n<\/div>\n<p><\/p>","protected":false},"excerpt":{"rendered":"<p>SPA para caballeros<br \/>\nDisfrute de media hora de masaje con especial atenci\u00f3n a los hombros, la espalda y <\/p>\n","protected":false},"author":1,"featured_media":0,"parent":107,"menu_order":0,"comment_status":"closed","ping_status":"closed","template":"","meta":{"footnotes":""},"class_list":["post-174","page","type-page","status-publish","hentry"],"_links":{"self":[{"href":"https:\/\/haciendadelossantos.com\/wp2\/es\/wp-json\/wp\/v2\/pages\/174","targetHints":{"allow":["GET"]}}],"collection":[{"href":"https:\/\/haciendadelossantos.com\/wp2\/es\/wp-json\/wp\/v2\/pages"}],"about":[{"href":"https:\/\/haciendadelossantos.com\/wp2\/es\/wp-json\/wp\/v2\/types\/page"}],"author":[{"embeddable":true,"href":"https:\/\/haciendadelossantos.com\/wp2\/es\/wp-json\/wp\/v2\/users\/1"}],"replies":[{"embeddable":true,"href":"https:\/\/haciendadelossantos.com\/wp2\/es\/wp-json\/wp\/v2\/comments?post=174"}],"version-history":[{"count":4,"href":"https:\/\/haciendadelossantos.com\/wp2\/es\/wp-json\/wp\/v2\/pages\/174\/revisions"}],"predecessor-version":[{"id":760,"href":"https:\/\/haciendadelossantos.com\/wp2\/es\/wp-json\/wp\/v2\/pages\/174\/revisions\/760"}],"up":[{"embeddable":true,"href":"https:\/\/haciendadelossantos.com\/wp2\/es\/wp-json\/wp\/v2\/pages\/107"}],"wp:attachment":[{"href":"https:\/\/haciendadelossantos.com\/wp2\/es\/wp-json\/wp\/v2\/media?parent=174"}],"curies":[{"name":"wp","href":"https:\/\/api.w.org\/{rel}","templated":true}]}}