{"id":172,"date":"2016-09-09T21:47:11","date_gmt":"2016-09-10T04:47:11","guid":{"rendered":"https:\/\/haciendadelossantos.com\/wp2\/?page_id=172"},"modified":"2018-09-16T17:25:18","modified_gmt":"2018-09-17T00:25:18","slug":"spa-specialties","status":"publish","type":"page","link":"https:\/\/haciendadelossantos.com\/wp2\/es\/spa\/spa-specialties\/","title":{"rendered":"Especialidades del Spa"},"content":{"rendered":"<p><\/p>\n<div class=\"entry-text\">\n<div class=\"entry-text\">\n<p>Este retiro para dos comienza con un masaje de 50 minutos en camastros individuales colocados uno al lado del otro en una habitaci\u00f3n con m\u00fasica relajante y a la luz de las velas. Le siguen dos pedicuras y una sesi\u00f3n de reflexolog\u00eda, todo esto en sillas Jacuzzi mientras disfrutan de margaritas, limonadas, o t\u00e9 y botanas.<\/p>\n<p>&nbsp;<\/p>\n<p><strong>Un d\u00eda de belleza al estilo sonorense<\/strong><br \/>\nComience su d\u00eda con un masaje de 50 minutos (usted elige cual), seguido de un Facial Lift de Decleor con extracto de plantas para una piel radiante. Disfrute de una fresca limonada, t\u00e9 o una copa de vino con una ensalada o s\u00e1ndwich mientras disfruta de una pedicura y manicura, los cuales incluyen el tratamiento de parafina para suavizar manos y pies.<\/p>\n<\/div>\n<\/div>\n<p><\/p>","protected":false},"excerpt":{"rendered":"<p>\nEste retiro para dos comienza con un masaje de 50 minutos en camastros individuales colocados uno al <\/p>\n","protected":false},"author":1,"featured_media":0,"parent":107,"menu_order":0,"comment_status":"closed","ping_status":"closed","template":"","meta":{"footnotes":""},"class_list":["post-172","page","type-page","status-publish","hentry"],"_links":{"self":[{"href":"https:\/\/haciendadelossantos.com\/wp2\/es\/wp-json\/wp\/v2\/pages\/172","targetHints":{"allow":["GET"]}}],"collection":[{"href":"https:\/\/haciendadelossantos.com\/wp2\/es\/wp-json\/wp\/v2\/pages"}],"about":[{"href":"https:\/\/haciendadelossantos.com\/wp2\/es\/wp-json\/wp\/v2\/types\/page"}],"author":[{"embeddable":true,"href":"https:\/\/haciendadelossantos.com\/wp2\/es\/wp-json\/wp\/v2\/users\/1"}],"replies":[{"embeddable":true,"href":"https:\/\/haciendadelossantos.com\/wp2\/es\/wp-json\/wp\/v2\/comments?post=172"}],"version-history":[{"count":3,"href":"https:\/\/haciendadelossantos.com\/wp2\/es\/wp-json\/wp\/v2\/pages\/172\/revisions"}],"predecessor-version":[{"id":753,"href":"https:\/\/haciendadelossantos.com\/wp2\/es\/wp-json\/wp\/v2\/pages\/172\/revisions\/753"}],"up":[{"embeddable":true,"href":"https:\/\/haciendadelossantos.com\/wp2\/es\/wp-json\/wp\/v2\/pages\/107"}],"wp:attachment":[{"href":"https:\/\/haciendadelossantos.com\/wp2\/es\/wp-json\/wp\/v2\/media?parent=172"}],"curies":[{"name":"wp","href":"https:\/\/api.w.org\/{rel}","templated":true}]}}