{"id":168,"date":"2016-09-09T21:44:47","date_gmt":"2016-09-10T04:44:47","guid":{"rendered":"https:\/\/haciendadelossantos.com\/wp2\/?page_id=168"},"modified":"2024-12-23T10:26:29","modified_gmt":"2024-12-23T17:26:29","slug":"face-body","status":"publish","type":"page","link":"https:\/\/haciendadelossantos.com\/wp2\/es\/spa\/face-body\/","title":{"rendered":"Cara &#038; Cuerpo"},"content":{"rendered":"<p><\/p>\n<div class=\"entry-text\">\n<div class=\"entry-text\">\n<p><strong>Hydro Floral<\/strong><br \/>\nUna m\u00e1scara hidratante intensa, la cual provee una limpieza profunda y suaviza las l\u00edneas de expresi\u00f3n.<\/p>\n<p>&nbsp;<\/p>\n<p><strong>Facial Nutrisuan<\/strong><br \/>\nUna m\u00e1scara de Col\u00e1geno ideal para la piel seca y madura; contiene los elementos necesarios para humectar y suavizar.<\/p>\n<p><strong>Harmonie Douceur<\/strong> <strong>Extreme<\/strong><br \/>\nM\u00e1scara facial con aceites esenciales y extractos de plantas. Ideal para pieles sensibles y propensas a reacciones.<\/p>\n<p><strong>\u201cEvidence Lift\u201d de Decleor<\/strong><br \/>\nEste facial \u201cEvidence Lift Parisian\u201d humecta y refresca profundamente usando extractos de plantas. Lo acompa\u00f1amos con un masaje de manos y pies.<\/p>\n<p><strong>Facial Hacienda de Cuatro Capas<\/strong><br \/>\nEl facial franc\u00e9s Four Layer de\u00a0<em>Rep\u00eachage<\/em>\u00ae es uno de los 10 mejores faciales en todo el mundo. Es excelente para limpiar, hidratar y suavizar el cutis. Lo acompa\u00f1amos con un ligero masaje de pies y manos.<\/p>\n<p>&nbsp;<\/p>\n<p><strong>Tratamiento de sales para el cuerpo<\/strong><\/p>\n<p>Este tratamiento elimina la aspereza y c\u00e9lulas muertas usando sales de mar combinadas con aceites y antioxidantes, dejando la piel del cuerpo fresca y suave.<\/p>\n<p><strong>Tratamiento de Fango Bosque Sonorense<\/strong><br \/>\nTratamiento de fango en todo el cuerpo, el cual energiza, estimula, exfolia e hidrata la piel.<\/p>\n<p><strong>HACIENDA FOUR LAYER FACIAL<\/strong><strong><br \/>\n<\/strong><em>The Rep\u00eachage<\/em>\u00ae Four Layer French Facial: Europeans rave that it\u2019s one the 10 best beauty treatments in the world. Your face will feel cleansed, hydrated and silky combined w\/light massage.<\/p>\n<p><strong>SALT GLOW RUB<\/strong><strong><br \/>\n<\/strong>This treatment uses Dead Sea salts drenched in moisture, essential oils and antioxidants to eliminate rough, dry skin cells and leave you invigorated with skin soft as silk.<\/p>\n<\/div>\n<\/div>\n<p><\/p>","protected":false},"excerpt":{"rendered":"<p>\nHydro Floral<br \/>\nUna m\u00e1scara hidratante intensa, la cual provee una limpieza profunda y suaviza las l\u00edneas de <\/p>\n","protected":false},"author":1,"featured_media":0,"parent":107,"menu_order":0,"comment_status":"closed","ping_status":"closed","template":"","meta":{"footnotes":""},"class_list":["post-168","page","type-page","status-publish","hentry"],"_links":{"self":[{"href":"https:\/\/haciendadelossantos.com\/wp2\/es\/wp-json\/wp\/v2\/pages\/168","targetHints":{"allow":["GET"]}}],"collection":[{"href":"https:\/\/haciendadelossantos.com\/wp2\/es\/wp-json\/wp\/v2\/pages"}],"about":[{"href":"https:\/\/haciendadelossantos.com\/wp2\/es\/wp-json\/wp\/v2\/types\/page"}],"author":[{"embeddable":true,"href":"https:\/\/haciendadelossantos.com\/wp2\/es\/wp-json\/wp\/v2\/users\/1"}],"replies":[{"embeddable":true,"href":"https:\/\/haciendadelossantos.com\/wp2\/es\/wp-json\/wp\/v2\/comments?post=168"}],"version-history":[{"count":4,"href":"https:\/\/haciendadelossantos.com\/wp2\/es\/wp-json\/wp\/v2\/pages\/168\/revisions"}],"predecessor-version":[{"id":1141,"href":"https:\/\/haciendadelossantos.com\/wp2\/es\/wp-json\/wp\/v2\/pages\/168\/revisions\/1141"}],"up":[{"embeddable":true,"href":"https:\/\/haciendadelossantos.com\/wp2\/es\/wp-json\/wp\/v2\/pages\/107"}],"wp:attachment":[{"href":"https:\/\/haciendadelossantos.com\/wp2\/es\/wp-json\/wp\/v2\/media?parent=168"}],"curies":[{"name":"wp","href":"https:\/\/api.w.org\/{rel}","templated":true}]}}