{"id":165,"date":"2016-09-09T21:42:52","date_gmt":"2016-09-10T04:42:52","guid":{"rendered":"https:\/\/haciendadelossantos.com\/wp2\/?page_id=165"},"modified":"2022-10-27T16:00:52","modified_gmt":"2022-10-27T23:00:52","slug":"massage-menu","status":"publish","type":"page","link":"https:\/\/haciendadelossantos.com\/wp2\/es\/spa\/massage-menu\/","title":{"rendered":"Masajes"},"content":{"rendered":"<p><\/p>\n<div class=\"entry-text\">\n<p><strong>Masaje Geot\u00e9rmico de Piedras Calientes<\/strong><\/p>\n<p>Esta terapia combina el uso de piedras bas\u00e1lticas calientes con aceites especiales para relajar los m\u00fasculos y realzar la reparaci\u00f3n de los tejidos finos. Proporciona un bienestar completo e inspira a una conexi\u00f3n espiritual con la Tierra.<\/p>\n<p>&nbsp;<\/p>\n<p><strong>Masaje Terap\u00e9utico de Tejido Profundo<\/strong><\/p>\n<p>Este masaje de presi\u00f3n profunda es un favorito entre los atletas, pero tambi\u00e9n es excelente para aquellos que sufren de tensi\u00f3n muscular o dolor. Ayuda a promover la recuperaci\u00f3n de los m\u00fasculos lesionados y reduce el dolor causado por la inflamaci\u00f3n.<\/p>\n<p>&nbsp;<\/p>\n<p><strong>Terapia<\/strong><\/p>\n<p>Deje atr\u00e1s el mundanal ruido y libere la tensi\u00f3n acumulada con este masaje de relajaci\u00f3n muscular. Esta terapia se combina con aceites esenciales para ayudar a eliminar el estr\u00e9s, reactivar la circulaci\u00f3n sangu\u00ednea y estimular el sistema linf\u00e1tico para as\u00ed eliminar impurezas del cuerpo.<\/p>\n<p>&nbsp;<\/p>\n<\/div>\n<p><\/p>","protected":false},"excerpt":{"rendered":"<p>Masaje Geot\u00e9rmico de Piedras Calientes<br \/>\nEsta terapia combina el uso de piedras bas\u00e1lticas calientes con aceites especiales para <\/p>\n","protected":false},"author":1,"featured_media":0,"parent":107,"menu_order":0,"comment_status":"closed","ping_status":"closed","template":"","meta":{"footnotes":""},"class_list":["post-165","page","type-page","status-publish","hentry"],"_links":{"self":[{"href":"https:\/\/haciendadelossantos.com\/wp2\/es\/wp-json\/wp\/v2\/pages\/165","targetHints":{"allow":["GET"]}}],"collection":[{"href":"https:\/\/haciendadelossantos.com\/wp2\/es\/wp-json\/wp\/v2\/pages"}],"about":[{"href":"https:\/\/haciendadelossantos.com\/wp2\/es\/wp-json\/wp\/v2\/types\/page"}],"author":[{"embeddable":true,"href":"https:\/\/haciendadelossantos.com\/wp2\/es\/wp-json\/wp\/v2\/users\/1"}],"replies":[{"embeddable":true,"href":"https:\/\/haciendadelossantos.com\/wp2\/es\/wp-json\/wp\/v2\/comments?post=165"}],"version-history":[{"count":3,"href":"https:\/\/haciendadelossantos.com\/wp2\/es\/wp-json\/wp\/v2\/pages\/165\/revisions"}],"predecessor-version":[{"id":758,"href":"https:\/\/haciendadelossantos.com\/wp2\/es\/wp-json\/wp\/v2\/pages\/165\/revisions\/758"}],"up":[{"embeddable":true,"href":"https:\/\/haciendadelossantos.com\/wp2\/es\/wp-json\/wp\/v2\/pages\/107"}],"wp:attachment":[{"href":"https:\/\/haciendadelossantos.com\/wp2\/es\/wp-json\/wp\/v2\/media?parent=165"}],"curies":[{"name":"wp","href":"https:\/\/api.w.org\/{rel}","templated":true}]}}