{"id":162,"date":"2016-09-09T21:40:21","date_gmt":"2016-09-10T04:40:21","guid":{"rendered":"https:\/\/haciendadelossantos.com\/wp2\/?page_id=162"},"modified":"2016-10-10T20:56:27","modified_gmt":"2016-10-11T03:56:27","slug":"the-experience-2","status":"publish","type":"page","link":"https:\/\/haciendadelossantos.com\/wp2\/es\/home\/about-us\/the-experience-2\/","title":{"rendered":"La Experiencia"},"content":{"rendered":"<p><\/p>\n<div class=\"entry-text\">\n<p>La Hacienda de los Santos<sup>\u00ae<\/sup> est\u00e1 ubicada a tan solo dos cuadras de la plaza principal del pueblo, del mercado y de la catedral. En otras palabras, todo literalmente le queda a pasos de su puerta\u2014no hay necesidad de alquilar un carro.<\/p>\n<p>Al pasar por las enormes puertas dobles sentir\u00e1 que est\u00e1 llegando a una hermosa residencia privada. Aqu\u00ed le dan la bienvenida tal y como si fuera un miembro de la familia. Le brindar\u00e1n una sonrisa y una bebida fr\u00eda mientras su equipaje desaparece discretamente del vest\u00edbulo y reaparece en unos minutos en su habitaci\u00f3n.<\/p>\n<p>El check-in ocurren en pocos minutos, y pronto estar\u00e1 pasando por los portales para admirar los jardines, buscando el restaurante para sentarse a comer algo rico o acomod\u00e1ndose en un sill\u00f3n con vista a la alberca para leer una novela prestada de nuestra biblioteca.<\/p>\n<p>Aqu\u00ed en la Hacienda hay un solo mandato: el relax\u2026<\/p>\n<p>La discreci\u00f3n y la privacidad son lujos que abundan en la Hacienda de los Santos<sup>\u00ae<\/sup> Resort and Spa. Existen primorosos caminos de piedra que se pierden entre los jardines repletos de flores y plantas ex\u00f3tico, perfectos para un encuentro entre dos. En este oasis se encuentran ubicadas nuestras hermosas habitaciones, suites y villas, rodeadas del canto de los p\u00e1jaros y el susurro de las hojas. Cada habitaci\u00f3n est\u00e1 decorada en el estilo colonial, muchas adem\u00e1s sirven de fondo para nuestra extensa colecci\u00f3n de antig\u00fcedades, ex votos y detalles restaurados. Afuera, la Sierra domina el paisaje.<\/p>\n<p>Durante el d\u00eda podr\u00e1 disfrutar de las muchas actividades que tenemos disponibles, o simplemente descansar y ver pasar las horas tranquilamente y sin prisa. Luego del desayuno visite el Teatro para una matin\u00e9e c\u00f3modamente sentado en uno de los sillones de piel, salga de ah\u00ed a asolearse un rato en la alberca o regrese a la habitaci\u00f3n para esa siesta que tanto anhela cuando est\u00e1 en casa. Si as\u00ed lo desea, puede acompa\u00f1arnos a escuchar alguna de las charlas que presentamos en la biblioteca acerca de la arquitectura del lugar, su historia o el ecosistema de la Sierra Madre.<\/p>\n<p>Las actividades nocturnas en la Hacienda siguen el mismo paso tranquilo del pueblo. Cuando baja el sol y baja la temperatura, puede disfrutar de la cena y la bebida de su preferencia bajo los portales, acompa\u00f1ado por un\u00a0guitara rom\u00e1ntico, o quiz\u00e1s prefiera probar los diferentes tequilas que servimos en nuestra cantina, que data de la \u00e9poca de la Revoluci\u00f3n.<\/p>\n<p>El cielo aqu\u00ed es pr\u00edstino, y el espect\u00e1culo de estrellas se puede disfrutar a gusto desde nuestro mirador. En ocasiones especiales (\u00a1y es que nos encantan!) hacemos fiestas con m\u00fasica en vivo en el Trapiche.<\/p>\n<p>Afuera en el pueblo, las noches en la plaza est\u00e1n llenas de la m\u00fasica de los mariachis y las estudiantinas. Es aqu\u00ed d\u00f3nde le espera lo mejor de la vida en un pueblito mexicano\u2026<\/p>\n<\/div>\n<p><\/p>","protected":false},"excerpt":{"rendered":"<p>La Hacienda de los Santos\u00ae est\u00e1 ubicada a tan solo dos cuadras de la plaza principal del pueblo, <\/p>\n","protected":false},"author":1,"featured_media":0,"parent":21,"menu_order":0,"comment_status":"closed","ping_status":"closed","template":"","meta":{"footnotes":""},"class_list":["post-162","page","type-page","status-publish","hentry"],"_links":{"self":[{"href":"https:\/\/haciendadelossantos.com\/wp2\/es\/wp-json\/wp\/v2\/pages\/162","targetHints":{"allow":["GET"]}}],"collection":[{"href":"https:\/\/haciendadelossantos.com\/wp2\/es\/wp-json\/wp\/v2\/pages"}],"about":[{"href":"https:\/\/haciendadelossantos.com\/wp2\/es\/wp-json\/wp\/v2\/types\/page"}],"author":[{"embeddable":true,"href":"https:\/\/haciendadelossantos.com\/wp2\/es\/wp-json\/wp\/v2\/users\/1"}],"replies":[{"embeddable":true,"href":"https:\/\/haciendadelossantos.com\/wp2\/es\/wp-json\/wp\/v2\/comments?post=162"}],"version-history":[{"count":1,"href":"https:\/\/haciendadelossantos.com\/wp2\/es\/wp-json\/wp\/v2\/pages\/162\/revisions"}],"predecessor-version":[{"id":609,"href":"https:\/\/haciendadelossantos.com\/wp2\/es\/wp-json\/wp\/v2\/pages\/162\/revisions\/609"}],"up":[{"embeddable":true,"href":"https:\/\/haciendadelossantos.com\/wp2\/es\/wp-json\/wp\/v2\/pages\/21"}],"wp:attachment":[{"href":"https:\/\/haciendadelossantos.com\/wp2\/es\/wp-json\/wp\/v2\/media?parent=162"}],"curies":[{"name":"wp","href":"https:\/\/api.w.org\/{rel}","templated":true}]}}