{"id":159,"date":"2016-09-07T21:55:13","date_gmt":"2016-09-08T04:55:13","guid":{"rendered":"https:\/\/haciendadelossantos.com\/wp2\/?page_id=159"},"modified":"2016-12-13T06:46:00","modified_gmt":"2016-12-13T13:46:00","slug":"hooneymoon","status":"publish","type":"page","link":"https:\/\/haciendadelossantos.com\/wp2\/es\/weddings-meetings\/hooneymoon\/","title":{"rendered":"Luna"},"content":{"rendered":"<p>La posesi\u00f3n mas preciosa que tiene una pareja son los corazones de ambos\u2026\u00e9sta es su oportunidad de demostrarle que tanto la ama\u2026con una luna de miel en Hacienda de los Santos<sup>\u00ae<\/sup>.<\/p>\n<p>Abandone totalmente el estr\u00e9s de su boda y saboree juntos memorias preciosas. Dejen que nuestro personal les mime. En nuestros jardines escondidos y patios encontrar\u00e1n tranquilidad completa. Creen nuevas memorias en este nuevo cap\u00edtulo de vida.<\/p>\n<p>La Hacienda levanta la distinci\u00f3n en romance desde el momento en que pase por nuestra puerta. El Equipo de Romance orquestar\u00e1 cada detalle para asegurar que tengan una luna de miel \u00fanica e exclusiva en la Sierra Madre de \u00c1lamos, Sonora.<\/p>\n<p><em><strong>Experiencias personalizables:<\/strong><\/em><\/p>\n<p>Ejemplos de actividades planeados a sus preferencias personales incluyen:<\/p>\n<ul id=\"bullets\">\n<li>Una cena privada en el \u00edntimo restaurante Santiago\u2019s, donde todo desde vino y comida hasta m\u00fasica y regalos se har\u00e1 a sus preferencias<\/li>\n<li>Tratamientos de spa ideales para parejas<\/li>\n<li>Desayuno arriba del Mirador despu\u00e9s de haber subido los 377 escalones<\/li>\n<li>Paseos guiados a caballo por la Sierra Madre<\/li>\n<li>Disfruten de la Catina Zapata\u2019s con una clase en tequila 101<\/li>\n<\/ul>\n<p>El Equipo de Romance tambi\u00e9n manejar\u00e1 todos los detalles, tales como:<\/p>\n<ul id=\"bullets\">\n<li>Traslados seguros del aeropuerto de Ciudad Obreg\u00f3n<\/li>\n<li>Fot\u00f3grafo profesional para la noche o d\u00eda especial<\/li>\n<li>Reservaciones en el spa y restaurante<\/li>\n<li>Serenatas rom\u00e1nticas al son de la guitarra en su suite la \u00faltima noche de su estancia<\/li>\n<li>Flores o recuerdos personales en su suite antes de su llegada<\/li>\n<li>Reservando sillas y \u00e1reas de su elecci\u00f3n al lado de la alberca<\/li>\n<li>Servicio de turn-down con p\u00e9talos de rosas en su suite junto con chimenea iluminada por fuego o vela<\/li>\n<li>Chocolates deliciosos diariamente<\/li>\n<li>Paseos guiados privados a pie por el centro hist\u00f3rico del Pueblo M\u00e1gico<\/li>\n<\/ul>\n<p>&nbsp;<\/p>\n<p>Para hacer sus arreglos y planear un magnifica luna de miel tal como la deseen, por favor contacte la Directora de Romance, Jamie Swickard Alcantar <a href=\"mailto:Jamie@haciendadelosantos.com\">Jamie@haciendadelosantos.com<\/a><\/p>","protected":false},"excerpt":{"rendered":"<p>La posesi\u00f3n mas preciosa que tiene una pareja son los corazones de ambos\u2026\u00e9sta es su oportunidad de demostrarle que tanto <\/p>\n","protected":false},"author":1,"featured_media":0,"parent":43,"menu_order":0,"comment_status":"closed","ping_status":"closed","template":"","meta":{"footnotes":""},"class_list":["post-159","page","type-page","status-publish","hentry"],"_links":{"self":[{"href":"https:\/\/haciendadelossantos.com\/wp2\/es\/wp-json\/wp\/v2\/pages\/159","targetHints":{"allow":["GET"]}}],"collection":[{"href":"https:\/\/haciendadelossantos.com\/wp2\/es\/wp-json\/wp\/v2\/pages"}],"about":[{"href":"https:\/\/haciendadelossantos.com\/wp2\/es\/wp-json\/wp\/v2\/types\/page"}],"author":[{"embeddable":true,"href":"https:\/\/haciendadelossantos.com\/wp2\/es\/wp-json\/wp\/v2\/users\/1"}],"replies":[{"embeddable":true,"href":"https:\/\/haciendadelossantos.com\/wp2\/es\/wp-json\/wp\/v2\/comments?post=159"}],"version-history":[{"count":1,"href":"https:\/\/haciendadelossantos.com\/wp2\/es\/wp-json\/wp\/v2\/pages\/159\/revisions"}],"predecessor-version":[{"id":636,"href":"https:\/\/haciendadelossantos.com\/wp2\/es\/wp-json\/wp\/v2\/pages\/159\/revisions\/636"}],"up":[{"embeddable":true,"href":"https:\/\/haciendadelossantos.com\/wp2\/es\/wp-json\/wp\/v2\/pages\/43"}],"wp:attachment":[{"href":"https:\/\/haciendadelossantos.com\/wp2\/es\/wp-json\/wp\/v2\/media?parent=159"}],"curies":[{"name":"wp","href":"https:\/\/api.w.org\/{rel}","templated":true}]}}