{"id":156,"date":"2016-09-07T21:52:51","date_gmt":"2016-09-08T04:52:51","guid":{"rendered":"https:\/\/haciendadelossantos.com\/wp2\/?page_id=156"},"modified":"2016-09-18T15:17:53","modified_gmt":"2016-09-18T22:17:53","slug":"hacienda-weddings","status":"publish","type":"page","link":"https:\/\/haciendadelossantos.com\/wp2\/es\/weddings-meetings\/hacienda-weddings\/","title":{"rendered":"Bodas con Estilo"},"content":{"rendered":"<p><strong>\u00a1Felicidades!<\/strong><\/p>\n<p>Seguramente ya tiene escogida la fecha perfecta y est\u00e1 en busca del vestido perfecto\u2026 y del lugar perfecto para una gran recepci\u00f3n. Este ser\u00e1 uno de los momentos m\u00e1s rom\u00e1nticos y so\u00f1ados de su vida: es natural que usted quiera que se lleve a cabo en un entorno igualmente inolvidable. Bienvenida a Hacienda de los Santos<sup>\u00ae<\/sup>, donde podemos convertir su sue\u00f1o en realidad.<\/p>\n<p>En la Hacienda de los Santos<sup>\u00ae<\/sup> le brindamos un servicio atento y personalizado desde el primer momento cortes\u00eda de nuestra Directora de Bodas, Jamie Swickard de Alcantar. Jamie cuenta con m\u00e1s de 10 a\u00f1os de experiencia organizando bodas y eventos, y est\u00e1 a sus \u00f3rdenes para crear un paquete de bodas \u00fanico en su clase. Junto con su personal altamente calificado se encargar\u00e1 de todos los detalles para que usted pueda disfrutar de cada momento de su boda\u2014sin preocupaci\u00f3n alguna.<\/p>\n<p>Aqu\u00ed le incluimos la lista parcial de los servicios que ofrecemos. Tenemos una variedad de productos para as\u00ed poder satisfacer una variedad de presupuestos y preferencias personales.<\/p>\n<p>&nbsp;<\/p>\n<p><strong>Todos los paquetes incluyen:<\/strong><\/p>\n<ul>\n<li>Los servicios de la Coordinadora de Bodas<\/li>\n<li>Los servicios del Coordinador de Decoraci\u00f3n<\/li>\n<li>\u00c1rea de recepci\u00f3n<\/li>\n<li>Servicio y montaje<\/li>\n<\/ul>\n<p>&nbsp;<\/p>\n<p><strong>HABITACIONES:<\/strong><\/p>\n<ul>\n<li>Ofrecemos una tarifa especial para grupos de 10 o m\u00e1s habitaciones<\/li>\n<\/ul>\n<p>&nbsp;<\/p>\n<p><strong>COMIDA Y BEBIDA:<\/strong><\/p>\n<p>La Hacienda de Los Santos<sup>\u00ae<\/sup> puede servir desde un m\u00ednimo de dos invitados hasta un m\u00e1ximo de trescientos comensales.<\/p>\n<ul>\n<li>Botanas y c\u00f3cteles<\/li>\n<li>Buffet estilo mexicano<\/li>\n<li>BBQ en el Rancho Hacienda<\/li>\n<li>Cena internacional gourmet a cuatro tiempos<\/li>\n<li>Cena internacional gourmet a cinco tiempos<\/li>\n<li><em>Brunch<\/em> despu\u00e9s de la boda<\/li>\n<li>Selecci\u00f3n de Vinos y bebidas alcoh\u00f3licas<\/li>\n<\/ul>\n<p>&nbsp;<\/p>\n<p><strong>Cargos adicionales:<\/strong><\/p>\n<ul>\n<li>Mesa y sillas<\/li>\n<li>Manteles largos<\/li>\n<li>Men\u00fas impresos de Bebidas, y Tarjetas de Mesa<\/li>\n<li>Velas<\/li>\n<li>Arreglos Florales<\/li>\n<li>Fot\u00f3grafo y camar\u00f3grafo<\/li>\n<li>Maestro u oficiante de ceremonias<\/li>\n<li>Maquillaje y peinado<\/li>\n<li>Recuerdos y cestas de regalo para los invitados<\/li>\n<li>Carruaje de caballo<\/li>\n<li>Tren Rojo<\/li>\n<li>Burro que carga el vino durante alg\u00fan recorrido con los m\u00fasicos<\/li>\n<\/ul>\n<p>&nbsp;<\/p>\n<p><strong>Actividades al aire libre:<\/strong><\/p>\n<ul>\n<li>Paseos a caballo<\/li>\n<li>Excursiones en bote por el R\u00edo Mayo<\/li>\n<li>Caza de palomas<\/li>\n<li>Ciclismo de monta\u00f1a<\/li>\n<li>Tours de mansiones y jardines<\/li>\n<li>Tours en las minas de plata<\/li>\n<li>Excursionismo<\/li>\n<li>Comidas campestres<\/li>\n<li>Observaci\u00f3n de aves<\/li>\n<\/ul>\n<p><strong>Actividades en interiores:<\/strong><\/p>\n<ul>\n<li>Tour del museo local de \u00c1lamos<\/li>\n<li>Clases culinarias con el chef de la Hacienda<\/li>\n<li>Clases de escultura en barro<\/li>\n<li>Clases para crear flores de papel o pi\u00f1atas<\/li>\n<li>Clase de Tequila 101 en la cantina colonial de la Hacienda<\/li>\n<li>Tratamientos divinos en el Spa La Dulce Vida en la Hacienda<\/li>\n<li>Fiesta de spa para el s\u00e9quito nupcial<\/li>\n<\/ul>\n<p>&nbsp;<\/p>\n<p><strong>Entretenimiento:<\/strong><\/p>\n<ul>\n<li>Tr\u00edo Los Hacendados<\/li>\n<li>La Estudiantina<\/li>\n<li>Ballet Folkl\u00f3rico<\/li>\n<li>Mariachi<\/li>\n<li>Disco<\/li>\n<li>M\u00fasica en vivo<\/li>\n<\/ul>\n<p>&nbsp;<\/p>\n<p><strong>Transportaci\u00f3n:<\/strong><\/p>\n<p>Podemos hacer arreglos para la transportaci\u00f3n terrestre desde el Aeropuerto Internacional de Ciudad Obreg\u00f3n o desde el aeropuerto privado de \u00c1lamos.<\/p>","protected":false},"excerpt":{"rendered":"<p>\u00a1Felicidades!<br \/>\nSeguramente ya tiene escogida la fecha perfecta y est\u00e1 en busca del vestido perfecto\u2026 y del lugar perfecto para <\/p>\n","protected":false},"author":1,"featured_media":0,"parent":43,"menu_order":0,"comment_status":"closed","ping_status":"closed","template":"","meta":{"footnotes":""},"class_list":["post-156","page","type-page","status-publish","hentry"],"_links":{"self":[{"href":"https:\/\/haciendadelossantos.com\/wp2\/es\/wp-json\/wp\/v2\/pages\/156","targetHints":{"allow":["GET"]}}],"collection":[{"href":"https:\/\/haciendadelossantos.com\/wp2\/es\/wp-json\/wp\/v2\/pages"}],"about":[{"href":"https:\/\/haciendadelossantos.com\/wp2\/es\/wp-json\/wp\/v2\/types\/page"}],"author":[{"embeddable":true,"href":"https:\/\/haciendadelossantos.com\/wp2\/es\/wp-json\/wp\/v2\/users\/1"}],"replies":[{"embeddable":true,"href":"https:\/\/haciendadelossantos.com\/wp2\/es\/wp-json\/wp\/v2\/comments?post=156"}],"version-history":[{"count":0,"href":"https:\/\/haciendadelossantos.com\/wp2\/es\/wp-json\/wp\/v2\/pages\/156\/revisions"}],"up":[{"embeddable":true,"href":"https:\/\/haciendadelossantos.com\/wp2\/es\/wp-json\/wp\/v2\/pages\/43"}],"wp:attachment":[{"href":"https:\/\/haciendadelossantos.com\/wp2\/es\/wp-json\/wp\/v2\/media?parent=156"}],"curies":[{"name":"wp","href":"https:\/\/api.w.org\/{rel}","templated":true}]}}