{"id":153,"date":"2016-09-07T21:47:40","date_gmt":"2016-09-08T04:47:40","guid":{"rendered":"https:\/\/haciendadelossantos.com\/wp2\/?page_id=153"},"modified":"2019-02-14T12:33:43","modified_gmt":"2019-02-14T19:33:43","slug":"meetings-banquets","status":"publish","type":"page","link":"https:\/\/haciendadelossantos.com\/wp2\/es\/weddings-meetings\/meetings-banquets\/","title":{"rendered":"Juntas &#038; Banquetes"},"content":{"rendered":"<p><\/p>\n<div class=\"entry-text\">\n<div class=\"entry-text\">\n<p><strong>Espacios para eventos memorables<\/strong><\/p>\n<p>Distinguidas salas de juntas. Salones privados. Espacios al aire libre. Hacienda de los Santos<sup>\u00ae<\/sup> tiene todo tipo de espacios para eventos de negocios de hasta 90 personas en nuestro teatro, y el patio para vanquetes arriba de 450 personas. Los salones de juntas de nuestro resort son de dise\u00f1o original, con mucho car\u00e1cter y detalles, llenos de historia, pero a la vez ofrecen toda la tecnolog\u00eda moderna que se le pueda ofrecer.<\/p>\n<p>Los muebles antiguos, las enormes chimeneas de le\u00f1a y las ventanas panor\u00e1micas con vista a los hermosos jardines permiten que su grupo se sienta como si fueran hu\u00e9spedes en una hacienda aristocr\u00e1tica. Todos los servicios para eventos y conferencias del hotel est\u00e1n dise\u00f1ados para proveer una experiencia residencial para los que asisten a las juntas, en lugar de un ambiente meramente comercial. Los espacios al aire libre en los jardines, los patios y alrededor de las albercas tambi\u00e9n est\u00e1n disponibles para eventos memorables.<\/p>\n<p>Gracias a que nos especializamos en grupos m\u00e1s peque\u00f1os, somos capaces de preparar nuestra comida <em>\u00e0 la minute<\/em>, lo cual significa que la comida no est\u00e1 preparada de antemano y se queda en los hornos de calentamiento antes de servir. Como resultado, la comida est\u00e1 reci\u00e9n preparada y el resultado es delicioso, tanto en sabor como en presentaci\u00f3n.<\/p>\n<p>&nbsp;<\/p>\n<p><strong>Servicios para banquetes y reuniones:<\/strong><\/p>\n<ul>\n<li>Banquetes, reuniones, y servicios de catering<\/li>\n<li>Eventos de empresa<\/li>\n<li>Retiros religiosos<\/li>\n<li>Conferencias<\/li>\n<li>Servicios de negocios<\/li>\n<li>Servicios de producci\u00f3n audio\/visual<\/li>\n<li>Dise\u00f1os florales y servicios<\/li>\n<li>Regalos de empresa<\/li>\n<li>Servicios de entretenimiento musical<\/li>\n<li>La producci\u00f3n de fiesta tem\u00e1tica<\/li>\n<li>Salas de juntas regias, salones peque\u00f1os e \u00edntimos, y zonas al aire libre con hermosa vegetaci\u00f3n se pueden adornar de manera \u00fanica para proveer un ambiente c\u00f3modo y se\u00f1orial. Los salones de juntas cuentan con ventanas y \/ o puertas coloniales espa\u00f1olas y un dise\u00f1o residencial. Cada sala est\u00e1 decorada de manera diferente y la mayor\u00eda sobrev\u00e9n patios y\/o jardines.<\/li>\n<li>Ofrecemos los servicios de un Gerente de Servicios de Conferencias para cada grupo. Nuestro personal ofrece un servicio amable y con atenci\u00f3n a detalles.<\/li>\n<\/ul>\n<p>&nbsp;<\/p>\n<p><strong>Conectividad <\/strong><\/p>\n<p>Nos complace ofrecer Internet inal\u00e1mbrico de alta velocidad en casi todo nuestro hotel. Tambi\u00e9n se le proporcionar\u00e1 a las salas de reuniones una conexi\u00f3n de la misma velocidad en caso de necesidad.<\/p>\n<\/div>\n<\/div>\n<p><\/p>","protected":false},"excerpt":{"rendered":"<p>\nEspacios para eventos memorables<br \/>\nDistinguidas salas de juntas. Salones privados. Espacios al aire libre. Hacienda de los <\/p>\n","protected":false},"author":1,"featured_media":0,"parent":43,"menu_order":0,"comment_status":"closed","ping_status":"closed","template":"","meta":{"footnotes":""},"class_list":["post-153","page","type-page","status-publish","hentry"],"_links":{"self":[{"href":"https:\/\/haciendadelossantos.com\/wp2\/es\/wp-json\/wp\/v2\/pages\/153","targetHints":{"allow":["GET"]}}],"collection":[{"href":"https:\/\/haciendadelossantos.com\/wp2\/es\/wp-json\/wp\/v2\/pages"}],"about":[{"href":"https:\/\/haciendadelossantos.com\/wp2\/es\/wp-json\/wp\/v2\/types\/page"}],"author":[{"embeddable":true,"href":"https:\/\/haciendadelossantos.com\/wp2\/es\/wp-json\/wp\/v2\/users\/1"}],"replies":[{"embeddable":true,"href":"https:\/\/haciendadelossantos.com\/wp2\/es\/wp-json\/wp\/v2\/comments?post=153"}],"version-history":[{"count":1,"href":"https:\/\/haciendadelossantos.com\/wp2\/es\/wp-json\/wp\/v2\/pages\/153\/revisions"}],"predecessor-version":[{"id":804,"href":"https:\/\/haciendadelossantos.com\/wp2\/es\/wp-json\/wp\/v2\/pages\/153\/revisions\/804"}],"up":[{"embeddable":true,"href":"https:\/\/haciendadelossantos.com\/wp2\/es\/wp-json\/wp\/v2\/pages\/43"}],"wp:attachment":[{"href":"https:\/\/haciendadelossantos.com\/wp2\/es\/wp-json\/wp\/v2\/media?parent=153"}],"curies":[{"name":"wp","href":"https:\/\/api.w.org\/{rel}","templated":true}]}}