{"id":144,"date":"2016-09-07T21:39:45","date_gmt":"2016-09-08T04:39:45","guid":{"rendered":"https:\/\/haciendadelossantos.com\/wp2\/?page_id=144"},"modified":"2026-03-18T22:16:30","modified_gmt":"2026-03-19T05:16:30","slug":"christmas-day-experience-2019","status":"publish","type":"page","link":"https:\/\/haciendadelossantos.com\/wp2\/es\/36-2\/holidays-at-the-hacienda\/christmas-day-experience-2019\/","title":{"rendered":"Dia de Navidad 2025"},"content":{"rendered":"<p>Las pijamas y batas de la Hacienda es el c\u00f3digo de vestimenta para nuestro buffet durante la ma\u00f1ana de Navidad en\u00a0<a href=\"http:\/\/hdls.obregonlive.com\/dining\" target=\"_blank\" rel=\"noreferrer noopener\">El Agave Caf\u00e9<\/a>\u00a0. \u00a1No es broma! La Hacienda es su hogar durante los d\u00edas festivos y celebramos el desayuno c\u00f3modamente. Esta costumbre es opcional, pero de verdad es muy divertido para aquellos que participan.<\/p>\n<p>La mayor\u00eda de nosotros desayunamos alrededor de las 9:00 a.m., pero el buffet est\u00e1 abierto desde las 7:30 a.m. y hasta 11:30 a.m. Siembre puede sentarse en una mesa grande y acompa\u00f1ar a otros hu\u00e9spedes quienes buscan tener una conversaci\u00f3n divertida. Hablar sobre sus viajes y comparar notas siempre es un buen tema en la Hacienda. Claro, que tambi\u00e9n est\u00e1 bien dormir y disfrutar de su cama con una fogata en su chimenea.<\/p>\n<p>Normalmente nos parece que esta es una noche tranquila pero alegre que le pone fin a nuestro festejo navide\u00f1o para la mayor\u00eda de nosotros. La vestimenta es Casualmente Elegante.<\/p>\n<p style=\"text-align: center;\"><b>Men\u00fa de la cena del d\u00eda de Navidad<\/b><\/p>\n<p style=\"text-align: center;\">Copa de Champagne<\/p>\n<p style=\"text-align: center;\">Tamal de Puerco<\/p>\n<p style=\"text-align: center;\">Pan de la Hacienda Reci\u00e9n Horneado<\/p>\n<p style=\"text-align: center;\">Ensalada Verde con Pera, Moras Azules,<br \/>\nNueces Dulces, Queso Azul &amp; Aderezo Agridulce<br \/>\n\u00f3<br \/>\nSopa de Chile Poblano<\/p>\n<p style=\"text-align: center;\">Prime Rib con Costra de Pimienta Entera<br \/>\n&amp; Salsa de R\u00e1bano Blanco<br \/>\n\u00f3<br \/>\nSalm\u00f3n Salteado con Miel de Maple,<br \/>\nSoya &amp; Semillas de Ajonjol\u00ed<\/p>\n<p style=\"text-align: center;\">Vegetales Mixtos en Julianas<br \/>\nSalteados en Aceite de Oliva<\/p>\n<p style=\"text-align: center;\">Pure de Papa Tradicional<\/p>\n<p style=\"text-align: center;\">Pay de Manzana Con Nieve de Vainilla<br \/>\n&amp; Salsa de Caramelo<br \/>\n\u00f3<br \/>\nCreme Brulee con Mora Azul &amp; Frambuesas<\/p>\n<p style=\"text-align: center;\">Caf\u00e9 \u00f3 Te<\/p>\n<p><strong>Precio:<\/strong><br \/>\nAdultos $ 850.00 pesos con copa de champagne<br \/>\nAdultos $ 750.00 pesos sin copa de champagne<br \/>\nNi\u00f1os (Menores De 12 A\u00f1os) $ 500.00 pesos<\/p>","protected":false},"excerpt":{"rendered":"<p>Las pijamas y batas de la Hacienda es el c\u00f3digo de vestimenta para nuestro buffet durante la ma\u00f1ana de Navidad <\/p>\n","protected":false},"author":1,"featured_media":0,"parent":129,"menu_order":0,"comment_status":"closed","ping_status":"closed","template":"","meta":{"footnotes":""},"class_list":["post-144","page","type-page","status-publish","hentry"],"_links":{"self":[{"href":"https:\/\/haciendadelossantos.com\/wp2\/es\/wp-json\/wp\/v2\/pages\/144","targetHints":{"allow":["GET"]}}],"collection":[{"href":"https:\/\/haciendadelossantos.com\/wp2\/es\/wp-json\/wp\/v2\/pages"}],"about":[{"href":"https:\/\/haciendadelossantos.com\/wp2\/es\/wp-json\/wp\/v2\/types\/page"}],"author":[{"embeddable":true,"href":"https:\/\/haciendadelossantos.com\/wp2\/es\/wp-json\/wp\/v2\/users\/1"}],"replies":[{"embeddable":true,"href":"https:\/\/haciendadelossantos.com\/wp2\/es\/wp-json\/wp\/v2\/comments?post=144"}],"version-history":[{"count":23,"href":"https:\/\/haciendadelossantos.com\/wp2\/es\/wp-json\/wp\/v2\/pages\/144\/revisions"}],"predecessor-version":[{"id":1170,"href":"https:\/\/haciendadelossantos.com\/wp2\/es\/wp-json\/wp\/v2\/pages\/144\/revisions\/1170"}],"up":[{"embeddable":true,"href":"https:\/\/haciendadelossantos.com\/wp2\/es\/wp-json\/wp\/v2\/pages\/129"}],"wp:attachment":[{"href":"https:\/\/haciendadelossantos.com\/wp2\/es\/wp-json\/wp\/v2\/media?parent=144"}],"curies":[{"name":"wp","href":"https:\/\/api.w.org\/{rel}","templated":true}]}}