{"id":136,"date":"2016-09-07T21:25:07","date_gmt":"2016-09-08T04:25:07","guid":{"rendered":"https:\/\/haciendadelossantos.com\/wp2\/?page_id=136"},"modified":"2026-03-18T22:20:08","modified_gmt":"2026-03-19T05:20:08","slug":"new-years-eve-gala-2020","status":"publish","type":"page","link":"https:\/\/haciendadelossantos.com\/wp2\/es\/36-2\/holidays-at-the-hacienda\/new-years-eve-gala-2020\/","title":{"rendered":"Gala de Fin de A\u00f1o 2025"},"content":{"rendered":"<p>Le invitamos a celebrar con nosotros todo lo bueno que est\u00e1 por venir: seg\u00fan nuestros hu\u00e9spedes, la Hacienda es el lugar por excelencia para disfrutar de la mejor despedida de A\u00f1o.<\/p>\n<p>La vestimenta queda a su discreci\u00f3n: algunos caballeros prefieren la formalidad de un esmoquin, otros optan por atuendos estilo coctel. a las damas les encanta engalanarse, pero cualquiera que sea su preferencia, v\u00edstase para disfrutar y para sentirse bien.<\/p>\n<p>Nuestra celebraci\u00f3n comienza a las 7:00 pm con una hermosa y deliciosa cena de cuatro tiempos creaci\u00f3n del Chef Rene Duarte y su personal. Nuestra meta es pura perfecci\u00f3n&#8230;<\/p>\n<p style=\"text-align: center;\"><b>Cena Baile de Gala de Fin de A\u00f1o<\/b><\/p>\n<p style=\"text-align: center;\">Chile Relleno de Queso, Tocino y Pan Japones<\/p>\n<p style=\"text-align: center;\">Pan de la Hacienda Reci\u00e9n Horneado<\/p>\n<p style=\"text-align: center;\">Ensalada Cesar Estilo Sonora<br \/>\n\u00f3<br \/>\nCrema de Elote con Chile Poblano Rescoldado.<\/p>\n<p style=\"text-align: center;\">Filete Mignon a la Parrilla con Espinacas al Ajillo,<br \/>\nTomate Cerezas &amp; Reducci\u00f3n de Vinagre Bals\u00e1mico,<br \/>\nAcompa\u00f1ado de Pure de Papa Tradicional.<br \/>\n\u00f3<br \/>\nSalm\u00f3n a la Plancha<br \/>\ncon Salsa de Soya &amp; Miel de Maple,<br \/>\nAcompa\u00f1ado de Arroz Rissoto con Queso Parmesano<\/p>\n<p style=\"text-align: center;\">Macitos de Ejotes, Zanahoria &amp; Chile Morr\u00f3n<br \/>\nEnvueltos en Hojas de Ceboll\u00edn.<\/p>\n<p style=\"text-align: center;\">Mousse de Tres Chocolates<br \/>\n\u00f3<br \/>\nSouffle de Naranja con Nueces<\/p>\n<p style=\"text-align: center;\">Copa de Champagne para Brindar<br \/>\na la Media Noche<\/p>\n<p><strong>Precio por persona:<\/strong><br \/>\n$1,500.00 pesos por persona.<br \/>\n$800.00 pesos ni\u00f1os menores de 12 a\u00f1os<br \/>\n16% de impuestos incluido<\/p>\n<p>&nbsp;<\/p>","protected":false},"excerpt":{"rendered":"<p>Le invitamos a celebrar con nosotros todo lo bueno que est\u00e1 por venir: seg\u00fan nuestros hu\u00e9spedes, la Hacienda es el <\/p>\n","protected":false},"author":1,"featured_media":0,"parent":129,"menu_order":0,"comment_status":"closed","ping_status":"closed","template":"","meta":{"footnotes":""},"class_list":["post-136","page","type-page","status-publish","hentry"],"_links":{"self":[{"href":"https:\/\/haciendadelossantos.com\/wp2\/es\/wp-json\/wp\/v2\/pages\/136","targetHints":{"allow":["GET"]}}],"collection":[{"href":"https:\/\/haciendadelossantos.com\/wp2\/es\/wp-json\/wp\/v2\/pages"}],"about":[{"href":"https:\/\/haciendadelossantos.com\/wp2\/es\/wp-json\/wp\/v2\/types\/page"}],"author":[{"embeddable":true,"href":"https:\/\/haciendadelossantos.com\/wp2\/es\/wp-json\/wp\/v2\/users\/1"}],"replies":[{"embeddable":true,"href":"https:\/\/haciendadelossantos.com\/wp2\/es\/wp-json\/wp\/v2\/comments?post=136"}],"version-history":[{"count":34,"href":"https:\/\/haciendadelossantos.com\/wp2\/es\/wp-json\/wp\/v2\/pages\/136\/revisions"}],"predecessor-version":[{"id":1171,"href":"https:\/\/haciendadelossantos.com\/wp2\/es\/wp-json\/wp\/v2\/pages\/136\/revisions\/1171"}],"up":[{"embeddable":true,"href":"https:\/\/haciendadelossantos.com\/wp2\/es\/wp-json\/wp\/v2\/pages\/129"}],"wp:attachment":[{"href":"https:\/\/haciendadelossantos.com\/wp2\/es\/wp-json\/wp\/v2\/media?parent=136"}],"curies":[{"name":"wp","href":"https:\/\/api.w.org\/{rel}","templated":true}]}}