{"id":133,"date":"2016-09-07T21:22:39","date_gmt":"2016-09-08T04:22:39","guid":{"rendered":"https:\/\/haciendadelossantos.com\/wp2\/?page_id=133"},"modified":"2025-11-23T15:05:05","modified_gmt":"2025-11-23T22:05:05","slug":"thanksgiving-experience-2020","status":"publish","type":"page","link":"https:\/\/haciendadelossantos.com\/wp2\/es\/36-2\/holidays-at-the-hacienda\/thanksgiving-experience-2020\/","title":{"rendered":"Acci\u00f3n de Gracias 2025"},"content":{"rendered":"<p>El D\u00eda de Acci\u00f3n de Gracias es una fiesta muy tradicional en los Estados Unidos y en la Hacienda lo celebramos como tal, con pavo y pastel de calabaza preparado al estilo americano. El d\u00eda rinde tributo a la cosecha que los peregrinos obtuvieron en el a\u00f1o 1623 en la colonia de Plymouth en Massachusetts, cuando declar\u00f3 su gobernador que todos deber\u00edan darle gracias a Dios por las bendiciones obtenidas. Servimos la comida en mesa privada o en una divertida mesa comunal, donde todos se sientan a contar remembranzas de celebraciones anteriores y a crear nuevos recuerdos. Vis\u00edtenos en esta fecha para compartir y dar gracias de todas las bondades que existen en nuestras vidas.<\/p>\n<p>Le invitamos a nuestro c\u00edrculo de gratitud en el patio del Agave Caf\u00e9 a las 18:30 horas antes de pasar a la Cantina de Zapata para un coctel. Serviremos la cena de las 19:00 horas a las 22:00 horas, acompa\u00f1ada de la m\u00fasica del tr\u00edo Los Hacendados. Los que deseen pueden sentarse en la mesa comunal, en donde podr\u00e1n compartir con nuevas amistades (la cena se servir\u00e1 en esa mesa a las 19:30 horas). O si prefiere, tendremos mesas privadas en los portales o adentro al lado de la chimenea. En cualquier espacio se sentir\u00e1 muy a gusto. Durante las fiestas siempre le damos la bienvenida a los ni\u00f1os, \u00a1as\u00ed que venga a disfrutar en familia!<\/p>\n<p class=\"titles\" style=\"text-align: center;\"><strong>Men\u00fa<\/strong><\/p>\n<ul>\n<li>Brocheta De Camarones A La Parrilla Marinadas Con Tequila<\/li>\n<li>Bolillos Reci\u00e9n Horneados Acompa\u00f1ado\u00a0de Mantequilla Con Especias<\/li>\n<li>Ensalada de Lechuga Romana con Peras, Nueces Azucaradas, Queso Azul, y Vinagreta Bals\u00e1mica de la Hacienda<\/li>\n<li>Sorbete de Mel\u00f3n Fresco<\/li>\n<li>Pavo Rostizado con Glaseado de C\u00edtricos y Salsa Tradicional<\/li>\n<li>Pur\u00e9 de Papas\u00a0tradicional<\/li>\n<li>Relleno de Pavo Hecho de Pan de Elote con Jalape\u00f1os, Salchichas, Cebollas Salteadas, Nueces y Manzanas<\/li>\n<li>Compota de Ar\u00e1ndanos<\/li>\n<li>Camotes con Az\u00facar Morena y Tequila en Tacitas de Naranja<\/li>\n<li>Ejotes a la Francesa con Pimiento Rojo y Almendras<\/li>\n<li>Caf\u00e9 o T\u00e9<\/li>\n<li>Pay de Calabaza o Nuez Reci\u00e9n Horneados<\/li>\n<\/ul>\n<p><em><strong>Precio<\/strong><\/em><\/p>\n<p>$750 pesos mas IVA por persona<br \/>\nNi\u00f1os menores de 12 a\u00f1os pagan $500 pesos mas IVA<br \/>\nBebidas\u00a0a la carta.<\/p>\n<p><strong>Paquete de Acci\u00f3n de Gracias Estilo Hacienda (3 noches, 4 d\u00edas):<\/strong><\/p>\n<p><strong><em>\u00a1Acomp\u00e1\u00f1enos el fin de semana completo! Llegue el jueves para la cena de Acci\u00f3n de Gracias y qu\u00e9dese hasta el domingo en la tarde en nuestra hermosa Hacienda. Aqu\u00ed un vistazo a las actividades que ofreceremos pos-D\u00eda de Acci\u00f3n de Gracias.<\/em><\/strong><\/p>\n<p><b><span style=\"font-family: Arial;\">Costo del paquete de\u00a0acciones de gracias<\/span><\/b><\/p>\n<ul>\n<li>Hacienda Suite&#8230;&#8230;&#8230;&#8230;..$759.00 USD<\/li>\n<li>Estate Suite&#8230;&#8230;&#8230;&#8230;&#8230;.$859.00 USD<\/li>\n<li>Master Suite &#8230;&#8230;&#8230;&#8230;&#8230;$999.00 USD<\/li>\n<li>Governor Suite&#8230;&#8230;&#8230;&#8230;..$1,099.00 USD<\/li>\n<li>Presidential Suite &#8230;&#8230;&#8230;$1,499.00 USD<\/li>\n<li>Mansion Villa Suite &#8230;&#8230;..$1,999.00 USD<\/li>\n<\/ul>\n<p><b><span style=\"font-family: Arial;\">Precios en\u00a0poleas, no incluyen impuestos, la tarifa es para dos personas e\u00a0incluye desayuno completo para dos personas.\u00a0<\/span><\/b><\/p>\n<p><b><span style=\"font-family: Arial;\">Noche extra tiene un costo de $150.00\u00a0d\u00f3lares + iva<\/span><\/b><\/p>\n<p>Disfrute del viernes en la ma\u00f1ana tranquilamente. Recomendamos leer en la cama, visitar la galer\u00eda por alguna compita o tomarse un cafecito en Santiago\u2019s. Tambi\u00e9n recomendamos sentarse en los portales a hojear una revista. En la tarde del viernes estaremos sirviendo emparedados de pavo con salsa en bolillos tostados.<\/p>\n<p>Disfrute de todo lo que ofrecen estos d\u00edas festivos y ni se preocupe por su dieta.\u00a0Escale\u00a0400 escalones del Mirador (no se preocupe, que hay bastantes lugares para tomar un descanso y tomar una foto). Luego del paseo nos aguarda un delicioso desayuno estilo buffet acompa\u00f1ado del mejor caf\u00e9 chiapaneco (para el desayuno le toca una \u201ctaza interminable\u201d).<\/p>\n<p>Si le hace falta que le mimen un poco, recomendamos una visita a nuestro Spa La Serenidad, abierto todos los d\u00edas con tratamientos s\u00faper fabulosos \u00a1e igual de asequibles!<\/p>\n<p>El s\u00e1bado en la ma\u00f1ana le invitamos a encontrarse con nosotros frente al Museo para un tour de tres de las mansiones m\u00e1s hermosas de \u00c1lamos. Pedimos un donativo de USD $15.00 para ayudar a becar a estudiantes meritorios de \u00c1lamos. Favor de llegar a las 9:45 a.m.<\/p>","protected":false},"excerpt":{"rendered":"<p>El D\u00eda de Acci\u00f3n de Gracias es una fiesta muy tradicional en los Estados Unidos y en la Hacienda lo <\/p>\n","protected":false},"author":1,"featured_media":0,"parent":129,"menu_order":0,"comment_status":"closed","ping_status":"closed","template":"","meta":{"footnotes":""},"class_list":["post-133","page","type-page","status-publish","hentry"],"_links":{"self":[{"href":"https:\/\/haciendadelossantos.com\/wp2\/es\/wp-json\/wp\/v2\/pages\/133","targetHints":{"allow":["GET"]}}],"collection":[{"href":"https:\/\/haciendadelossantos.com\/wp2\/es\/wp-json\/wp\/v2\/pages"}],"about":[{"href":"https:\/\/haciendadelossantos.com\/wp2\/es\/wp-json\/wp\/v2\/types\/page"}],"author":[{"embeddable":true,"href":"https:\/\/haciendadelossantos.com\/wp2\/es\/wp-json\/wp\/v2\/users\/1"}],"replies":[{"embeddable":true,"href":"https:\/\/haciendadelossantos.com\/wp2\/es\/wp-json\/wp\/v2\/comments?post=133"}],"version-history":[{"count":21,"href":"https:\/\/haciendadelossantos.com\/wp2\/es\/wp-json\/wp\/v2\/pages\/133\/revisions"}],"predecessor-version":[{"id":1163,"href":"https:\/\/haciendadelossantos.com\/wp2\/es\/wp-json\/wp\/v2\/pages\/133\/revisions\/1163"}],"up":[{"embeddable":true,"href":"https:\/\/haciendadelossantos.com\/wp2\/es\/wp-json\/wp\/v2\/pages\/129"}],"wp:attachment":[{"href":"https:\/\/haciendadelossantos.com\/wp2\/es\/wp-json\/wp\/v2\/media?parent=133"}],"curies":[{"name":"wp","href":"https:\/\/api.w.org\/{rel}","templated":true}]}}