{"id":129,"date":"2016-09-07T21:19:13","date_gmt":"2016-09-08T04:19:13","guid":{"rendered":"https:\/\/haciendadelossantos.com\/wp2\/?page_id=129"},"modified":"2016-09-18T14:42:19","modified_gmt":"2016-09-18T21:42:19","slug":"holidays-at-the-hacienda","status":"publish","type":"page","link":"https:\/\/haciendadelossantos.com\/wp2\/es\/36-2\/holidays-at-the-hacienda\/","title":{"rendered":"Fiestas en la Hacienda"},"content":{"rendered":"<p>La celebraci\u00f3n de los d\u00edas festivos es algo muy especial que nos encanta compartir con nuestros hu\u00e9spedes. Escoja su fiesta preferida y \u00a1aqu\u00ed le esperamos!<\/p>","protected":false},"excerpt":{"rendered":"<p>La celebraci\u00f3n de los d\u00edas festivos es algo muy especial que nos encanta compartir con nuestros hu\u00e9spedes. Escoja su fiesta <\/p>\n","protected":false},"author":1,"featured_media":0,"parent":36,"menu_order":0,"comment_status":"closed","ping_status":"closed","template":"","meta":{"footnotes":""},"class_list":["post-129","page","type-page","status-publish","hentry"],"_links":{"self":[{"href":"https:\/\/haciendadelossantos.com\/wp2\/es\/wp-json\/wp\/v2\/pages\/129","targetHints":{"allow":["GET"]}}],"collection":[{"href":"https:\/\/haciendadelossantos.com\/wp2\/es\/wp-json\/wp\/v2\/pages"}],"about":[{"href":"https:\/\/haciendadelossantos.com\/wp2\/es\/wp-json\/wp\/v2\/types\/page"}],"author":[{"embeddable":true,"href":"https:\/\/haciendadelossantos.com\/wp2\/es\/wp-json\/wp\/v2\/users\/1"}],"replies":[{"embeddable":true,"href":"https:\/\/haciendadelossantos.com\/wp2\/es\/wp-json\/wp\/v2\/comments?post=129"}],"version-history":[{"count":0,"href":"https:\/\/haciendadelossantos.com\/wp2\/es\/wp-json\/wp\/v2\/pages\/129\/revisions"}],"up":[{"embeddable":true,"href":"https:\/\/haciendadelossantos.com\/wp2\/es\/wp-json\/wp\/v2\/pages\/36"}],"wp:attachment":[{"href":"https:\/\/haciendadelossantos.com\/wp2\/es\/wp-json\/wp\/v2\/media?parent=129"}],"curies":[{"name":"wp","href":"https:\/\/api.w.org\/{rel}","templated":true}]}}