{"id":126,"date":"2016-09-07T21:16:36","date_gmt":"2016-09-08T04:16:36","guid":{"rendered":"https:\/\/haciendadelossantos.com\/wp2\/?page_id=126"},"modified":"2024-10-11T11:06:28","modified_gmt":"2024-10-11T18:06:28","slug":"packages","status":"publish","type":"page","link":"https:\/\/haciendadelossantos.com\/wp2\/es\/36-2\/packages\/","title":{"rendered":"Paquetes"},"content":{"rendered":"<p><\/p>\n<div class=\"entry-text\">\n<p><strong>RETIRO ROM\u00c1NTICO <\/strong><\/p>\n<p><em>Celebre su historia de amor con estilo en un ambiente elegante. No cabe duda de que su estad\u00eda en la Hacienda les ayudar\u00e1 a crear nuevos recuerdos\u2026 y a recordar viejos momentos\u2026<\/em><\/p>\n<ul id=\"bullets\">\n<li>\u00a0Tres noches en una hermosa Habitaci\u00f3n.<\/li>\n<li>\u00a0Flores frescas en la habitaci\u00f3n.<\/li>\n<li>\u00a0Una cena rom\u00e1ntica para dos personas con una botella de vino de la casa.<\/li>\n<li>\u00a0Dos tratamientos por persona, cada uno de 50 minutos, en La\u00a0Paz del Alma\u00a0Spa.<\/li>\n<li>\u00a0Desayuno continental incluido.<\/li>\n<\/ul>\n<p><strong>Tarifas:<\/strong><\/p>\n<ul id=\"bullets\">\n<li>Habitaci\u00f3n Hacienda: $20,560.00 pesos<\/li>\n<li>Habitaci\u00f3n Estate Suite: $22,305.00 pesos<\/li>\n<li>Habitaci\u00f3n Master Suite: $24,925.00 pesos<\/li>\n<li><em>Precios en pesos, por pareja e incluyen impuestos.<\/em><\/li>\n<\/ul>\n<div>\n<hr noshade=\"noshade\" size=\"1\" \/>\n<\/div>\n<p><strong>EXPERIENCIA SPA<\/strong><\/p>\n<p><em>El mundanal ruido quedar\u00e1 atr\u00e1s tan pronto pongo un pie en nuestro La Paz del Alma Spa\u2026 Deje que nuestro personal experto le ayude a borrar el estr\u00e9s. Este paquete es ideal para parejas o para un par de amigas en pos de una relajaci\u00f3n de cuerpo y alma.<\/em><\/p>\n<ul id=\"bullets\">\n<li>\u00a0Dos noches en una hermosa Habitaci\u00f3n.<\/li>\n<li>\u00a0Flores frescas en la habitaci\u00f3n.<\/li>\n<li>\u00a0Dos tratamientos por persona, cada uno de 50 minutos, en La\u00a0Paz del Alma Spa.<\/li>\n<li>\u00a0Desayuno continental incluido.<\/li>\n<\/ul>\n<p><strong>Tarifas:<\/strong><\/p>\n<ul id=\"bullets\">\n<li>\u00a0Habitaci\u00f3n Hacienda: $12,965.00<\/li>\n<li>\u00a0Habitaci\u00f3n Estate Suite: $15,150.00<\/li>\n<li>\u00a0Habitaci\u00f3n Master Suite: $17,335.00<\/li>\n<li><em>\u00a0Precios en pesos, Por pareja e incluyen impuestos<\/em><\/li>\n<li>Hacienda de los Santos no tiene una tarifa de resort.<\/li>\n<\/ul>\n<div>\n<hr noshade=\"noshade\" size=\"1\" \/>\n<\/div>\n<p><strong>LAS CHICAS SOLO QUIEREN DIVERTIRSE<\/strong><\/p>\n<p><em>Para las madres, hijas y amigas que s\u00f3lo quieran divertirse\u2026 consi\u00e9ntase en el refugio de lujo perfecto como es la Hacienda de los Santos<sup>\u00ae<\/sup> Resort and Spa!<\/em><br \/>\n<em>Con el paquete \u201cLas chicas solo quieren divertirse\u201d es la excusa perfecta para salir con las chicas y disfrutar.<\/em><\/p>\n<p><em>Esta experiencia incluye:<\/em><\/p>\n<ul id=\"bullets\">\n<li>Dos noches de alojamiento en habitaci\u00f3n de lujo con dos camas queen size.<\/li>\n<li>Cena para 2 personas cada noche.<\/li>\n<li>Pel\u00edcula y palomitas de ma\u00edz en el Teatro de Hacienda.<\/li>\n<li>Tres tratamientos de spa de 50 minutos en\u00a0La Paz del Alma Spa\u00a0para cada persona, incluyendo una selecci\u00f3n de masajes, tratamientos faciales y tratamientos corporales.<\/li>\n<\/ul>\n<p><strong>Tarifas: <\/strong><\/p>\n<ul id=\"bullets\">\n<li>Habitaci\u00f3n Hacienda: $ 18,385.00<\/li>\n<li>Habitaci\u00f3n Estate Suite Doble:\u00a0$ 19,475.00<\/li>\n<li>Habitaci\u00f3n Master Suiete Doble: $20,570.00<\/li>\n<li>Precios en Pesos, por pareja e incluyen impuestos<\/li>\n<li>Tarifas basadas en ocupaci\u00f3n doble<\/li>\n<li>Hacienda de los Santos no tiene una tarifa de resort.<\/li>\n<\/ul>\n<div>\n<hr noshade=\"noshade\" size=\"1\" \/>\n<\/div>\n<p><strong>PAQUETE CORPORATIVO<\/strong><\/p>\n<p><em>La Hacienda de los Santos<sup>\u00ae<\/sup> Resort &amp; Spa fue galardonado con el premio Cuatro Diamantes otorgado por la AAA. Perm\u00edtanos asistirle en organizar un retiro para sus ejecutivos en un ambiente \u00fanico y elegante, donde le proporcionaremos todo lo necesario para que su evento sea completamente exitoso. <\/em><\/p>\n<ul id=\"bullets\">\n<li>\u00a010% de descuento en tarifas publicadas para 10 o m\u00e1s habitaciones, con un m\u00ednimo de estad\u00eda de dos noches.<\/li>\n<li>\u00a0Margarita o coctel de bienvenida.<\/li>\n<li>\u00a0Flores frescas en las habitaciones a su llegada.<\/li>\n<li>\u00a010% de descuento en todos los servicios en el La Paz del Alma Spa, incluyendo los masajes.<\/li>\n<li>\u00a0Conexi\u00f3n de Internet inal\u00e1mbrico en el sal\u00f3n de conferencias.<\/li>\n<li>\u00a0Todas las habitaciones y las suites tienen aire acondicionado y calefacci\u00f3n (hay chimeneas de le\u00f1a en todas las habitaciones y las suites).<\/li>\n<li>\u00a0Transportaci\u00f3n de cortes\u00eda ida y vuelta al Aeropuerto de \u00c1lamos.<\/li>\n<li>\u00a0Uso libre del centro de negocios (computadora e impresora).<\/li>\n<li><em>\u00a0No se har\u00e1n reembolsos de los servicios que no se utilicen en este paquete y no podr\u00e1n ser utilizados como cr\u00e9dito.<\/em><\/li>\n<\/ul>\n<p>Podemos organizar excursiones a lugares de inter\u00e9s y planificar actividades como clases de cocina, degustaciones de tequila, clases para hacer pi\u00f1atas, un paseo por el r\u00edo, senderismo, ciclismo de monta\u00f1a, paseos a caballo.<\/p>\n<p><em>Le invitamos a que se <\/em><em>comunique con nuestra oficina<\/em><em> para tarifas y hacer reservaciones.<\/em><\/p>\n<\/div>\n<p><\/p>","protected":false},"excerpt":{"rendered":"<p>RETIRO ROM\u00c1NTICO <br \/>\nCelebre su historia de amor con estilo en un ambiente elegante. No cabe duda de <\/p>\n","protected":false},"author":1,"featured_media":0,"parent":36,"menu_order":3,"comment_status":"closed","ping_status":"closed","template":"","meta":{"footnotes":""},"class_list":["post-126","page","type-page","status-publish","hentry"],"_links":{"self":[{"href":"https:\/\/haciendadelossantos.com\/wp2\/es\/wp-json\/wp\/v2\/pages\/126","targetHints":{"allow":["GET"]}}],"collection":[{"href":"https:\/\/haciendadelossantos.com\/wp2\/es\/wp-json\/wp\/v2\/pages"}],"about":[{"href":"https:\/\/haciendadelossantos.com\/wp2\/es\/wp-json\/wp\/v2\/types\/page"}],"author":[{"embeddable":true,"href":"https:\/\/haciendadelossantos.com\/wp2\/es\/wp-json\/wp\/v2\/users\/1"}],"replies":[{"embeddable":true,"href":"https:\/\/haciendadelossantos.com\/wp2\/es\/wp-json\/wp\/v2\/comments?post=126"}],"version-history":[{"count":12,"href":"https:\/\/haciendadelossantos.com\/wp2\/es\/wp-json\/wp\/v2\/pages\/126\/revisions"}],"predecessor-version":[{"id":1134,"href":"https:\/\/haciendadelossantos.com\/wp2\/es\/wp-json\/wp\/v2\/pages\/126\/revisions\/1134"}],"up":[{"embeddable":true,"href":"https:\/\/haciendadelossantos.com\/wp2\/es\/wp-json\/wp\/v2\/pages\/36"}],"wp:attachment":[{"href":"https:\/\/haciendadelossantos.com\/wp2\/es\/wp-json\/wp\/v2\/media?parent=126"}],"curies":[{"name":"wp","href":"https:\/\/api.w.org\/{rel}","templated":true}]}}