{"id":107,"date":"2016-09-04T21:56:09","date_gmt":"2016-09-05T04:56:09","guid":{"rendered":"https:\/\/haciendadelossantos.com\/wp2\/?page_id=107"},"modified":"2026-03-18T22:39:08","modified_gmt":"2026-03-19T05:39:08","slug":"spa","status":"publish","type":"page","link":"https:\/\/haciendadelossantos.com\/wp2\/es\/spa\/","title":{"rendered":"Spa"},"content":{"rendered":"<p><\/p>\n<div class=\"entry-text\">\n<p>\u00a1Nuestra combinaci\u00f3n de diversi\u00f3n y relax no tiene igual! Tome sol en un camastro en cualquiera de nuestras albercas, camine en las colinas o pase una tarde haciendo compras en el peque\u00f1o pueblo de \u00c1lamos.<\/p>\n<p>Cuando quiera consentirse, visite nuestro La Paz del Alma Spa, en donde proveemos a nuestros hu\u00e9spedes con una experiencia dise\u00f1ada a su medida. Nuestros terapeutas profesionales le pueden ofrecer tratamientos completos desde terapias homeop\u00e1ticas hasta masajes profundos y un men\u00fa completo de paquetes de SPA.<\/p>\n<p>Los cuartos de nuestro SPA son tranquilos, c\u00e1lidos e \u00edntimos, decorados al estilo colonial como la hacienda.<\/p>\n<\/div>\n<p style=\"text-align: center;\"><a href=\"https:\/\/haciendadelossantos.com\/wp2\/wp-content\/uploads\/pdf\/menu-de-la-paz-del-alma-hdls.pdf\" target=\"_blank\" rel=\"noopener\"><br \/>\nDescarga el Menu del SPA dando click aqui.<br \/>\n<\/a><\/p>\n<p style=\"text-align: center;\"><img decoding=\"async\" class=\"aligncenter\" src=\"https:\/\/api.qrserver.com\/v1\/create-qr-code\/?size=200x200&amp;data=https:\/\/haciendadelossantos.com\/wp2\/wp-content\/uploads\/pdf\/menu-de-la-paz-del-alma-hdls.pdf\" alt=\"C\u00f3digo QR Men\u00fa SPA\" \/><br \/>\nEscanea el codigo QR para descargarlo.<\/p>\n<p><\/p>","protected":false},"excerpt":{"rendered":"<p>\u00a1Nuestra combinaci\u00f3n de diversi\u00f3n y relax no tiene igual! Tome sol en un camastro en cualquiera de nuestras <\/p>\n","protected":false},"author":1,"featured_media":0,"parent":0,"menu_order":0,"comment_status":"closed","ping_status":"closed","template":"","meta":{"footnotes":""},"class_list":["post-107","page","type-page","status-publish","hentry"],"_links":{"self":[{"href":"https:\/\/haciendadelossantos.com\/wp2\/es\/wp-json\/wp\/v2\/pages\/107","targetHints":{"allow":["GET"]}}],"collection":[{"href":"https:\/\/haciendadelossantos.com\/wp2\/es\/wp-json\/wp\/v2\/pages"}],"about":[{"href":"https:\/\/haciendadelossantos.com\/wp2\/es\/wp-json\/wp\/v2\/types\/page"}],"author":[{"embeddable":true,"href":"https:\/\/haciendadelossantos.com\/wp2\/es\/wp-json\/wp\/v2\/users\/1"}],"replies":[{"embeddable":true,"href":"https:\/\/haciendadelossantos.com\/wp2\/es\/wp-json\/wp\/v2\/comments?post=107"}],"version-history":[{"count":8,"href":"https:\/\/haciendadelossantos.com\/wp2\/es\/wp-json\/wp\/v2\/pages\/107\/revisions"}],"predecessor-version":[{"id":1173,"href":"https:\/\/haciendadelossantos.com\/wp2\/es\/wp-json\/wp\/v2\/pages\/107\/revisions\/1173"}],"wp:attachment":[{"href":"https:\/\/haciendadelossantos.com\/wp2\/es\/wp-json\/wp\/v2\/media?parent=107"}],"curies":[{"name":"wp","href":"https:\/\/api.w.org\/{rel}","templated":true}]}}