{"id":1041,"date":"2023-02-13T20:09:10","date_gmt":"2023-02-14T03:09:10","guid":{"rendered":"https:\/\/haciendadelossantos.com\/wp2\/?page_id=1041"},"modified":"2023-02-13T20:09:10","modified_gmt":"2023-02-14T03:09:10","slug":"la-capilla","status":"publish","type":"page","link":"https:\/\/haciendadelossantos.com\/wp2\/es\/la-capilla\/","title":{"rendered":"La Capilla"},"content":{"rendered":"<p><img loading=\"lazy\" decoding=\"async\" class=\"alignnone size-full wp-image-1043\" src=\"https:\/\/haciendadelossantos.com\/wp2\/wp-content\/uploads\/2023\/02\/capilla-moonlight.jpg\" alt=\"capilla-moonlight\" width=\"1024\" height=\"768\" srcset=\"https:\/\/haciendadelossantos.com\/wp2\/wp-content\/uploads\/2023\/02\/capilla-moonlight.jpg 1024w, https:\/\/haciendadelossantos.com\/wp2\/wp-content\/uploads\/2023\/02\/capilla-moonlight-300x225.jpg 300w, https:\/\/haciendadelossantos.com\/wp2\/wp-content\/uploads\/2023\/02\/capilla-moonlight-768x576.jpg 768w\" sizes=\"auto, (max-width: 1024px) 100vw, 1024px\" \/><\/p>\n<p><strong>Jim y Nancy Swickard<\/strong> comenzaron a coleccionar arte y objetos religiosos mexicanos en 1971 cuando viv\u00edan en Rancho Santa Fe, California, donde restauraron un hogar \u00abterritorial espa\u00f1ol\u00bb. El primer arte religioso que compraron es el \u00f3leo de la \u00abSe\u00f1ora de Guadalupe\u00bb que puede ver a su derecha. Fue pintado por un artista mexicano viajero a fines de la d\u00e9cada de 1840 en Trinidad, Colorado. Los Swickards compraron la pintura en 1971 de la Iglesia Cat\u00f3lica de la Sant\u00edsima Trinidad, durante la \u00e9poca del Vaticano II, cuando muchos objetos religiosos fueron retirados de las iglesias.<\/p>\n<p>La colecci\u00f3n de &#8216;<strong>Retablos Mexicanos&#8217;<\/strong> representa 50 a\u00f1os de recolecci\u00f3n por el Sr. Ralph Gray de Patzquaro, Michoac\u00e1n. Fueron vendidos a los Swickards antes de su mudanza a M\u00e9xico en 1989. Estos representan algunos de los mejores retablos debido a su tema y condici\u00f3n, y datan de mediados del siglo XIX. Son pinturas en hojalata, y algunas en cobre, que se pod\u00edan comprar por unos pocos pesos en el siglo XIX, para tener un \u00abaltar\u00bb en la casa. Cuando la parte principal de <strong>Hacienda de los Santos<\/strong> fue la casa de la familia Swickard de 1989 a 1999, esta colecci\u00f3n de retablos se exhibi\u00f3 en su comedor, por lo tanto, \u00abCasa de los Santos\u00bb y m\u00e1s tarde, \u00ab<strong>Hacienda de los Santos<\/strong>\u00ab.<\/p>\n<p>La \u00ab<strong>Capilla de los Santos<\/strong>\u00bb es una reproducci\u00f3n id\u00e9ntica de la primera misi\u00f3n del norte de M\u00e9xico, que es la actual San Antonio, Texas. Utilizando planos e informaci\u00f3n de la Biblioteca del Congreso de EE. UU., Los Swickards pudieron reproducir fielmente la iglesia \u00ab<strong>San Francisco de Espada<\/strong>\u00ab, que es parte del sistema de parques nacionales de EE. UU, cerca del \u00c1lamo. La iglesia original fue construida a finales de 1600 y luego, despu\u00e9s de ser destruida por grupos ind\u00edgenas, fue reconstruida en el sitio actual en la d\u00e9cada de 1740. Las t\u00e9cnicas de construcci\u00f3n de la Capilla de los Santos fueron casi id\u00e9nticas a las utilizadas para la iglesia original de &#8216;<strong>San Francisco de Espada<\/strong>&#8216; construida por los Jesuitas en el siglo XVIII.<\/p>\n<p style=\"text-align: left;\"><img loading=\"lazy\" decoding=\"async\" class=\"alignnone size-medium wp-image-1044\" src=\"https:\/\/haciendadelossantos.com\/wp2\/wp-content\/uploads\/2023\/02\/capilla-altar-300x240.jpg\" alt=\"capilla-altar\" width=\"300\" height=\"240\" srcset=\"https:\/\/haciendadelossantos.com\/wp2\/wp-content\/uploads\/2023\/02\/capilla-altar-300x240.jpg 300w, https:\/\/haciendadelossantos.com\/wp2\/wp-content\/uploads\/2023\/02\/capilla-altar-768x614.jpg 768w, https:\/\/haciendadelossantos.com\/wp2\/wp-content\/uploads\/2023\/02\/capilla-altar.jpg 950w\" sizes=\"auto, (max-width: 300px) 100vw, 300px\" \/><\/p>\n<p>El altar barroco fue dise\u00f1ado y construido por el famoso mexicano <strong>Sr. Agust\u00edn Parra de Tlaquepaque, Jalisco<\/strong>. Sr. Parra ha sido el \u00abtallador\u00bb de los dos \u00faltimos Papa en el Vaticano y cre\u00f3 las dos sillas de estilo barroco que utilizan para eventos p\u00fablicos.<\/p>\n<p><strong>Las campanas<\/strong> fueron hechas a mano y creadas por la familia mexicana de 4ta generaci\u00f3n de campanas de David Arteaga Huesca de Guadalajara.<\/p>\n<p><strong>Las Estaciones de la Cruz<\/strong> fueron pintadas a mano por el esposo de Jamie Alcantar Swickard, Ramon Alcantar, en reproducciones de modelos de la d\u00e9cada de 1800 y fueron ubicadas en St. Louis, Missouri por los Swickards.<\/p>\n<p><strong>La pieza central<\/strong> de esta exhibici\u00f3n del museo es un Rosario que fue propiedad del bisabuelo, Sr. William Snell, de Nancy Snell Swickard. Lo llev\u00f3 a bordo del velero que lo llev\u00f3 de Irlanda a los Estados Unidos de Am\u00e9rica en el siglo XIX.<\/p>\n<p><strong>El piso de piedra es de Jalisco<\/strong> y las paredes son de ladrillo artesanal local y exterior de piedra. Las puertas de la iglesia son de Espa\u00f1a y las antiguas pilas de Agua Bendita son de origen colonial espa\u00f1ol. La estructura del techo est\u00e1 revestida con teja cer\u00e1mica y se utiliza para la captaci\u00f3n de agua con un aljibe bajo el patio exterior con una capacidad superior a los 100.000 litros.<\/p>\n<p><strong>El anfiteatro al aire<\/strong> libre se utiliza para actuaciones en vivo y est\u00e1 disponible para otros usos tambi\u00e9n para hasta 400 personas. La capilla tiene capacidad para 110 personas para bodas y otros eventos.<\/p>\n<p><strong>La familia Swickard<\/strong> espera que los visitantes de \u00ab<strong>Capilla de los Santos<\/strong>\u00bb sean una inspiraci\u00f3n para personas de todas las religiones. Jim, Nancy, Jamie y Jodi Swickard dedican este edificio a Dios, de quien fluyen todas las bendiciones, mientras dure este edificio.<\/p>","protected":false},"excerpt":{"rendered":"<p>\nJim y Nancy Swickard comenzaron a coleccionar arte y objetos religiosos mexicanos en 1971 cuando viv\u00edan en Rancho Santa <\/p>\n","protected":false},"author":1,"featured_media":1042,"parent":0,"menu_order":0,"comment_status":"closed","ping_status":"closed","template":"","meta":{"footnotes":""},"class_list":["post-1041","page","type-page","status-publish","has-post-thumbnail","hentry"],"_links":{"self":[{"href":"https:\/\/haciendadelossantos.com\/wp2\/es\/wp-json\/wp\/v2\/pages\/1041","targetHints":{"allow":["GET"]}}],"collection":[{"href":"https:\/\/haciendadelossantos.com\/wp2\/es\/wp-json\/wp\/v2\/pages"}],"about":[{"href":"https:\/\/haciendadelossantos.com\/wp2\/es\/wp-json\/wp\/v2\/types\/page"}],"author":[{"embeddable":true,"href":"https:\/\/haciendadelossantos.com\/wp2\/es\/wp-json\/wp\/v2\/users\/1"}],"replies":[{"embeddable":true,"href":"https:\/\/haciendadelossantos.com\/wp2\/es\/wp-json\/wp\/v2\/comments?post=1041"}],"version-history":[{"count":1,"href":"https:\/\/haciendadelossantos.com\/wp2\/es\/wp-json\/wp\/v2\/pages\/1041\/revisions"}],"predecessor-version":[{"id":1046,"href":"https:\/\/haciendadelossantos.com\/wp2\/es\/wp-json\/wp\/v2\/pages\/1041\/revisions\/1046"}],"wp:featuredmedia":[{"embeddable":true,"href":"https:\/\/haciendadelossantos.com\/wp2\/es\/wp-json\/wp\/v2\/media\/1042"}],"wp:attachment":[{"href":"https:\/\/haciendadelossantos.com\/wp2\/es\/wp-json\/wp\/v2\/media?parent=1041"}],"curies":[{"name":"wp","href":"https:\/\/api.w.org\/{rel}","templated":true}]}}